{"id":2835,"date":"2024-12-05T12:39:15","date_gmt":"2024-12-05T12:39:15","guid":{"rendered":"https:\/\/vpnly.com\/about-us\/"},"modified":"2025-10-08T10:46:28","modified_gmt":"2025-10-08T10:46:28","slug":"about-us","status":"publish","type":"page","link":"https:\/\/vpnly.com\/de\/about-us\/","title":{"rendered":"About us"},"content":{"rendered":"<section class=\"hero-two-columns alignfull wp-block-vpnly-hero-two-columns\">\n\t<div class=\"container\">\n\t\t<div class=\"hero-two-columns__box\">\n\t\t\t\n\n<div class=\"wp-block-group hero-two-columns__image is-layout-flow wp-block-group-is-layout-flow\">\n<figure class=\"wp-block-image\"><img decoding=\"async\" src=\"https:\/\/vpnly.com\/wp-content\/uploads\/2024\/10\/about-us-img-2.svg\" alt=\"\"\/><\/figure>\n<\/div>\n\n\n\n<h1 class=\"wp-block-heading\">Kostenloses Internet f\u00fcr alle von <span style=\"color: #f7971e;\">VPNLY<\/span>!<\/h1>\n\n\n\n<p>Wir von VPNLY haben es uns zur Aufgabe gemacht, die Sicherheit aller Ihrer Online-Aktivit\u00e4ten zu gew\u00e4hrleisten.<br><br>Wir sch\u00fctzen Sie vor Online-Gefahren und sorgen f\u00fcr Sicherheit, Privatsph\u00e4re und Freiheit. Ein 100% kostenloser VPN-Dienst, der einen Unterschied macht.<\/p>\n\n\t\t<\/div>\n\t<\/div>\n<\/section>\n\n\n\n<section class=\"section vpnly-section   background--ui-2   alignfull wp-block-vpnly-section\">\n    <div class=\"container\">\n\t\t\n\n<h2 class=\"wp-block-heading has-text-align-center\" style=\"margin-bottom:var(--wp--preset--spacing--content-2-xl)\">UNSERE MISSION<\/h2>\n\n\n\n<p class=\"has-text-align-center is-style-narrow-512\"  class=\"has-text-align-center\" style=\"margin-bottom:var(--wp--preset--spacing--content-4-xl-2)\">VPNLY ist ein kostenloser Dienst, der Ihre Daten sch\u00fctzt und einen uneingeschr\u00e4nkten Internetzugang erm\u00f6glicht.<\/p>\n\n\n\n<section class=\"icon-card__wrapper columns--3 alignfull wp-block-vpnly-card-list\">\n    \n\n<div class=\"icon-card__item icon-card-item background--ui-3 wp-block-vpnly-card-item\">\n    <div class=\"icon-card-item__title mb-16\">\n                    <div class=\"icon-card-item__img\">\n                <img decoding=\"async\" src=\"https:\/\/vpnly.com\/wp-content\/uploads\/2024\/06\/download-cards-icon-4.svg\" alt=\"\" aria-hidden=\"true\" role=\"presentation\" width=\"34\" height=\"35\" \/>            <\/div>\n                <h3 class=\"title-h4\">ROBUSTE SICHERHEIT<\/h3>    <\/div>\n    <div class=\"icon-card-item__content\">Sorgenfrei surfen. VPNLY sichert Ihre Daten mit einer 256-Bit-Verschl\u00fcsselung in Bankqualit\u00e4t und gew\u00e4hrleistet so vollst\u00e4ndige Anonymit\u00e4t im Internet.<\/div><\/div>\n\n\n<div class=\"icon-card__item icon-card-item background--ui-3 wp-block-vpnly-card-item\">\n    <div class=\"icon-card-item__title mb-16\">\n                    <div class=\"icon-card-item__img\">\n                <img decoding=\"async\" src=\"https:\/\/vpnly.com\/wp-content\/uploads\/2024\/06\/download-cards-icon-4.svg\" alt=\"\" aria-hidden=\"true\" role=\"presentation\" width=\"34\" height=\"35\" \/>            <\/div>\n                <h3 class=\"title-h4\">ULTRA-ZUVERL\u00c4SSIGE VERBINDUNGEN<\/h3>    <\/div>\n    <div class=\"icon-card-item__content\">W\u00e4hlen Sie aus verschiedenen sicheren Protokollen (IKEV2, OpenVPN oder XRay), um die ideale Mischung aus Geschwindigkeit und Sicherheit zu finden, die auf Ihre Anforderungen zugeschnitten ist.<\/div><\/div>\n\n\n<div class=\"icon-card__item icon-card-item background--ui-3 wp-block-vpnly-card-item\">\n    <div class=\"icon-card-item__title mb-16\">\n                    <div class=\"icon-card-item__img\">\n                <img decoding=\"async\" src=\"https:\/\/vpnly.com\/wp-content\/uploads\/2024\/06\/download-cards-icon-4.svg\" alt=\"\" aria-hidden=\"true\" role=\"presentation\" width=\"34\" height=\"35\" \/>            <\/div>\n                <h3 class=\"title-h4\">BESCHR\u00c4NKUNGEN \u00dcBERWINDEN<\/h3>    <\/div>\n    <div class=\"icon-card-item__content\">Greifen Sie unabh\u00e4ngig von Ihrem Standort auf beliebige Websites oder Inhalte zu. Streamen, browsen und erkunden Sie das Web frei.<\/div><\/div>\n<\/section>\n\n    <\/div>\n<\/section>\n\n\n\n<section class=\"section vpnly-section   background--   alignfull wp-block-vpnly-section\">\n    <div class=\"container\">\n\t\t\n\n<div class=\"freedom alignfull wp-block-vpnly-freedom-and-safety\">\n  <div class=\"freedom__wrapper\">\n    <div class=\"freedom__column freedom__content\">\n      <div class=\"freedom__heading\">\n      <h2 class=\"section-title\">FREIHEIT UND SICHERHEIT<\/h2><div class=\"freedom__text\">In einer Zeit zunehmender Zensur sind wir hier, um Ihre pers\u00f6nliche Freiheit und Online-Sicherheit zu gew\u00e4hrleisten. Unser Ziel ist es, Ihre Daten privat zu halten, Ihr Surfen zu sch\u00fctzen und Ihre Anonymit\u00e4t zu wahren. Genie\u00dfen Sie vollen Zugang zu Online-Informationen, sicher und anonym.<br \/>\r\n<br \/>\r\nWir bieten vollen Zugang zu Online-Informationen und gew\u00e4hrleisten gleichzeitig Ihre Privatsph\u00e4re und Sicherheit.<\/div>      <\/div>\n    <\/div>\n    <div class=\"freedom__column freedom__img\">\n      <img decoding=\"async\" width=\"1300\" height=\"802\" src=\"https:\/\/vpnly.com\/wp-content\/uploads\/2024\/11\/Img-2-1.png\" class=\"attachment-full size-full\" alt=\"\" srcset=\"https:\/\/vpnly.com\/wp-content\/uploads\/2024\/11\/Img-2-1.png 1300w, https:\/\/vpnly.com\/wp-content\/uploads\/2024\/11\/Img-2-1-300x185.png 300w, https:\/\/vpnly.com\/wp-content\/uploads\/2024\/11\/Img-2-1-1024x632.png 1024w, https:\/\/vpnly.com\/wp-content\/uploads\/2024\/11\/Img-2-1-768x474.png 768w\" sizes=\"(max-width: 1300px) 100vw, 1300px\" \/>    <\/div>\n    <div class=\"freedom__img--mobile\">\n          <\/div>\n  <\/div>\n<\/div>\n\n\n<section class=\"icon-card__wrapper columns--2 alignfull wp-block-vpnly-card-list\">\n    \n\n<div class=\"icon-card__item icon-card-item background--ui-9 wp-block-vpnly-card-item\">\n    <div class=\"icon-card-item__title mb-20\">\n                    <div class=\"icon-card-item__img\">\n                <img decoding=\"async\" src=\"https:\/\/vpnly.com\/wp-content\/uploads\/2024\/06\/download-cards-icon-3.svg\" alt=\"\" aria-hidden=\"true\" role=\"presentation\" width=\"34\" height=\"35\" \/>            <\/div>\n                <h3 class=\"title-h4\">PRIVACY PROTECTION<\/h3>    <\/div>\n    <div class=\"icon-card-item__content\">We ensure your privacy by encrypting your traffic and using secure connections. Your online activities are always protected. We&#8217;re available around the clock to maintain your privacy. Our privacy policy is transparent, and we promptly inform you of any changes.<\/div><\/div>\n\n\n<div class=\"icon-card__item icon-card-item background--ui-9 wp-block-vpnly-card-item\">\n    <div class=\"icon-card-item__title mb-20\">\n                    <div class=\"icon-card-item__img\">\n                <img decoding=\"async\" src=\"https:\/\/vpnly.com\/wp-content\/uploads\/2024\/06\/lock.svg\" alt=\"\" aria-hidden=\"true\" role=\"presentation\" width=\"34\" height=\"35\" \/>            <\/div>\n                <h3 class=\"title-h4\">OUR VALUES<\/h3>    <\/div>\n    <div class=\"icon-card-item__content\">We believe everyone should have online security and the freedom to control their internet activities. At VPNLY, we aim to protect your privacy, let you enjoy unrestricted browsing, and evade targeted advertising based on your IP location.<\/div><\/div>\n<\/section>\n\n    <\/div>\n<\/section>\n\n\n\n<section class=\"section vpnly-section   background--ui-2   alignfull wp-block-vpnly-section\">\n    <div class=\"container\">\n\t\t\n\n<div class=\"digital alignfull wp-block-vpnly-digital-rights\">\n  <div class=\"digital__box\">\n    <div class=\"digital__content\">\n      <h2 class=\"section-title color-white\"><mark style=\"background-color:rgba(0, 0, 0, 0)\" class=\"has-inline-color has-orange-color\">DIGITALE<\/mark> RECHTE<\/h2><div class=\"section-description color-white\"><p>VPNLY legt gr\u00f6\u00dften Wert auf Ihre Privatsph\u00e4re und Anonymit\u00e4t im Internet. Erleben Sie ein wirklich privates Internet mit VPNLY.<\/p><\/div>    <\/div>\n    <div class=\"digital__wrapper\">\n      <div class=\"digital__row\">\n        \n\n<div class=\"digital__column wp-block-vpnly-digital-rights-card\">\n    <div class=\"digital__item digital-item color-white\">\n        <h4 class=\"color-orange digital-item__title\">NULL-PROTOKOLL-POLITIK<\/h4>\n        <p class=\"digital-item__content\">Wir verfolgen und speichern Ihre Daten nicht<\/p>\n    <\/div>\n<\/div>\n\n\n<div class=\"digital__column wp-block-vpnly-digital-rights-card\">\n    <div class=\"digital__item digital-item color-white\">\n        <h4 class=\"color-orange digital-item__title\">ANONYM STARTEN<\/h4>\n        <p class=\"digital-item__content\">Verbinden Sie sich, ohne sich anzumelden oder pers\u00f6nliche Informationen preiszugeben.<\/p>\n    <\/div>\n<\/div>\n\n\n<div class=\"digital__column wp-block-vpnly-digital-rights-card\">\n    <div class=\"digital__item digital-item color-white\">\n        <h4 class=\"color-orange digital-item__title\">V\u00f6llig kostenlos<\/h4>\n        <p class=\"digital-item__content\">Wir bieten einen v\u00f6llig kostenlosen VPN-Dienst. Keine versteckten Geb\u00fchren.<\/p>\n    <\/div>\n<\/div>\n\n\n<div class=\"digital__column wp-block-vpnly-digital-rights-card\">\n    <div class=\"digital__item digital-item color-white\">\n        <h4 class=\"color-orange digital-item__title\">BENUTZEN SIE<\/h4>\n        <p class=\"digital-item__content\">Genie\u00dfen Sie VPNLY ohne jegliche Einschr\u00e4nkungen<\/p>\n    <\/div>\n<\/div>\n      <\/div>\n          <\/div>\n  <\/div>\n<\/div>\n\n    <\/div>\n<\/section>\n\n\n\n<section class=\"fcp section alignfull wp-block-vpnly-hero\">\n\t<div class=\"container\">\n\t\t<div class=\"fcp__content\">\n\t\t\t<h2>UNSERE GESCHICHTE<\/h2><p>VPNLY wurde 2017 gegr\u00fcndet, um sowohl Freiheit als auch Sicherheit in der Online-Welt zu bieten. W\u00e4hrend Bedrohungen wie Werbetreibende und Betr\u00fcger im Internet weit verbreitet sind, bieten wir einen sicheren VPN-Dienst mit 4 Standorten. Vertrauen Sie VPNLY f\u00fcr Sicherheit im Internet, wie Hunderttausende andere.<\/p>\t\t\t\t\t\t<div class=\"fcp__img\">\n\t\t\t\t<div class=\"fcp__img-wrapper\">\n\t\t\t\t<img fetchpriority=\"high\" width=\"388\" height=\"230\" src=\"https:\/\/vpnly.com\/wp-content\/uploads\/2024\/10\/Frame-738001414-388x230.webp\" class=\"main__img no-lazy-fcp\" alt=\"\" sizes=\"(max-width: 768px) 388px, 860px\" loading=\"eager\" decoding=\"sync\" srcset=\"https:\/\/vpnly.com\/wp-content\/uploads\/2024\/10\/Frame-738001414-388x230.webp 388w, https:\/\/vpnly.com\/wp-content\/uploads\/2024\/10\/Frame-738001414-300x178.webp 300w, https:\/\/vpnly.com\/wp-content\/uploads\/2024\/10\/Frame-738001414-1024x606.webp 1024w, https:\/\/vpnly.com\/wp-content\/uploads\/2024\/10\/Frame-738001414-768x455.webp 768w, https:\/\/vpnly.com\/wp-content\/uploads\/2024\/10\/Frame-738001414-1536x909.webp 1536w, https:\/\/vpnly.com\/wp-content\/uploads\/2024\/10\/Frame-738001414.webp 1720w\" \/>                    <img decoding=\"async\" src=\"https:\/\/vpnly.com\/wp-content\/themes\/vpnly\/assets\/images\/header\/bg-left.svg\" alt=\"\" aria-hidden=\"true\" role=\"presentation\" width=\"402\" height=\"785\" class=\"fcp__img-left no-lazy\" \/>\n                    <img decoding=\"async\" src=\"https:\/\/vpnly.com\/wp-content\/themes\/vpnly\/assets\/images\/header\/bg-right.svg\" alt=\"\" aria-hidden=\"true\" role=\"presentation\" width=\"401\" height=\"785\" class=\"fcp__img-right no-lazy\" \/>\n\t\t\t\t<\/div>\n\t\t\t<\/div>\n\t\t<\/div>\n\n\t\t\t<\/div>\n<\/section>\n","protected":false},"excerpt":{"rendered":"","protected":false},"author":1,"featured_media":0,"parent":0,"menu_order":0,"comment_status":"closed","ping_status":"closed","template":"","meta":{"_acf_changed":false,"footnotes":""},"class_list":["post-2835","page","type-page","status-publish","hentry"],"acf":[],"yoast_head":"<!-- This site is optimized with the Yoast SEO plugin v24.6 - https:\/\/yoast.com\/wordpress\/plugins\/seo\/ -->\n<meta name=\"description\" content=\"Nutzen Sie ein kostenloses VPN von VPNLY und sorgen Sie f\u00fcr Ihre Online-Sicherheit und Privatsph\u00e4re.\" \/>\n<meta name=\"robots\" content=\"index, follow, max-snippet:-1, max-image-preview:large, max-video-preview:-1\" \/>\n<link rel=\"canonical\" href=\"https:\/\/vpnly.com\/de\/about-us\/\" \/>\n<meta property=\"og:locale\" content=\"de_DE\" \/>\n<meta property=\"og:type\" content=\"article\" \/>\n<meta property=\"og:title\" content=\"\u00dcber uns | VPNLY\" \/>\n<meta property=\"og:description\" content=\"Nutzen Sie ein kostenloses VPN von VPNLY und sorgen Sie f\u00fcr Ihre Online-Sicherheit und Privatsph\u00e4re.\" \/>\n<meta property=\"og:url\" content=\"https:\/\/vpnly.com\/de\/about-us\/\" \/>\n<meta property=\"og:site_name\" content=\"VPNLY\" \/>\n<meta property=\"article:modified_time\" content=\"2025-10-08T10:46:28+00:00\" \/>\n<meta property=\"og:image\" content=\"https:\/\/vpnly.com\/wp-content\/uploads\/2024\/10\/about-us-img-2.svg\" \/>\n<meta name=\"twitter:card\" content=\"summary_large_image\" \/>\n<meta name=\"twitter:label1\" content=\"Est. reading time\" \/>\n\t<meta name=\"twitter:data1\" content=\"1 Minute\" \/>\n<script type=\"application\/ld+json\" class=\"yoast-schema-graph\">{\"@context\":\"https:\/\/schema.org\",\"@graph\":[{\"@type\":\"WebPage\",\"@id\":\"https:\/\/vpnly.com\/de\/about-us\/\",\"url\":\"https:\/\/vpnly.com\/de\/about-us\/\",\"name\":\"\u00dcber uns | VPNLY\",\"isPartOf\":{\"@id\":\"https:\/\/vpnly.com\/de\/#website\"},\"primaryImageOfPage\":{\"@id\":\"https:\/\/vpnly.com\/de\/about-us\/#primaryimage\"},\"image\":{\"@id\":\"https:\/\/vpnly.com\/de\/about-us\/#primaryimage\"},\"thumbnailUrl\":\"https:\/\/vpnly.com\/wp-content\/uploads\/2024\/10\/about-us-img-2.svg\",\"datePublished\":\"2024-12-05T12:39:15+00:00\",\"dateModified\":\"2025-10-08T10:46:28+00:00\",\"description\":\"Nutzen Sie ein kostenloses VPN von VPNLY und sorgen Sie f\u00fcr Ihre Online-Sicherheit und Privatsph\u00e4re.\",\"inLanguage\":\"de\",\"potentialAction\":[{\"@type\":\"ReadAction\",\"target\":[\"https:\/\/vpnly.com\/de\/about-us\/\"]}]},{\"@type\":\"ImageObject\",\"inLanguage\":\"de\",\"@id\":\"https:\/\/vpnly.com\/de\/about-us\/#primaryimage\",\"url\":\"https:\/\/vpnly.com\/wp-content\/uploads\/2024\/10\/about-us-img-2.svg\",\"contentUrl\":\"https:\/\/vpnly.com\/wp-content\/uploads\/2024\/10\/about-us-img-2.svg\"},{\"@type\":\"WebSite\",\"@id\":\"https:\/\/vpnly.com\/de\/#website\",\"url\":\"https:\/\/vpnly.com\/de\/\",\"name\":\"VPNLY \u2b50\ufe0f Free VPN\",\"description\":\"\",\"publisher\":{\"@id\":\"https:\/\/vpnly.com\/de\/#organization\"},\"alternateName\":\"VPNly\",\"potentialAction\":[{\"@type\":\"SearchAction\",\"target\":{\"@type\":\"EntryPoint\",\"urlTemplate\":\"https:\/\/vpnly.com\/de\/?s={search_term_string}\"},\"query-input\":{\"@type\":\"PropertyValueSpecification\",\"valueRequired\":true,\"valueName\":\"search_term_string\"}}],\"inLanguage\":\"de\"},{\"@type\":\"Organization\",\"@id\":\"https:\/\/vpnly.com\/de\/#organization\",\"name\":\"VPNLY \u2b50\ufe0f Free VPN\",\"alternateName\":\"VPNLY\",\"url\":\"https:\/\/vpnly.com\/de\/\",\"logo\":{\"@type\":\"ImageObject\",\"inLanguage\":\"de\",\"@id\":\"https:\/\/vpnly.com\/de\/#\/schema\/logo\/image\/\",\"url\":\"https:\/\/vpnly.com\/wp-content\/uploads\/2025\/08\/about-us-img-2.svg\",\"contentUrl\":\"https:\/\/vpnly.com\/wp-content\/uploads\/2025\/08\/about-us-img-2.svg\",\"width\":530,\"height\":530,\"caption\":\"VPNLY \u2b50\ufe0f Free VPN\"},\"image\":{\"@id\":\"https:\/\/vpnly.com\/de\/#\/schema\/logo\/image\/\"}},{\"@context\":\"https:\/\/schema.org\/\",\"@type\":\"SoftwareApplication\",\"name\":\"VPNLY\",\"operatingSystem\":\"Windows, macOS, iOS, Android, Linux, Chrome\",\"applicationCategory\":\"SecurityApplication\",\"aggregateRating\":{\"@type\":\"AggregateRating\",\"ratingValue\":\"4.8\",\"bestRating\":\"5\",\"ratingCount\":\"25\"},\"offers\":{\"@type\":\"AggregateOffer\",\"priceCurrency\":\"USD\",\"price\":\"0\",\"lowPrice\":\"0\",\"availability\":\"https:\/\/schema.org\/InStock\"}}]}<\/script>\n<!-- \/ Yoast SEO plugin. -->","yoast_head_json":{"description":"Nutzen Sie ein kostenloses VPN von VPNLY und sorgen Sie f\u00fcr Ihre Online-Sicherheit und Privatsph\u00e4re.","robots":{"index":"index","follow":"follow","max-snippet":"max-snippet:-1","max-image-preview":"max-image-preview:large","max-video-preview":"max-video-preview:-1"},"canonical":"https:\/\/vpnly.com\/de\/about-us\/","og_locale":"de_DE","og_type":"article","og_title":"\u00dcber uns | VPNLY","og_description":"Nutzen Sie ein kostenloses VPN von VPNLY und sorgen Sie f\u00fcr Ihre Online-Sicherheit und Privatsph\u00e4re.","og_url":"https:\/\/vpnly.com\/de\/about-us\/","og_site_name":"VPNLY","article_modified_time":"2025-10-08T10:46:28+00:00","og_image":[{"url":"https:\/\/vpnly.com\/wp-content\/uploads\/2024\/10\/about-us-img-2.svg","type":"","width":"","height":""}],"twitter_card":"summary_large_image","twitter_misc":{"Est. reading time":"1 Minute"},"schema":{"@context":"https:\/\/schema.org","@graph":[{"@type":"WebPage","@id":"https:\/\/vpnly.com\/de\/about-us\/","url":"https:\/\/vpnly.com\/de\/about-us\/","name":"\u00dcber uns | VPNLY","isPartOf":{"@id":"https:\/\/vpnly.com\/de\/#website"},"primaryImageOfPage":{"@id":"https:\/\/vpnly.com\/de\/about-us\/#primaryimage"},"image":{"@id":"https:\/\/vpnly.com\/de\/about-us\/#primaryimage"},"thumbnailUrl":"https:\/\/vpnly.com\/wp-content\/uploads\/2024\/10\/about-us-img-2.svg","datePublished":"2024-12-05T12:39:15+00:00","dateModified":"2025-10-08T10:46:28+00:00","description":"Nutzen Sie ein kostenloses VPN von VPNLY und sorgen Sie f\u00fcr Ihre Online-Sicherheit und Privatsph\u00e4re.","inLanguage":"de","potentialAction":[{"@type":"ReadAction","target":["https:\/\/vpnly.com\/de\/about-us\/"]}]},{"@type":"ImageObject","inLanguage":"de","@id":"https:\/\/vpnly.com\/de\/about-us\/#primaryimage","url":"https:\/\/vpnly.com\/wp-content\/uploads\/2024\/10\/about-us-img-2.svg","contentUrl":"https:\/\/vpnly.com\/wp-content\/uploads\/2024\/10\/about-us-img-2.svg"},{"@type":"WebSite","@id":"https:\/\/vpnly.com\/de\/#website","url":"https:\/\/vpnly.com\/de\/","name":"VPNLY \u2b50\ufe0f Free VPN","description":"","publisher":{"@id":"https:\/\/vpnly.com\/de\/#organization"},"alternateName":"VPNly","potentialAction":[{"@type":"SearchAction","target":{"@type":"EntryPoint","urlTemplate":"https:\/\/vpnly.com\/de\/?s={search_term_string}"},"query-input":{"@type":"PropertyValueSpecification","valueRequired":true,"valueName":"search_term_string"}}],"inLanguage":"de"},{"@type":"Organization","@id":"https:\/\/vpnly.com\/de\/#organization","name":"VPNLY \u2b50\ufe0f Free VPN","alternateName":"VPNLY","url":"https:\/\/vpnly.com\/de\/","logo":{"@type":"ImageObject","inLanguage":"de","@id":"https:\/\/vpnly.com\/de\/#\/schema\/logo\/image\/","url":"https:\/\/vpnly.com\/wp-content\/uploads\/2025\/08\/about-us-img-2.svg","contentUrl":"https:\/\/vpnly.com\/wp-content\/uploads\/2025\/08\/about-us-img-2.svg","width":530,"height":530,"caption":"VPNLY \u2b50\ufe0f Free VPN"},"image":{"@id":"https:\/\/vpnly.com\/de\/#\/schema\/logo\/image\/"}},{"@context":"https:\/\/schema.org\/","@type":"SoftwareApplication","name":"VPNLY","operatingSystem":"Windows, macOS, iOS, Android, Linux, Chrome","applicationCategory":"SecurityApplication","aggregateRating":{"@type":"AggregateRating","ratingValue":"4.8","bestRating":"5","ratingCount":"25"},"offers":{"@type":"AggregateOffer","priceCurrency":"USD","price":"0","lowPrice":"0","availability":"https:\/\/schema.org\/InStock"}}]}},"_links":{"self":[{"href":"https:\/\/vpnly.com\/de\/wp-json\/wp\/v2\/pages\/2835","targetHints":{"allow":["GET"]}}],"collection":[{"href":"https:\/\/vpnly.com\/de\/wp-json\/wp\/v2\/pages"}],"about":[{"href":"https:\/\/vpnly.com\/de\/wp-json\/wp\/v2\/types\/page"}],"author":[{"embeddable":true,"href":"https:\/\/vpnly.com\/de\/wp-json\/wp\/v2\/users\/1"}],"replies":[{"embeddable":true,"href":"https:\/\/vpnly.com\/de\/wp-json\/wp\/v2\/comments?post=2835"}],"version-history":[{"count":1,"href":"https:\/\/vpnly.com\/de\/wp-json\/wp\/v2\/pages\/2835\/revisions"}],"predecessor-version":[{"id":157013,"href":"https:\/\/vpnly.com\/de\/wp-json\/wp\/v2\/pages\/2835\/revisions\/157013"}],"wp:attachment":[{"href":"https:\/\/vpnly.com\/de\/wp-json\/wp\/v2\/media?parent=2835"}],"curies":[{"name":"wp","href":"https:\/\/api.w.org\/{rel}","templated":true}]}}