{"id":2997,"date":"2024-07-01T10:15:39","date_gmt":"2024-07-01T10:15:39","guid":{"rendered":"https:\/\/vpnly.com\/cookies\/"},"modified":"2025-11-19T11:00:11","modified_gmt":"2025-11-19T11:00:11","slug":"cookies","status":"publish","type":"page","link":"https:\/\/vpnly.com\/de\/cookies\/","title":{"rendered":"Cookie-Richtlinie"},"content":{"rendered":"\n<p>FREE VPN UNLIMITED (im Folgenden als \u201eUnternehmen\u201c, \u201ewir\u201c oder \u201eunser\u201c bezeichnet) ist Eigent\u00fcmer und Betreiber des unter dem Markennamen VPNLY bekannten VPN-Dienstes (im Folgenden als \u201eVPNLY\u201c oder \u201eder Dienst\u201c bezeichnet).<\/p>\n\n\n\n<p>Im Interesse der Klarheit und Einheitlichkeit kann sich der Begriff VPNLY im Folgenden sowohl auf die Marke als auch auf das Unternehmen beziehen, das den Dienst betreibt.<\/p>\n\n\n\n<h2 class=\"wp-block-heading\">G\u00fcltigkeitsdatum:<\/h2>\n\n\n\n<p>Bei VPNLY verwenden wir Cookies, Pixel und vergleichbare Technologien (zusammenfassend als \u201eCookies\u201c bezeichnet), um den reibungslosen Betrieb unserer Websites (vpnly.com und zugeh\u00f6rige Domains), VPNLY-Anwendungen und anderer verbundener Dienste (zusammenfassend als \u201eDienste\u201c bezeichnet) sicherzustellen. Diese Cookie-Richtlinie soll unsere Datenschutzrichtlinie erg\u00e4nzen. Sie beschreibt, was Cookies sind, welche Arten wir verwenden, die Gr\u00fcnde f\u00fcr ihre Verwendung und wie Sie sie verwalten k\u00f6nnen.<\/p>\n\n\n\n<h2 class=\"wp-block-heading\">Was sind Cookies?<\/h2>\n\n\n\n<p>Diese kleinen Textdateien werden beim Besuch einer Website im Browser des Endnutzers gespeichert. Diese Dateien enthalten verschl\u00fcsselte Informationen, in der Regel eine Folge von Buchstaben und Zahlen, die der Website helfen, das Ger\u00e4t des Nutzers zu erkennen und seine Pr\u00e4ferenzen f\u00fcr zuk\u00fcnftige Besuche zu speichern. Die Verwendung von Cookies verbessert nachweislich die Funktionalit\u00e4t, erleichtert das Surfen und erm\u00f6glicht die Verbesserung von Diensten. Insbesondere k\u00f6nnen diese Ger\u00e4te dem Ger\u00e4t, auf dem sie installiert sind, keinen Schaden zuf\u00fcgen.<\/p>\n\n\n\n<h2 class=\"wp-block-heading\">Kategorien der von uns verwendeten Cookies<\/h2>\n\n\n\n<h3 class=\"wp-block-heading\">Nach Quelle:<\/h3>\n\n\n\n<p>Erstanbieter-Cookies: Diese werden direkt von VPNLY-Websites oder -Anwendungen erstellt.<\/p>\n\n\n\n<p>Drittanbieter-Cookies: Diese Ressourcen werden von unseren vertrauensw\u00fcrdigen Partnern strategisch platziert, um Analysen, Zahlungen, Werbung und andere wichtige Funktionen zu erm\u00f6glichen.<\/p>\n\n\n\n<h3 class=\"wp-block-heading\">Nach Lebensdauer:<\/h3>\n\n\n\n<p>Sitzungscookies: Diese Daten werden automatisch gel\u00f6scht, wenn der Browser geschlossen wird.<\/p>\n\n\n\n<p>Persistente Cookies: Es ist unerl\u00e4sslich, die Sitzung bis zum Erreichen des festgelegten Ablaufdatums oder bis zur manuellen L\u00f6schung aufrechtzuerhalten.<\/p>\n\n\n\n<h3 class=\"wp-block-heading\">Nach Zweck:<\/h3>\n\n\n\n<p>Die folgenden Cookies sind unbedingt erforderlich: Sie sind unerl\u00e4sslich, um Sicherheitsma\u00dfnahmen zu erm\u00f6glichen, die Funktionalit\u00e4t wesentlicher Systeme zu gew\u00e4hrleisten und eine nahtlose Navigation zu erm\u00f6glichen. Ohne diese Komponenten kann die Funktionalit\u00e4t unserer Dienste beeintr\u00e4chtigt sein.<\/p>\n\n\n\n<p>Pr\u00e4ferenz-Cookies: Es ist unerl\u00e4sslich, Ihre Einstellungen, einschlie\u00dflich der Sprachpr\u00e4ferenz, zu speichern, um eine erneute Konfiguration zu vermeiden.<\/p>\n\n\n\n<p>Analytik-Cookies: Es ist unerl\u00e4sslich, anonymisierte Einblicke in die Art und Weise zu gewinnen, wie Besucher unsere Dienste nutzen. Dies hilft uns, Probleme zu identifizieren und zu beheben sowie die Leistung zu verbessern.<\/p>\n\n\n\n<p>Werbe-Cookies: Es ist unerl\u00e4sslich, Interaktionen mit unseren Websites und Marketingmaterialien aufzuzeichnen, damit wir relevante Angebote unterbreiten und die Wirksamkeit unserer Kampagnen messen k\u00f6nnen.<\/p>\n\n\n\n<p>Es ist wichtig zu beachten, dass alle von VPNLY verwendeten Cookies anonymisiert sind. Diese Cookies stehen in keinem Zusammenhang mit den VPN-Aktivit\u00e4ten, Verkehrsdaten oder pers\u00f6nlichen Identifikatoren einer Person. Es ist unbedingt zu beachten, dass die Trennung von Cookie-Daten und VPN-Nutzung mit \u00e4u\u00dferster Sorgfalt durchgef\u00fchrt wird, um die Privatsph\u00e4re der Nutzer bei der Nutzung des VPNLY-Netzwerks zu gew\u00e4hrleisten.<\/p>\n\n\n\n<h2 class=\"wp-block-heading\">Unsere vertrauensw\u00fcrdigen Partner<\/h2>\n\n\n\n<p>Das Unternehmen kann sich f\u00fcr Analysen, Zahlungsabwicklung, Betrugspr\u00e4vention, Sicherheit, Kundensupport und Werbung auf externe Anbieter verlassen. Dazu k\u00f6nnen geh\u00f6ren:<\/p>\n\n\n\n<p>Google \u2013 Analysen, Werbung, Sicherheitstools.<\/p>\n\n\n\n<p>Cloudflare \u2013 Netzwerkschutz und Leistungsoptimierung.<\/p>\n\n\n\n<p>Forter \u2013 Pr\u00e4vention von Zahlungsbetrug.<\/p>\n\n\n\n<p>Stripe \u2013 sichere Abwicklung von Online-Transaktionen.<\/p>\n\n\n\n<p>Microsoft \u2013 Werbung und Analysen.<\/p>\n\n\n\n<p>Zendesk \u2013 Live-Kundensupport.<\/p>\n\n\n\n<p>CJ Affiliate \u2013 Affiliate- und Empfehlungs-Tracking.<\/p>\n\n\n\n<p>Weitere Informationen zu deren Cookie-Praktiken finden Sie in den jeweiligen Datenschutzrichtlinien.<\/p>\n\n\n\n<h2 class=\"wp-block-heading\">So kontrollieren Sie Cookies<\/h2>\n\n\n\n<p>Die meisten Webbrowser bieten Benutzern die M\u00f6glichkeit, Cookies \u00fcber das Einstellungsmen\u00fc einzuschr\u00e4nken oder zu deaktivieren. Anleitungen finden Sie unter den folgenden Links:<\/p>\n\n\n\n<p>Chrome<\/p>\n\n\n\n<p>Safari<\/p>\n\n\n\n<p>Firefox<\/p>\n\n\n\n<p>Opera<\/p>\n\n\n\n<p>Edge<\/p>\n\n\n\n<p>Bitte beachten Sie unbedingt Folgendes: Das Deaktivieren von Cookies kann sich negativ auf die Leistung der Website auswirken und den Zugriff auf bestimmte Funktionen einschr\u00e4nken.<\/p>\n\n\n\n<h2 class=\"wp-block-heading\">Aktualisierungen dieser Richtlinie<\/h2>\n\n\n\n<p>Diese Cookie-Richtlinie kann regelm\u00e4\u00dfig \u00fcberarbeitet werden, um technologischen Fortschritten, regulatorischen \u00c4nderungen oder \u00c4nderungen bei der Verwendung von Cookies Rechnung zu tragen. Das oben auf dieser Seite angegebene Datum gibt stets die aktuellste Version an.<\/p>\n\n\n\n<h2 class=\"wp-block-heading\">Kontaktinformationen<\/h2>\n\n\n\n<p>Wenn Sie Fragen zu Cookies oder deren Verwendung durch VPNLY haben, wenden Sie sich bitte an: support@vpnly.com<\/p>\n\n\n\n<p>Bei Fragen zum Datenschutz wenden Sie sich bitte an unseren Datenschutzbeauftragten (DPO): support@vpnly.com<\/p>\n","protected":false},"excerpt":{"rendered":"<p>FREE VPN UNLIMITED (im Folgenden als \u201eUnternehmen\u201c, \u201ewir\u201c oder \u201eunser\u201c bezeichnet) ist Eigent\u00fcmer und Betreiber des unter dem Markennamen VPNLY bekannten VPN-Dienstes (im Folgenden als \u201eVPNLY\u201c oder \u201eder Dienst\u201c bezeichnet). Im Interesse der Klarheit und Einheitlichkeit kann sich der Begriff VPNLY im Folgenden sowohl auf die Marke als auch auf das Unternehmen beziehen, das den [&hellip;]<\/p>\n","protected":false},"author":1,"featured_media":0,"parent":0,"menu_order":0,"comment_status":"closed","ping_status":"closed","template":"page-terms.php","meta":{"_acf_changed":false,"footnotes":""},"class_list":["post-2997","page","type-page","status-publish","hentry"],"acf":[],"yoast_head":"<!-- This site is optimized with the Yoast SEO plugin v24.6 - https:\/\/yoast.com\/wordpress\/plugins\/seo\/ -->\n<meta name=\"description\" content=\"VPNLY Cookie-Richtlinie\" \/>\n<meta name=\"robots\" content=\"index, follow, max-snippet:-1, max-image-preview:large, max-video-preview:-1\" \/>\n<link rel=\"canonical\" href=\"https:\/\/vpnly.com\/de\/cookies\/\" \/>\n<meta property=\"og:locale\" content=\"de_DE\" \/>\n<meta property=\"og:type\" content=\"article\" \/>\n<meta property=\"og:title\" content=\"Cookie-Richtlinie - vpnly\" \/>\n<meta property=\"og:description\" content=\"VPNLY Cookie-Richtlinie\" \/>\n<meta property=\"og:url\" content=\"https:\/\/vpnly.com\/de\/cookies\/\" \/>\n<meta property=\"og:site_name\" content=\"VPNLY\" \/>\n<meta property=\"article:modified_time\" content=\"2025-11-19T11:00:11+00:00\" \/>\n<meta name=\"twitter:card\" content=\"summary_large_image\" \/>\n<meta name=\"twitter:label1\" content=\"Est. reading time\" \/>\n\t<meta name=\"twitter:data1\" content=\"3 Minuten\" \/>\n<script type=\"application\/ld+json\" class=\"yoast-schema-graph\">{\"@context\":\"https:\/\/schema.org\",\"@graph\":[{\"@type\":\"WebPage\",\"@id\":\"https:\/\/vpnly.com\/de\/cookies\/\",\"url\":\"https:\/\/vpnly.com\/de\/cookies\/\",\"name\":\"Cookie-Richtlinie - vpnly\",\"isPartOf\":{\"@id\":\"https:\/\/vpnly.com\/de\/#website\"},\"datePublished\":\"2024-07-01T10:15:39+00:00\",\"dateModified\":\"2025-11-19T11:00:11+00:00\",\"description\":\"VPNLY Cookie-Richtlinie\",\"inLanguage\":\"de\",\"potentialAction\":[{\"@type\":\"ReadAction\",\"target\":[\"https:\/\/vpnly.com\/de\/cookies\/\"]}]},{\"@type\":\"WebSite\",\"@id\":\"https:\/\/vpnly.com\/de\/#website\",\"url\":\"https:\/\/vpnly.com\/de\/\",\"name\":\"VPNLY \u2b50\ufe0f Free VPN\",\"description\":\"\",\"publisher\":{\"@id\":\"https:\/\/vpnly.com\/de\/#organization\"},\"alternateName\":\"VPNly\",\"potentialAction\":[{\"@type\":\"SearchAction\",\"target\":{\"@type\":\"EntryPoint\",\"urlTemplate\":\"https:\/\/vpnly.com\/de\/?s={search_term_string}\"},\"query-input\":{\"@type\":\"PropertyValueSpecification\",\"valueRequired\":true,\"valueName\":\"search_term_string\"}}],\"inLanguage\":\"de\"},{\"@type\":\"Organization\",\"@id\":\"https:\/\/vpnly.com\/de\/#organization\",\"name\":\"VPNLY \u2b50\ufe0f Free VPN\",\"alternateName\":\"VPNLY\",\"url\":\"https:\/\/vpnly.com\/de\/\",\"logo\":{\"@type\":\"ImageObject\",\"inLanguage\":\"de\",\"@id\":\"https:\/\/vpnly.com\/de\/#\/schema\/logo\/image\/\",\"url\":\"https:\/\/vpnly.com\/wp-content\/uploads\/2025\/08\/about-us-img-2.svg\",\"contentUrl\":\"https:\/\/vpnly.com\/wp-content\/uploads\/2025\/08\/about-us-img-2.svg\",\"width\":530,\"height\":530,\"caption\":\"VPNLY \u2b50\ufe0f Free VPN\"},\"image\":{\"@id\":\"https:\/\/vpnly.com\/de\/#\/schema\/logo\/image\/\"}},{\"@context\":\"https:\/\/schema.org\/\",\"@type\":\"SoftwareApplication\",\"name\":\"VPNLY\",\"operatingSystem\":\"Windows, macOS, iOS, Android, Linux, Chrome\",\"applicationCategory\":\"SecurityApplication\",\"aggregateRating\":{\"@type\":\"AggregateRating\",\"ratingValue\":\"4.8\",\"bestRating\":\"5\",\"ratingCount\":\"25\"},\"offers\":{\"@type\":\"AggregateOffer\",\"priceCurrency\":\"USD\",\"price\":\"0\",\"lowPrice\":\"0\",\"availability\":\"https:\/\/schema.org\/InStock\"}}]}<\/script>\n<!-- \/ Yoast SEO plugin. -->","yoast_head_json":{"description":"VPNLY Cookie-Richtlinie","robots":{"index":"index","follow":"follow","max-snippet":"max-snippet:-1","max-image-preview":"max-image-preview:large","max-video-preview":"max-video-preview:-1"},"canonical":"https:\/\/vpnly.com\/de\/cookies\/","og_locale":"de_DE","og_type":"article","og_title":"Cookie-Richtlinie - vpnly","og_description":"VPNLY Cookie-Richtlinie","og_url":"https:\/\/vpnly.com\/de\/cookies\/","og_site_name":"VPNLY","article_modified_time":"2025-11-19T11:00:11+00:00","twitter_card":"summary_large_image","twitter_misc":{"Est. reading time":"3 Minuten"},"schema":{"@context":"https:\/\/schema.org","@graph":[{"@type":"WebPage","@id":"https:\/\/vpnly.com\/de\/cookies\/","url":"https:\/\/vpnly.com\/de\/cookies\/","name":"Cookie-Richtlinie - vpnly","isPartOf":{"@id":"https:\/\/vpnly.com\/de\/#website"},"datePublished":"2024-07-01T10:15:39+00:00","dateModified":"2025-11-19T11:00:11+00:00","description":"VPNLY Cookie-Richtlinie","inLanguage":"de","potentialAction":[{"@type":"ReadAction","target":["https:\/\/vpnly.com\/de\/cookies\/"]}]},{"@type":"WebSite","@id":"https:\/\/vpnly.com\/de\/#website","url":"https:\/\/vpnly.com\/de\/","name":"VPNLY \u2b50\ufe0f Free VPN","description":"","publisher":{"@id":"https:\/\/vpnly.com\/de\/#organization"},"alternateName":"VPNly","potentialAction":[{"@type":"SearchAction","target":{"@type":"EntryPoint","urlTemplate":"https:\/\/vpnly.com\/de\/?s={search_term_string}"},"query-input":{"@type":"PropertyValueSpecification","valueRequired":true,"valueName":"search_term_string"}}],"inLanguage":"de"},{"@type":"Organization","@id":"https:\/\/vpnly.com\/de\/#organization","name":"VPNLY \u2b50\ufe0f Free VPN","alternateName":"VPNLY","url":"https:\/\/vpnly.com\/de\/","logo":{"@type":"ImageObject","inLanguage":"de","@id":"https:\/\/vpnly.com\/de\/#\/schema\/logo\/image\/","url":"https:\/\/vpnly.com\/wp-content\/uploads\/2025\/08\/about-us-img-2.svg","contentUrl":"https:\/\/vpnly.com\/wp-content\/uploads\/2025\/08\/about-us-img-2.svg","width":530,"height":530,"caption":"VPNLY \u2b50\ufe0f Free VPN"},"image":{"@id":"https:\/\/vpnly.com\/de\/#\/schema\/logo\/image\/"}},{"@context":"https:\/\/schema.org\/","@type":"SoftwareApplication","name":"VPNLY","operatingSystem":"Windows, macOS, iOS, Android, Linux, Chrome","applicationCategory":"SecurityApplication","aggregateRating":{"@type":"AggregateRating","ratingValue":"4.8","bestRating":"5","ratingCount":"25"},"offers":{"@type":"AggregateOffer","priceCurrency":"USD","price":"0","lowPrice":"0","availability":"https:\/\/schema.org\/InStock"}}]}},"_links":{"self":[{"href":"https:\/\/vpnly.com\/de\/wp-json\/wp\/v2\/pages\/2997","targetHints":{"allow":["GET"]}}],"collection":[{"href":"https:\/\/vpnly.com\/de\/wp-json\/wp\/v2\/pages"}],"about":[{"href":"https:\/\/vpnly.com\/de\/wp-json\/wp\/v2\/types\/page"}],"author":[{"embeddable":true,"href":"https:\/\/vpnly.com\/de\/wp-json\/wp\/v2\/users\/1"}],"replies":[{"embeddable":true,"href":"https:\/\/vpnly.com\/de\/wp-json\/wp\/v2\/comments?post=2997"}],"version-history":[{"count":1,"href":"https:\/\/vpnly.com\/de\/wp-json\/wp\/v2\/pages\/2997\/revisions"}],"predecessor-version":[{"id":157733,"href":"https:\/\/vpnly.com\/de\/wp-json\/wp\/v2\/pages\/2997\/revisions\/157733"}],"wp:attachment":[{"href":"https:\/\/vpnly.com\/de\/wp-json\/wp\/v2\/media?parent=2997"}],"curies":[{"name":"wp","href":"https:\/\/api.w.org\/{rel}","templated":true}]}}