{"id":3242,"date":"2024-07-01T08:55:44","date_gmt":"2024-07-01T08:55:44","guid":{"rendered":"https:\/\/vpnly.com\/policy\/"},"modified":"2025-11-19T12:44:57","modified_gmt":"2025-11-19T12:44:57","slug":"policy","status":"publish","type":"page","link":"https:\/\/vpnly.com\/de\/policy\/","title":{"rendered":"Datenschutzerkl\u00e4rung"},"content":{"rendered":"\n<p>FREE VPN UNLIMITED (im Folgenden als \u201eUnternehmen\u201c, \u201ewir\u201c oder \u201eunser\u201c bezeichnet) ist Eigent\u00fcmer und Betreiber des unter dem Markennamen VPNLY bekannten VPN-Dienstes (im Folgenden als \u201eVPNLY\u201c oder \u201eder Dienst\u201c bezeichnet).<\/p>\n\n\n\n<p>Im Interesse der Klarheit und Einheitlichkeit kann sich der Begriff VPNLY im Folgenden sowohl auf die Marke als auch auf das Unternehmen beziehen, das den Dienst betreibt.<\/p>\n\n\n<div class=\"privacy-an\u0441hor-container alignfull wp-block-vpnly-privacy-anchor-box\">\n\t<div class=\"anchor-links__headings\"><a href='#heading-1' class='anchor-links__link'>G\u00fcltigkeitsdatum:<\/a><a href='#heading-2' class='anchor-links__link'>1. Welche Daten wir erheben<\/a><a href='#heading-3' class='anchor-links__link'>a) Technische Daten und Nutzungsdaten (anonym)<\/a><a href='#heading-4' class='anchor-links__link'>b) Kontodaten (optional)<\/a><a href='#heading-5' class='anchor-links__link'>c) Abonnement- und Zahlungsdaten<\/a><a href='#heading-6' class='anchor-links__link'>d) Cookies und \u00e4hnliche Technologien<\/a><a href='#heading-7' class='anchor-links__link'>e) Kommunikationsdaten<\/a><a href='#heading-8' class='anchor-links__link'>2. Wie wir die gesammelten Daten verwenden<\/a><a href='#heading-9' class='anchor-links__link'>3. Weitergabe und \u00dcbertragung von Daten<\/a><a href='#heading-10' class='anchor-links__link'>4. Datenschutz<\/a><a href='#heading-11' class='anchor-links__link'>5. Datenspeicherung und -l\u00f6schung<\/a><a href='#heading-12' class='anchor-links__link'>6. Von uns genutzte Dienste von Drittanbietern<\/a><a href='#heading-13' class='anchor-links__link'>7. Nutzerrechte<\/a><a href='#heading-14' class='anchor-links__link'>8. Datenschutz f\u00fcr Kinder<\/a><a href='#heading-15' class='anchor-links__link'>9. \u00c4nderungen dieser Datenschutzerkl\u00e4rung<\/a><a href='#heading-16' class='anchor-links__link'>10. Kontakt<\/a><\/div>\n\n<h2 class=\"wp-block-heading\" id='heading-1'>G\u00fcltigkeitsdatum:<\/h2>\n\n\n\n<p>Bei VPNLY hat der Datenschutz als grundlegender Aspekt aller Dienste und Vorg\u00e4nge oberste Priorit\u00e4t. Diese Datenschutzerkl\u00e4rung beschreibt die Verfahren, die VPNLY in Bezug auf die Verwaltung von Informationen anwendet, wenn Benutzer auf die VPNLY-Websites (vpnly.com und zugeh\u00f6rige Domains), VPNLY-Anwendungen und damit verbundene Dienste (zusammenfassend als \u201eDienste\u201c bezeichnet) zugreifen.<\/p>\n\n\n\n<p>Der Leitgedanke, der diesem Ansatz zugrunde liegt, ist einfach: Die Erhebung von Daten beschr\u00e4nkt sich auf das absolute Minimum, das f\u00fcr den sicheren und effektiven Betrieb von VPNLY erforderlich ist. Die Weitergabe personenbezogener Daten an externe Stellen ist keine Praxis, die von dieser Institution betrieben wird. Dar\u00fcber hinaus ist die Verwendung dieser Informationen ausschlie\u00dflich auf die Erbringung der hierin beschriebenen Dienste beschr\u00e4nkt.<\/p>\n\n\n\n<p>Durch die Nutzung von VPNLY best\u00e4tigen Sie, dass Sie diese Datenschutzerkl\u00e4rung gelesen und verstanden haben. Sollten Sie damit nicht einverstanden sein, bitten wir Sie h\u00f6flich, die Nutzung unserer Dienste einzustellen.<\/p>\n\n\n\n<h2 class=\"wp-block-heading\" id='heading-2'>1. Welche Daten wir erheben<\/h2>\n\n\n\n<p>VPNLY basiert auf dem Prinzip der Null-Protokollierung, einem Begriff, der ein System beschreibt, das keine Aufzeichnungen \u00fcber die Aktivit\u00e4ten seiner Nutzer f\u00fchrt. Folglich werden keine Aktivit\u00e4tsprotokolle in Bezug auf das Surfen, den Datenverkehr, Inhalte oder DNS-Abfragen verfolgt und gespeichert. Um jedoch die operative Integrit\u00e4t der Dienste aufrechtzuerhalten, kann es F\u00e4lle geben, in denen wir begrenzte Kategorien von Daten erheben.<\/p>\n\n\n\n<h3 class=\"wp-block-heading\" id='heading-3'>a) Technische Daten und Nutzungsdaten (anonym)<\/h3>\n\n\n\n<p>VPN-Verbindungsstatus (erfolgreich oder fehlgeschlagen).<\/p>\n\n\n\n<p>Der Standort des VPN-Servers, mit dem Sie sich verbinden.<\/p>\n\n\n\n<p>Allgemeiner Standort (nur Land) und Ihr Internetdienstanbieter.<\/p>\n\n\n\n<p>Ger\u00e4tedetails wie Modell, Betriebssystemversion, App-Version.<\/p>\n\n\n\n<p>Diagnose- und Leistungsdaten (z. B. Geschwindigkeitstests, Absturz-\/Fehlerberichte).<\/p>\n\n\n\n<p>Wichtig: Diese Daten werden sofort nach der Erfassung anonymisiert. Sie k\u00f6nnen nicht mit Ihrer Person oder einer bestimmten VPN-Sitzung in Verbindung gebracht werden.<\/p>\n\n\n\n<h3 class=\"wp-block-heading\" id='heading-4'>b) Kontodaten (optional)<\/h3>\n\n\n\n<p>F\u00fcr die Nutzung von VPNLY ist die Erstellung eines Kontos nicht erforderlich. Wenn Sie jedoch ein Konto erstellen, fragen wir Sie m\u00f6glicherweise nach Ihrer E-Mail-Adresse. Diese wird f\u00fcr folgende Zwecke verwendet:<\/p>\n\n\n\n<p>Anmeldung und Wiederherstellung des Kontos.<\/p>\n\n\n\n<p>Verwaltung des Abonnements.<\/p>\n\n\n\n<p>Kundensupport.<\/p>\n\n\n\n<p>Servicebenachrichtigungen oder optionale Marketing-Updates (Sie k\u00f6nnen sich jederzeit abmelden).<\/p>\n\n\n\n<h3 class=\"wp-block-heading\" id='heading-5'>c) Abonnement- und Zahlungsdaten<\/h3>\n\n\n\n<p>Wenn Sie einen kostenpflichtigen VPNLY-Tarif abonnieren, erfassen wir m\u00f6glicherweise begrenzte Daten wie:<\/p>\n\n\n\n<p>Ihre E-Mail-Adresse, Ihren Abonnementtarif und Ihren Zahlungsstatus.<\/p>\n\n\n\n<p>Transaktionsbezogene Informationen (z. B. W\u00e4hrung, Verl\u00e4ngerungsstatus, Rechnungs-ID).<\/p>\n\n\n\n<p>Es ist wichtig zu beachten, dass VPNLY keine Zahlungskartendaten verarbeitet oder speichert. Alle Finanztransaktionen werden sicher von vertrauensw\u00fcrdigen Drittanbietern wie Stripe, Airwallex, Payssion oder v5pay verwaltet.<\/p>\n\n\n\n<h3 class=\"wp-block-heading\" id='heading-6'>d) Cookies und \u00e4hnliche Technologien<\/h3>\n\n\n\n<p>Unsere Websites k\u00f6nnen Cookies verwenden, um:<\/p>\n\n\n\n<p>Ihre Einstellungen und Pr\u00e4ferenzen zu speichern.<\/p>\n\n\n\n<p>Die Leistung und Navigation zu verbessern.<\/p>\n\n\n\n<p>Analysen und wesentliche Funktionen zu unterst\u00fctzen.<\/p>\n\n\n\n<p>Weitere Informationen finden Sie in unserer [Cookie-Richtlinie].<\/p>\n\n\n\n<h3 class=\"wp-block-heading\" id='heading-7'>e) Kommunikationsdaten<\/h3>\n\n\n\n<p>Falls die oben genannte Partei Kontakt mit uns aufnimmt, erhalten wir m\u00f6glicherweise den Namen, die E-Mail-Adresse und den Inhalt der Nachricht. Diese Informationen werden ausschlie\u00dflich zum Zweck der Beantwortung und Unterst\u00fctzung verwendet.<\/p>\n\n\n\n<h2 class=\"wp-block-heading\" id='heading-8'>2. Wie wir die gesammelten Daten verwenden<\/h2>\n\n\n\n<p>Wir verarbeiten begrenzte Informationen ausschlie\u00dflich f\u00fcr die folgenden Zwecke:<\/p>\n\n\n\n<p>Sicherheit und Authentifizierung \u2013 \u00dcberpr\u00fcfung des Abonnementstatus, Verhinderung von Betrug, Blockierung von Missbrauch.<\/p>\n\n\n\n<p>Diagnose und Optimierung \u2013 \u00dcberwachung der Leistung, Fehlerbehebung und Verbesserung der App-Stabilit\u00e4t.<\/p>\n\n\n\n<p>Kundensupport \u2013 Beantwortung von Anfragen, L\u00f6sung von Problemen und Bereitstellung relevanter Updates.<\/p>\n\n\n\n<p>Forschung und Entwicklung \u2013 Analyse anonymisierter Trends zur Entwicklung besserer Funktionen und neuer Dienste.<\/p>\n\n\n\n<p>Einhaltung gesetzlicher Vorschriften \u2013 Erf\u00fcllung gesetzlicher Anforderungen, Verhinderung von Missbrauch und Gew\u00e4hrleistung einer rechtm\u00e4\u00dfigen Nutzung.<\/p>\n\n\n\n<p>Die Nutzung der gesammelten Daten zum Zwecke der Erstellung von Nutzerprofilen oder der Verfolgung des Surfverhaltens wird von unserem Unternehmen ausdr\u00fccklich nicht betrieben.<\/p>\n\n\n\n<h2 class=\"wp-block-heading\" id='heading-9'>3. Weitergabe und \u00dcbertragung von Daten<\/h2>\n\n\n\n<p>VPNLY verkauft oder vermietet keine personenbezogenen Daten. Unter bestimmten Umst\u00e4nden kann jedoch die Weitergabe begrenzter Informationen zul\u00e4ssig sein.<\/p>\n\n\n\n<p>Dienstleister: Um die nahtlose Bereitstellung und kontinuierliche Wartung unserer Dienste zu gew\u00e4hrleisten, arbeiten wir mit vertrauensw\u00fcrdigen Partnern zusammen, darunter Zahlungsabwickler, Analyseanbieter und Support-Plattformen.<\/p>\n\n\n\n<p>Aggregierte oder anonyme Berichte: Anonyme statistische Daten k\u00f6nnen unter Wahrung der vollst\u00e4ndigen Anonymit\u00e4t des Empf\u00e4ngers weitergegeben werden.<\/p>\n\n\n\n<p>Unternehmens\u00fcbertragungen: Im Falle einer Fusion, \u00dcbernahme oder Umstrukturierung k\u00f6nnen relevante Daten unter strengen Datenschutzvorkehrungen \u00fcbertragen werden.<\/p>\n\n\n\n<p>Rechtliche Anfragen: Falls die Offenlegung begrenzter Daten gesetzlich vorgeschrieben ist oder zum Schutz der Sicherheit der Nutzer erforderlich ist, kann eine solche Offenlegung erfolgen.<\/p>\n\n\n\n<p>Es ist wichtig zu beachten, dass Daten au\u00dferhalb des Heimatlandes der Person verarbeitet werden k\u00f6nnen. In solchen F\u00e4llen implementiert VPNLY geeignete Sicherheitsvorkehrungen, um die Vertraulichkeit, Integrit\u00e4t und Verf\u00fcgbarkeit der Informationen der Nutzer zu gew\u00e4hrleisten.<\/p>\n\n\n\n<h2 class=\"wp-block-heading\" id='heading-10'>4. Datenschutz<\/h2>\n\n\n\n<p>Es wird ein strenges Protokoll implementiert, um die Sicherheit aller gesammelten Daten zu gew\u00e4hrleisten, das die folgenden Ma\u00dfnahmen umfasst: <\/p>\n\n\n\n<p>Verschl\u00fcsselung und Zugriffskontrollen.<\/p>\n\n\n\n<p>Isolierte Speichersysteme mit eingeschr\u00e4nktem Zugriff.<\/p>\n\n\n\n<p>Regelm\u00e4\u00dfige Audits und \u00dcberwachung.<\/p>\n\n\n\n<p>Der Zugriff auf Daten ist streng auf autorisiertes Personal beschr\u00e4nkt, das diese Daten ben\u00f6tigt.<\/p>\n\n\n\n<p>Im Falle einer Sicherheitsverletzung werden die betroffenen Nutzer und Aufsichtsbeh\u00f6rden gem\u00e4\u00df den geltenden Gesetzen unverz\u00fcglich benachrichtigt.<\/p>\n\n\n\n<h2 class=\"wp-block-heading\" id='heading-11'>5. Datenspeicherung und -l\u00f6schung<\/h2>\n\n\n\n<p>Die Daten des Nutzers werden nur f\u00fcr die Dauer der Bereitstellung der oben genannten Dienste gespeichert. Danach werden die Informationen sicher gel\u00f6scht oder anonymisiert.<\/p>\n\n\n\n<p>Im Falle einer L\u00f6schung des Kontos werden auch die damit verbundenen Daten gel\u00f6scht, es sei denn, ihre Aufbewahrung ist gesetzlich vorgeschrieben (z. B. aus steuerlichen oder Compliance-Gr\u00fcnden).<\/p>\n\n\n\n<p>In F\u00e4llen, in denen eine sofortige L\u00f6schung nicht m\u00f6glich ist, z. B. w\u00e4hrend Sicherungsvorg\u00e4ngen, werden die Daten isoliert, bis eine sichere L\u00f6schmethode angewendet werden kann.<\/p>\n\n\n\n<h2 class=\"wp-block-heading\" id='heading-12'>6. Von uns genutzte Dienste von Drittanbietern<\/h2>\n\n\n\n<p>Um die Sicherheit und Zuverl\u00e4ssigkeit von VPNLY zu gew\u00e4hrleisten, arbeiten wir mit sorgf\u00e4ltig ausgew\u00e4hlten Drittanbietern zusammen, darunter:<\/p>\n\n\n\n<p>Google Firebase \u2013 Absturzberichte und Diagnosen.<\/p>\n\n\n\n<p>Adjust \u2013 App-Analysen und Leistungs\u00fcberwachung.<\/p>\n\n\n\n<p>Zendesk \u2013 Kundensupport-System.<\/p>\n\n\n\n<p>Stripe, Airwallex, Payssion, v5pay \u2013 Zahlungsabwicklung.<\/p>\n\n\n\n<p>Forter, Rebilly \u2013 Betrugserkennung und Risikomanagement.<\/p>\n\n\n\n<p>Admob, Liftoff, InMobi, Unity, Bigo Ads \u2013 Werbepartner (f\u00fcr die kostenlose VPN-Version).<\/p>\n\n\n\n<p>Diese Partner k\u00f6nnen Cookies oder \u00e4hnliche Technologien verwenden. Sie erhalten keine VPNLY-Verkehrsprotokolle oder sensible pers\u00f6nliche Identifikatoren.<\/p>\n\n\n\n<h2 class=\"wp-block-heading\" id='heading-13'>7. Nutzerrechte<\/h2>\n\n\n\n<p>Je nach Ihrer Region haben Sie m\u00f6glicherweise bestimmte Rechte in Bezug auf Ihre personenbezogenen Daten:<\/p>\n\n\n\n<p>Zugriff \u2013 Anforderung einer Kopie der Daten, die wir \u00fcber Sie gespeichert haben.<\/p>\n\n\n\n<p>Berichtigung \u2013 Aktualisieren oder korrigieren Sie unrichtige Informationen.<\/p>\n\n\n\n<p>L\u00f6schung \u2013 Beantragen Sie die dauerhafte L\u00f6schung Ihres Kontos und der damit verbundenen Daten.<\/p>\n\n\n\n<p>Einschr\u00e4nkung\/Widerspruch \u2013 Beschr\u00e4nken oder widersprechen Sie bestimmten Verarbeitungen.<\/p>\n\n\n\n<p>Widerruf der Einwilligung \u2013 Beenden Sie den Erhalt von Marketingmitteilungen oder widerrufen Sie optionale Datennutzungen.<\/p>\n\n\n\n<p>F\u00fcr Nutzer im EWR\/Vereinigten K\u00f6nigreich (DSGVO): Sie k\u00f6nnen Ihre Rechte jederzeit aus\u00fcben. Ein Identit\u00e4tsnachweis kann erforderlich sein.<\/p>\n\n\n\n<p>F\u00fcr Nutzer in Kalifornien (CCPA): Sie k\u00f6nnen Details zu den von uns erfassten oder offengelegten personenbezogenen Daten anfordern. VPNLY verkauft keine personenbezogenen Daten.<\/p>\n\n\n\n<h2 class=\"wp-block-heading\" id='heading-14'>8. Datenschutz f\u00fcr Kinder<\/h2>\n\n\n\n<p>VPNLY ist nicht f\u00fcr Nutzer unter 13 Jahren (oder dem gesetzlichen Mindestalter im Wohnsitzland des Nutzers) bestimmt. Wir erfassen nicht absichtlich personenbezogene Daten von Kindern.<\/p>\n\n\n\n<p>Falls Eltern oder Erziehungsberechtigte der Meinung sind, dass ihr Kind personenbezogene Daten an uns weitergegeben hat, werden sie gebeten, sich so schnell wie m\u00f6glich mit uns in Verbindung zu setzen. Die betreffenden Daten werden nach Erhalt der Anfrage umgehend gel\u00f6scht.<\/p>\n\n\n\n<h2 class=\"wp-block-heading\" id='heading-15'>9. \u00c4nderungen dieser Datenschutzerkl\u00e4rung<\/h2>\n\n\n\n<p>Diese Erkl\u00e4rung kann regelm\u00e4\u00dfig aktualisiert werden, um \u00c4nderungen der Gesetze, der Technologie oder der angebotenen Dienste Rechnung zu tragen. Das \u201eDatum des Inkrafttretens\u201d gibt stets die aktuellste Version an.<\/p>\n\n\n\n<p>Benachrichtigungen \u00fcber wichtige Aktualisierungen werden den Nutzern \u00fcber die Anwendungen, Websites oder E-Mail-Mitteilungen des Unternehmens mitgeteilt.<\/p>\n\n\n\n<h2 class=\"wp-block-heading\" id='heading-16'>10. Kontakt<\/h2>\n\n\n\n<p>Bei Fragen, Bedenken oder Anfragen zu dieser Datenschutzerkl\u00e4rung k\u00f6nnen sich Interessierte \u00fcber folgende Kan\u00e4le an die zust\u00e4ndige Abteilung wenden: support@vpnly.com.<\/p>\n\n\n\n<p>Anfragen zu Datenschutzangelegenheiten sind an den Datenschutzbeauftragten (DPO) der Einrichtung zu richten: support@vpnly.com.<\/p>\n\n<\/div>\n","protected":false},"excerpt":{"rendered":"<p>FREE VPN UNLIMITED (im Folgenden als \u201eUnternehmen\u201c, \u201ewir\u201c oder \u201eunser\u201c bezeichnet) ist Eigent\u00fcmer und Betreiber des unter dem Markennamen VPNLY bekannten VPN-Dienstes (im Folgenden als \u201eVPNLY\u201c oder \u201eder Dienst\u201c bezeichnet). Im Interesse der Klarheit und Einheitlichkeit kann sich der Begriff VPNLY im Folgenden sowohl auf die Marke als auch auf das Unternehmen beziehen, das den [&hellip;]<\/p>\n","protected":false},"author":1,"featured_media":0,"parent":0,"menu_order":0,"comment_status":"closed","ping_status":"closed","template":"page-terms.php","meta":{"_acf_changed":false,"footnotes":""},"class_list":["post-3242","page","type-page","status-publish","hentry"],"acf":[],"yoast_head":"<!-- This site is optimized with the Yoast SEO plugin v24.6 - https:\/\/yoast.com\/wordpress\/plugins\/seo\/ -->\n<meta name=\"description\" content=\"VPNLY verpflichtet sich, Ihre Privatsph\u00e4re zu sch\u00fctzen. Wir informieren Sie dar\u00fcber, wie wir Ihre Daten verarbeiten.\" \/>\n<meta name=\"robots\" content=\"index, follow, max-snippet:-1, max-image-preview:large, max-video-preview:-1\" \/>\n<link rel=\"canonical\" href=\"https:\/\/vpnly.com\/de\/policy\/\" \/>\n<meta property=\"og:locale\" content=\"de_DE\" \/>\n<meta property=\"og:type\" content=\"article\" \/>\n<meta property=\"og:title\" content=\"Datenschutzrichtlinie | VPNLY\" \/>\n<meta property=\"og:description\" content=\"VPNLY verpflichtet sich, Ihre Privatsph\u00e4re zu sch\u00fctzen. Wir informieren Sie dar\u00fcber, wie wir Ihre Daten verarbeiten.\" \/>\n<meta property=\"og:url\" content=\"https:\/\/vpnly.com\/de\/policy\/\" \/>\n<meta property=\"og:site_name\" content=\"VPNLY\" \/>\n<meta property=\"article:modified_time\" content=\"2025-11-19T12:44:57+00:00\" \/>\n<meta name=\"twitter:card\" content=\"summary_large_image\" \/>\n<meta name=\"twitter:label1\" content=\"Est. reading time\" \/>\n\t<meta name=\"twitter:data1\" content=\"6 Minuten\" \/>\n<script type=\"application\/ld+json\" class=\"yoast-schema-graph\">{\"@context\":\"https:\/\/schema.org\",\"@graph\":[{\"@type\":\"WebPage\",\"@id\":\"https:\/\/vpnly.com\/de\/policy\/\",\"url\":\"https:\/\/vpnly.com\/de\/policy\/\",\"name\":\"Datenschutzrichtlinie | VPNLY\",\"isPartOf\":{\"@id\":\"https:\/\/vpnly.com\/de\/#website\"},\"datePublished\":\"2024-07-01T08:55:44+00:00\",\"dateModified\":\"2025-11-19T12:44:57+00:00\",\"description\":\"VPNLY verpflichtet sich, Ihre Privatsph\u00e4re zu sch\u00fctzen. Wir informieren Sie dar\u00fcber, wie wir Ihre Daten verarbeiten.\",\"inLanguage\":\"de\",\"potentialAction\":[{\"@type\":\"ReadAction\",\"target\":[\"https:\/\/vpnly.com\/de\/policy\/\"]}]},{\"@type\":\"WebSite\",\"@id\":\"https:\/\/vpnly.com\/de\/#website\",\"url\":\"https:\/\/vpnly.com\/de\/\",\"name\":\"VPNLY \u2b50\ufe0f Free VPN\",\"description\":\"\",\"publisher\":{\"@id\":\"https:\/\/vpnly.com\/de\/#organization\"},\"alternateName\":\"VPNly\",\"potentialAction\":[{\"@type\":\"SearchAction\",\"target\":{\"@type\":\"EntryPoint\",\"urlTemplate\":\"https:\/\/vpnly.com\/de\/?s={search_term_string}\"},\"query-input\":{\"@type\":\"PropertyValueSpecification\",\"valueRequired\":true,\"valueName\":\"search_term_string\"}}],\"inLanguage\":\"de\"},{\"@type\":\"Organization\",\"@id\":\"https:\/\/vpnly.com\/de\/#organization\",\"name\":\"VPNLY \u2b50\ufe0f Free VPN\",\"alternateName\":\"VPNLY\",\"url\":\"https:\/\/vpnly.com\/de\/\",\"logo\":{\"@type\":\"ImageObject\",\"inLanguage\":\"de\",\"@id\":\"https:\/\/vpnly.com\/de\/#\/schema\/logo\/image\/\",\"url\":\"https:\/\/vpnly.com\/wp-content\/uploads\/2025\/08\/about-us-img-2.svg\",\"contentUrl\":\"https:\/\/vpnly.com\/wp-content\/uploads\/2025\/08\/about-us-img-2.svg\",\"width\":530,\"height\":530,\"caption\":\"VPNLY \u2b50\ufe0f Free VPN\"},\"image\":{\"@id\":\"https:\/\/vpnly.com\/de\/#\/schema\/logo\/image\/\"}},{\"@context\":\"https:\/\/schema.org\/\",\"@type\":\"SoftwareApplication\",\"name\":\"VPNLY\",\"operatingSystem\":\"Windows, macOS, iOS, Android, Linux, Chrome\",\"applicationCategory\":\"SecurityApplication\",\"aggregateRating\":{\"@type\":\"AggregateRating\",\"ratingValue\":\"4.8\",\"bestRating\":\"5\",\"ratingCount\":\"25\"},\"offers\":{\"@type\":\"AggregateOffer\",\"priceCurrency\":\"USD\",\"price\":\"0\",\"lowPrice\":\"0\",\"availability\":\"https:\/\/schema.org\/InStock\"}}]}<\/script>\n<!-- \/ Yoast SEO plugin. -->","yoast_head_json":{"description":"VPNLY verpflichtet sich, Ihre Privatsph\u00e4re zu sch\u00fctzen. Wir informieren Sie dar\u00fcber, wie wir Ihre Daten verarbeiten.","robots":{"index":"index","follow":"follow","max-snippet":"max-snippet:-1","max-image-preview":"max-image-preview:large","max-video-preview":"max-video-preview:-1"},"canonical":"https:\/\/vpnly.com\/de\/policy\/","og_locale":"de_DE","og_type":"article","og_title":"Datenschutzrichtlinie | VPNLY","og_description":"VPNLY verpflichtet sich, Ihre Privatsph\u00e4re zu sch\u00fctzen. Wir informieren Sie dar\u00fcber, wie wir Ihre Daten verarbeiten.","og_url":"https:\/\/vpnly.com\/de\/policy\/","og_site_name":"VPNLY","article_modified_time":"2025-11-19T12:44:57+00:00","twitter_card":"summary_large_image","twitter_misc":{"Est. reading time":"6 Minuten"},"schema":{"@context":"https:\/\/schema.org","@graph":[{"@type":"WebPage","@id":"https:\/\/vpnly.com\/de\/policy\/","url":"https:\/\/vpnly.com\/de\/policy\/","name":"Datenschutzrichtlinie | VPNLY","isPartOf":{"@id":"https:\/\/vpnly.com\/de\/#website"},"datePublished":"2024-07-01T08:55:44+00:00","dateModified":"2025-11-19T12:44:57+00:00","description":"VPNLY verpflichtet sich, Ihre Privatsph\u00e4re zu sch\u00fctzen. Wir informieren Sie dar\u00fcber, wie wir Ihre Daten verarbeiten.","inLanguage":"de","potentialAction":[{"@type":"ReadAction","target":["https:\/\/vpnly.com\/de\/policy\/"]}]},{"@type":"WebSite","@id":"https:\/\/vpnly.com\/de\/#website","url":"https:\/\/vpnly.com\/de\/","name":"VPNLY \u2b50\ufe0f Free VPN","description":"","publisher":{"@id":"https:\/\/vpnly.com\/de\/#organization"},"alternateName":"VPNly","potentialAction":[{"@type":"SearchAction","target":{"@type":"EntryPoint","urlTemplate":"https:\/\/vpnly.com\/de\/?s={search_term_string}"},"query-input":{"@type":"PropertyValueSpecification","valueRequired":true,"valueName":"search_term_string"}}],"inLanguage":"de"},{"@type":"Organization","@id":"https:\/\/vpnly.com\/de\/#organization","name":"VPNLY \u2b50\ufe0f Free VPN","alternateName":"VPNLY","url":"https:\/\/vpnly.com\/de\/","logo":{"@type":"ImageObject","inLanguage":"de","@id":"https:\/\/vpnly.com\/de\/#\/schema\/logo\/image\/","url":"https:\/\/vpnly.com\/wp-content\/uploads\/2025\/08\/about-us-img-2.svg","contentUrl":"https:\/\/vpnly.com\/wp-content\/uploads\/2025\/08\/about-us-img-2.svg","width":530,"height":530,"caption":"VPNLY \u2b50\ufe0f Free VPN"},"image":{"@id":"https:\/\/vpnly.com\/de\/#\/schema\/logo\/image\/"}},{"@context":"https:\/\/schema.org\/","@type":"SoftwareApplication","name":"VPNLY","operatingSystem":"Windows, macOS, iOS, Android, Linux, Chrome","applicationCategory":"SecurityApplication","aggregateRating":{"@type":"AggregateRating","ratingValue":"4.8","bestRating":"5","ratingCount":"25"},"offers":{"@type":"AggregateOffer","priceCurrency":"USD","price":"0","lowPrice":"0","availability":"https:\/\/schema.org\/InStock"}}]}},"_links":{"self":[{"href":"https:\/\/vpnly.com\/de\/wp-json\/wp\/v2\/pages\/3242","targetHints":{"allow":["GET"]}}],"collection":[{"href":"https:\/\/vpnly.com\/de\/wp-json\/wp\/v2\/pages"}],"about":[{"href":"https:\/\/vpnly.com\/de\/wp-json\/wp\/v2\/types\/page"}],"author":[{"embeddable":true,"href":"https:\/\/vpnly.com\/de\/wp-json\/wp\/v2\/users\/1"}],"replies":[{"embeddable":true,"href":"https:\/\/vpnly.com\/de\/wp-json\/wp\/v2\/comments?post=3242"}],"version-history":[{"count":1,"href":"https:\/\/vpnly.com\/de\/wp-json\/wp\/v2\/pages\/3242\/revisions"}],"predecessor-version":[{"id":157749,"href":"https:\/\/vpnly.com\/de\/wp-json\/wp\/v2\/pages\/3242\/revisions\/157749"}],"wp:attachment":[{"href":"https:\/\/vpnly.com\/de\/wp-json\/wp\/v2\/media?parent=3242"}],"curies":[{"name":"wp","href":"https:\/\/api.w.org\/{rel}","templated":true}]}}