{"id":3261,"date":"2024-12-20T13:10:04","date_gmt":"2024-12-20T13:10:04","guid":{"rendered":"https:\/\/vpnly.com\/our-products\/"},"modified":"2025-10-08T10:48:34","modified_gmt":"2025-10-08T10:48:34","slug":"our-products","status":"publish","type":"page","link":"https:\/\/vpnly.com\/de\/our-products\/","title":{"rendered":"Our products"},"content":{"rendered":"\n<section class=\" section vpnly-section  padding--md background--ui-2 \">\n    <div class=\"container\">\n        \n\n<div class=\"wp-block-columns are-vertically-aligned-top is-layout-flex wp-container-core-columns-is-layout-1 wp-block-columns-is-layout-flex row-gap--20 stack-breakpoint--768\">\n<div class=\"wp-block-column is-vertically-aligned-top is-layout-flow wp-block-column-is-layout-flow\">\n<h1 class=\"wp-block-heading\" style=\"margin-bottom:var(--wp--preset--spacing--content-2-xl)\"><mark style=\"background-color:rgba(0, 0, 0, 0)\" class=\"has-inline-color has-orange-color\">KOSTENLOSER FUNKTIONIERENDER<\/mark> VPN F\u00dcR ANDERE PLATTFORMEN<\/h1>\n\n\n\n<div class=\"advanced-list\">\n                                                <p class=\"advanced-list__item\">\n                        Unterst\u00fctzung f\u00fcr alle g\u00e4ngigen Ger\u00e4te und Betriebssysteme                    <\/p>\n                                                                <p class=\"advanced-list__item\">\n                        Voll funktionsf\u00e4higer, multifunktionaler VPN                    <\/p>\n                                                                <p class=\"advanced-list__item\">\n                        Zuverl\u00e4ssige Serververschl\u00fcsselung                    <\/p>\n                                                                <p class=\"advanced-list__item\">\n                        Keine Begrenzungen bei Datenverkehr oder Verbindungs-geschwindigkeit                    <\/p>\n                                                                <p class=\"advanced-list__item\">\n                        Keine Registrierung oder pers\u00f6nlichen Daten erforderlich                    <\/p>\n                                                                <p class=\"advanced-list__item\">\n                        Qualitativer technischer Support                    <\/p>\n                                                                <p class=\"advanced-list__item\">\n                        Vollst\u00e4ndige Anonymit\u00e4t und Privatsph\u00e4re online                    <\/p>\n                                <\/div><\/div>\n\n\n\n<div class=\"wp-block-column is-vertically-aligned-top is-layout-flow wp-block-column-is-layout-flow\">\n<div class=\"device-with-qr\">\n                <div class=\"device-with-qr__device\">\n                                    <img decoding=\"async\" width=\"64\" height=\"65\" src=\"https:\/\/vpnly.com\/wp-content\/uploads\/2024\/10\/icon-ios-platform.svg\" class=\"device-with-qr__icon no-lazy-fcp\" alt=\"\" \/>                \n                                    <p class=\"advanced-list__os title-h3\">\n                        iOS                    <\/p>\n                \n                                    <button class=\"device-with-qr__copy-btn\" data-url=\"https:\/\/apps.apple.com\/us\/app\/vpn-turbo-private-by-vpnly\/id6739255199\">\n                        LINK KOPIEREN                    <\/button>\n                \n                                <img decoding=\"async\" width=\"160\" height=\"161\" src=\"https:\/\/vpnly.com\/wp-content\/uploads\/2024\/10\/image-qr-code-ios.png\" class=\"device-with-qr__qr-code no-lazy-fcp\" alt=\"\" width=\"160\" height=\"160\" srcset=\"https:\/\/vpnly.com\/wp-content\/uploads\/2024\/10\/image-qr-code-ios.png 160w, https:\/\/vpnly.com\/wp-content\/uploads\/2024\/10\/image-qr-code-ios-150x150.png 150w\" sizes=\"(max-width: 160px) 100vw, 160px\" \/>                            <\/div>\n                    <div class=\"device-with-qr__device\">\n                                    <img decoding=\"async\" width=\"64\" height=\"65\" src=\"https:\/\/vpnly.com\/wp-content\/uploads\/2024\/10\/icon-android-platform.svg\" class=\"device-with-qr__icon no-lazy-fcp\" alt=\"\" \/>                \n                                    <p class=\"advanced-list__os title-h3\">\n                        Android                    <\/p>\n                \n                                    <button class=\"device-with-qr__copy-btn\" data-url=\"https:\/\/play.google.com\/store\/apps\/details?id=free.vpn.proxy.vpnly\">\n                        LINK KOPIEREN                    <\/button>\n                \n                                <img decoding=\"async\" width=\"160\" height=\"161\" src=\"https:\/\/vpnly.com\/wp-content\/uploads\/2024\/10\/image-qr-code-android.png\" class=\"device-with-qr__qr-code no-lazy-fcp\" alt=\"\" width=\"160\" height=\"160\" srcset=\"https:\/\/vpnly.com\/wp-content\/uploads\/2024\/10\/image-qr-code-android.png 160w, https:\/\/vpnly.com\/wp-content\/uploads\/2024\/10\/image-qr-code-android-150x150.png 150w\" sizes=\"(max-width: 160px) 100vw, 160px\" \/>                            <\/div>\n            <\/div><\/div>\n<\/div>\n\n\n    <\/div>\n<\/section>","protected":false},"excerpt":{"rendered":"","protected":false},"author":2,"featured_media":0,"parent":0,"menu_order":0,"comment_status":"closed","ping_status":"closed","template":"","meta":{"_acf_changed":false,"footnotes":""},"class_list":["post-3261","page","type-page","status-publish","hentry"],"acf":[],"yoast_head":"<!-- This site is optimized with the Yoast SEO plugin v24.6 - https:\/\/yoast.com\/wordpress\/plugins\/seo\/ -->\n<meta name=\"description\" content=\"KOSTENLOSER FUNKTIONIERENDER VPN F\u00dcR ANDERE PLATTFORMEN\" \/>\n<meta name=\"robots\" content=\"index, follow, max-snippet:-1, max-image-preview:large, max-video-preview:-1\" \/>\n<link rel=\"canonical\" href=\"https:\/\/vpnly.com\/de\/our-products\/\" \/>\n<meta property=\"og:locale\" content=\"de_DE\" \/>\n<meta property=\"og:type\" content=\"article\" \/>\n<meta property=\"og:title\" content=\"Unsere Produkte - vpnly\" \/>\n<meta property=\"og:description\" content=\"KOSTENLOSER FUNKTIONIERENDER VPN F\u00dcR ANDERE PLATTFORMEN\" \/>\n<meta property=\"og:url\" content=\"https:\/\/vpnly.com\/de\/our-products\/\" \/>\n<meta property=\"og:site_name\" content=\"VPNLY\" \/>\n<meta property=\"article:modified_time\" content=\"2025-10-08T10:48:34+00:00\" \/>\n<meta name=\"twitter:card\" content=\"summary_large_image\" \/>\n<meta name=\"twitter:label1\" content=\"Est. reading time\" \/>\n\t<meta name=\"twitter:data1\" content=\"1 Minute\" \/>\n<script type=\"application\/ld+json\" class=\"yoast-schema-graph\">{\"@context\":\"https:\/\/schema.org\",\"@graph\":[{\"@type\":\"WebPage\",\"@id\":\"https:\/\/vpnly.com\/de\/our-products\/\",\"url\":\"https:\/\/vpnly.com\/de\/our-products\/\",\"name\":\"Unsere Produkte - vpnly\",\"isPartOf\":{\"@id\":\"https:\/\/vpnly.com\/de\/#website\"},\"datePublished\":\"2024-12-20T13:10:04+00:00\",\"dateModified\":\"2025-10-08T10:48:34+00:00\",\"description\":\"KOSTENLOSER FUNKTIONIERENDER VPN F\u00dcR ANDERE PLATTFORMEN\",\"inLanguage\":\"de\",\"potentialAction\":[{\"@type\":\"ReadAction\",\"target\":[\"https:\/\/vpnly.com\/de\/our-products\/\"]}]},{\"@type\":\"WebSite\",\"@id\":\"https:\/\/vpnly.com\/de\/#website\",\"url\":\"https:\/\/vpnly.com\/de\/\",\"name\":\"VPNLY \u2b50\ufe0f Free VPN\",\"description\":\"\",\"publisher\":{\"@id\":\"https:\/\/vpnly.com\/de\/#organization\"},\"alternateName\":\"VPNly\",\"potentialAction\":[{\"@type\":\"SearchAction\",\"target\":{\"@type\":\"EntryPoint\",\"urlTemplate\":\"https:\/\/vpnly.com\/de\/?s={search_term_string}\"},\"query-input\":{\"@type\":\"PropertyValueSpecification\",\"valueRequired\":true,\"valueName\":\"search_term_string\"}}],\"inLanguage\":\"de\"},{\"@type\":\"Organization\",\"@id\":\"https:\/\/vpnly.com\/de\/#organization\",\"name\":\"VPNLY \u2b50\ufe0f Free VPN\",\"alternateName\":\"VPNLY\",\"url\":\"https:\/\/vpnly.com\/de\/\",\"logo\":{\"@type\":\"ImageObject\",\"inLanguage\":\"de\",\"@id\":\"https:\/\/vpnly.com\/de\/#\/schema\/logo\/image\/\",\"url\":\"https:\/\/vpnly.com\/wp-content\/uploads\/2025\/08\/about-us-img-2.svg\",\"contentUrl\":\"https:\/\/vpnly.com\/wp-content\/uploads\/2025\/08\/about-us-img-2.svg\",\"width\":530,\"height\":530,\"caption\":\"VPNLY \u2b50\ufe0f Free VPN\"},\"image\":{\"@id\":\"https:\/\/vpnly.com\/de\/#\/schema\/logo\/image\/\"}},{\"@context\":\"https:\/\/schema.org\/\",\"@type\":\"SoftwareApplication\",\"name\":\"VPNLY\",\"operatingSystem\":\"Windows, macOS, iOS, Android, Linux, Chrome\",\"applicationCategory\":\"SecurityApplication\",\"aggregateRating\":{\"@type\":\"AggregateRating\",\"ratingValue\":\"4.8\",\"bestRating\":\"5\",\"ratingCount\":\"25\"},\"offers\":{\"@type\":\"AggregateOffer\",\"priceCurrency\":\"USD\",\"price\":\"0\",\"lowPrice\":\"0\",\"availability\":\"https:\/\/schema.org\/InStock\"}}]}<\/script>\n<!-- \/ Yoast SEO plugin. -->","yoast_head_json":{"description":"KOSTENLOSER FUNKTIONIERENDER VPN F\u00dcR ANDERE PLATTFORMEN","robots":{"index":"index","follow":"follow","max-snippet":"max-snippet:-1","max-image-preview":"max-image-preview:large","max-video-preview":"max-video-preview:-1"},"canonical":"https:\/\/vpnly.com\/de\/our-products\/","og_locale":"de_DE","og_type":"article","og_title":"Unsere Produkte - vpnly","og_description":"KOSTENLOSER FUNKTIONIERENDER VPN F\u00dcR ANDERE PLATTFORMEN","og_url":"https:\/\/vpnly.com\/de\/our-products\/","og_site_name":"VPNLY","article_modified_time":"2025-10-08T10:48:34+00:00","twitter_card":"summary_large_image","twitter_misc":{"Est. reading time":"1 Minute"},"schema":{"@context":"https:\/\/schema.org","@graph":[{"@type":"WebPage","@id":"https:\/\/vpnly.com\/de\/our-products\/","url":"https:\/\/vpnly.com\/de\/our-products\/","name":"Unsere Produkte - vpnly","isPartOf":{"@id":"https:\/\/vpnly.com\/de\/#website"},"datePublished":"2024-12-20T13:10:04+00:00","dateModified":"2025-10-08T10:48:34+00:00","description":"KOSTENLOSER FUNKTIONIERENDER VPN F\u00dcR ANDERE PLATTFORMEN","inLanguage":"de","potentialAction":[{"@type":"ReadAction","target":["https:\/\/vpnly.com\/de\/our-products\/"]}]},{"@type":"WebSite","@id":"https:\/\/vpnly.com\/de\/#website","url":"https:\/\/vpnly.com\/de\/","name":"VPNLY \u2b50\ufe0f Free VPN","description":"","publisher":{"@id":"https:\/\/vpnly.com\/de\/#organization"},"alternateName":"VPNly","potentialAction":[{"@type":"SearchAction","target":{"@type":"EntryPoint","urlTemplate":"https:\/\/vpnly.com\/de\/?s={search_term_string}"},"query-input":{"@type":"PropertyValueSpecification","valueRequired":true,"valueName":"search_term_string"}}],"inLanguage":"de"},{"@type":"Organization","@id":"https:\/\/vpnly.com\/de\/#organization","name":"VPNLY \u2b50\ufe0f Free VPN","alternateName":"VPNLY","url":"https:\/\/vpnly.com\/de\/","logo":{"@type":"ImageObject","inLanguage":"de","@id":"https:\/\/vpnly.com\/de\/#\/schema\/logo\/image\/","url":"https:\/\/vpnly.com\/wp-content\/uploads\/2025\/08\/about-us-img-2.svg","contentUrl":"https:\/\/vpnly.com\/wp-content\/uploads\/2025\/08\/about-us-img-2.svg","width":530,"height":530,"caption":"VPNLY \u2b50\ufe0f Free VPN"},"image":{"@id":"https:\/\/vpnly.com\/de\/#\/schema\/logo\/image\/"}},{"@context":"https:\/\/schema.org\/","@type":"SoftwareApplication","name":"VPNLY","operatingSystem":"Windows, macOS, iOS, Android, Linux, Chrome","applicationCategory":"SecurityApplication","aggregateRating":{"@type":"AggregateRating","ratingValue":"4.8","bestRating":"5","ratingCount":"25"},"offers":{"@type":"AggregateOffer","priceCurrency":"USD","price":"0","lowPrice":"0","availability":"https:\/\/schema.org\/InStock"}}]}},"_links":{"self":[{"href":"https:\/\/vpnly.com\/de\/wp-json\/wp\/v2\/pages\/3261","targetHints":{"allow":["GET"]}}],"collection":[{"href":"https:\/\/vpnly.com\/de\/wp-json\/wp\/v2\/pages"}],"about":[{"href":"https:\/\/vpnly.com\/de\/wp-json\/wp\/v2\/types\/page"}],"author":[{"embeddable":true,"href":"https:\/\/vpnly.com\/de\/wp-json\/wp\/v2\/users\/2"}],"replies":[{"embeddable":true,"href":"https:\/\/vpnly.com\/de\/wp-json\/wp\/v2\/comments?post=3261"}],"version-history":[{"count":1,"href":"https:\/\/vpnly.com\/de\/wp-json\/wp\/v2\/pages\/3261\/revisions"}],"predecessor-version":[{"id":157100,"href":"https:\/\/vpnly.com\/de\/wp-json\/wp\/v2\/pages\/3261\/revisions\/157100"}],"wp:attachment":[{"href":"https:\/\/vpnly.com\/de\/wp-json\/wp\/v2\/media?parent=3261"}],"curies":[{"name":"wp","href":"https:\/\/api.w.org\/{rel}","templated":true}]}}