{"id":2841,"date":"2024-12-05T12:39:25","date_gmt":"2024-12-05T12:39:25","guid":{"rendered":"https:\/\/vpnly.com\/about-us\/"},"modified":"2025-10-08T10:46:28","modified_gmt":"2025-10-08T10:46:28","slug":"about-us","status":"publish","type":"page","link":"https:\/\/vpnly.com\/fr\/about-us\/","title":{"rendered":"About us"},"content":{"rendered":"<section class=\"hero-two-columns alignfull wp-block-vpnly-hero-two-columns\">\n\t<div class=\"container\">\n\t\t<div class=\"hero-two-columns__box\">\n\t\t\t\n\n<div class=\"wp-block-group hero-two-columns__image is-layout-flow wp-block-group-is-layout-flow\">\n<figure class=\"wp-block-image\"><img decoding=\"async\" src=\"https:\/\/vpnly.com\/wp-content\/uploads\/2024\/10\/about-us-img-2.svg\" alt=\"\"\/><\/figure>\n<\/div>\n\n\n\n<h1 class=\"wp-block-heading\">Internet gratuit pour tous avec <span style=\"color: #f7971e;\">VPNLY<\/span> !<\/h1>\n\n\n\n<p>Chez VPNLY, nous sommes d\u00e9di\u00e9s \u00e0 assurer la s\u00e9curit\u00e9 de toutes vos activit\u00e9s en ligne.<br><br>Nous vous prot\u00e9geons des dangers en ligne, garantissant s\u00e9curit\u00e9, confidentialit\u00e9 et libert\u00e9. Un service VPN 100 % gratuit qui fait la diff\u00e9rence.<\/p>\n\n\t\t<\/div>\n\t<\/div>\n<\/section>\n\n\n\n<section class=\" section vpnly-section   background--ui-2 \">\n    <div class=\"container\">\n        \n\n<h2 class=\"wp-block-heading has-text-align-center\" style=\"margin-bottom:var(--wp--preset--spacing--content-2-xl)\">NOTRE MISSION<\/h2>\n\n\n\n<p class=\"has-text-align-center is-style-narrow-512\"  class=\"has-text-align-center\" style=\"margin-bottom:var(--wp--preset--spacing--content-4-xl-2)\">VPNLY est un service gratuit qui prot\u00e8ge vos informations et vous accorde un acc\u00e8s Internet illimit\u00e9.<\/p>\n\n\n\n<section class=\"icon-card__wrapper columns--3 alignfull wp-block-vpnly-card-list\">\n    \n\n<div class=\"icon-card__item icon-card-item background--ui-3 wp-block-vpnly-card-item\">\n    <div class=\"icon-card-item__title mb-16\">\n                    <div class=\"icon-card-item__img\">\n                <img decoding=\"async\" src=\"https:\/\/vpnly.com\/wp-content\/uploads\/2024\/06\/download-cards-icon-4.svg\" alt=\"\" aria-hidden=\"true\" role=\"presentation\" width=\"34\" height=\"35\" \/>            <\/div>\n                <h3 class=\"title-h4\">S\u00c9CURIT\u00c9 ROBUSTE<\/h3>    <\/div>\n    <div class=\"icon-card-item__content\">Naviguez sans souci. VPNLY s\u00e9curise vos donn\u00e9es avec un cryptage de 256 bits de niveau bancaire, garantissant une anonymat en ligne complet.<\/div><\/div>\n\n\n<div class=\"icon-card__item icon-card-item background--ui-3 wp-block-vpnly-card-item\">\n    <div class=\"icon-card-item__title mb-16\">\n                    <div class=\"icon-card-item__img\">\n                <img decoding=\"async\" src=\"https:\/\/vpnly.com\/wp-content\/uploads\/2024\/06\/download-cards-icon-4.svg\" alt=\"\" aria-hidden=\"true\" role=\"presentation\" width=\"34\" height=\"35\" \/>            <\/div>\n                <h3 class=\"title-h4\">CONNEXIONS ULTRA-FIABLES<\/h3>    <\/div>\n    <div class=\"icon-card-item__content\">S\u00e9lectionnez parmi divers protocoles s\u00e9curis\u00e9s (IKEV2, OpenVPN ou XRay) pour d\u00e9couvrir le m\u00e9lange id\u00e9al de vitesse et de s\u00e9curit\u00e9 adapt\u00e9 \u00e0 vos besoins.<\/div><\/div>\n\n\n<div class=\"icon-card__item icon-card-item background--ui-3 wp-block-vpnly-card-item\">\n    <div class=\"icon-card-item__title mb-16\">\n                    <div class=\"icon-card-item__img\">\n                <img decoding=\"async\" src=\"https:\/\/vpnly.com\/wp-content\/uploads\/2024\/06\/download-cards-icon-4.svg\" alt=\"\" aria-hidden=\"true\" role=\"presentation\" width=\"34\" height=\"35\" \/>            <\/div>\n                <h3 class=\"title-h4\">SURMONTEZ LES RESTRICTIONS<\/h3>    <\/div>\n    <div class=\"icon-card-item__content\">Acc\u00e9dez \u00e0 n&rsquo;importe quel site web ou contenu, quelle que soit votre localisation. Regardez, naviguez et explorez le web librement.<\/div><\/div>\n<\/section>\n\n\n    <\/div>\n<\/section>\n\n\n<section class=\" section vpnly-section   background-- \">\n    <div class=\"container\">\n        \n\n<div class=\"freedom alignfull wp-block-vpnly-freedom-and-safety\">\n  <div class=\"freedom__wrapper\">\n    <div class=\"freedom__column freedom__content\">\n      <div class=\"freedom__heading\">\n      <h2 class=\"section-title\">LIBERT\u00c9 ET S\u00c9CURIT\u00c9<\/h2><div class=\"freedom__text\">\u00c0 une \u00e9poque de censure croissante, nous sommes ici pour garantir votre libert\u00e9 personnelle et votre s\u00e9curit\u00e9 en ligne. Notre objectif est de garder vos donn\u00e9es priv\u00e9es, de prot\u00e9ger votre navigation et de maintenir votre anonymat. Profitez d&rsquo;un acc\u00e8s complet \u00e0 l&rsquo;information en ligne de mani\u00e8re s\u00e9curis\u00e9e et anonyme.<br \/>\r\n<br \/>\r\nNous fournissons un acc\u00e8s complet aux informations en ligne tout en garantissant votre confidentialit\u00e9 et votre s\u00e9curit\u00e9.<\/div>      <\/div>\n    <\/div>\n    <div class=\"freedom__column freedom__img\">\n      <img decoding=\"async\" width=\"1300\" height=\"802\" src=\"https:\/\/vpnly.com\/wp-content\/uploads\/2024\/11\/Img-2-1.png\" class=\"attachment-full size-full\" alt=\"\" srcset=\"https:\/\/vpnly.com\/wp-content\/uploads\/2024\/11\/Img-2-1.png 1300w, https:\/\/vpnly.com\/wp-content\/uploads\/2024\/11\/Img-2-1-300x185.png 300w, https:\/\/vpnly.com\/wp-content\/uploads\/2024\/11\/Img-2-1-1024x632.png 1024w, https:\/\/vpnly.com\/wp-content\/uploads\/2024\/11\/Img-2-1-768x474.png 768w\" sizes=\"(max-width: 1300px) 100vw, 1300px\" \/>    <\/div>\n    <div class=\"freedom__img--mobile\">\n          <\/div>\n  <\/div>\n<\/div>\n\n\n<section class=\"icon-card__wrapper columns--2 alignfull wp-block-vpnly-card-list\">\n    \n\n<div class=\"icon-card__item icon-card-item background--ui-9 wp-block-vpnly-card-item\">\n    <div class=\"icon-card-item__title mb-20\">\n                    <div class=\"icon-card-item__img\">\n                <img decoding=\"async\" src=\"https:\/\/vpnly.com\/wp-content\/uploads\/2024\/06\/download-cards-icon-3.svg\" alt=\"\" aria-hidden=\"true\" role=\"presentation\" width=\"34\" height=\"35\" \/>            <\/div>\n                <h3 class=\"title-h4\">PROTECTION DE LA VIE PRIV\u00c9E<\/h3>    <\/div>\n    <div class=\"icon-card-item__content\">Nous assurons votre confidentialit\u00e9 en cryptant votre trafic et en utilisant des connexions s\u00e9curis\u00e9es. Vos activit\u00e9s en ligne sont toujours prot\u00e9g\u00e9es. Nous sommes disponibles 24 heures sur 24 pour maintenir votre vie priv\u00e9e. Notre politique de confidentialit\u00e9 est transparente, et nous vous informons rapidement de tout changement.<\/div><\/div>\n\n\n<div class=\"icon-card__item icon-card-item background--ui-9 wp-block-vpnly-card-item\">\n    <div class=\"icon-card-item__title mb-20\">\n                    <div class=\"icon-card-item__img\">\n                <img decoding=\"async\" src=\"https:\/\/vpnly.com\/wp-content\/uploads\/2024\/06\/lock.svg\" alt=\"\" aria-hidden=\"true\" role=\"presentation\" width=\"34\" height=\"35\" \/>            <\/div>\n                <h3 class=\"title-h4\">NOS VALEURS<\/h3>    <\/div>\n    <div class=\"icon-card-item__content\">Nous croyons que chacun devrait avoir la s\u00e9curit\u00e9 en ligne et la libert\u00e9 de contr\u00f4ler ses activit\u00e9s Internet. Chez VPNLY, nous visons \u00e0 prot\u00e9ger votre vie priv\u00e9e, \u00e0 vous permettre de naviguer sans restrictions et \u00e0 \u00e9chapper \u00e0 la publicit\u00e9 cibl\u00e9e bas\u00e9e sur votre localisation IP.<\/div><\/div>\n<\/section>\n\n\n    <\/div>\n<\/section>\n\n\n<section class=\" section vpnly-section   background--ui-2 \">\n    <div class=\"container\">\n        \n\n<div class=\"digital alignfull wp-block-vpnly-digital-rights\">\n  <div class=\"digital__box\">\n    <div class=\"digital__content\">\n      <h2 class=\"section-title color-white\"><mark style=\"background-color:rgba(0, 0, 0, 0)\" class=\"has-inline-color has-orange-color\">DROITS<\/mark>\u00a0NUM\u00c9RIQUES<\/h2><div class=\"section-description color-white\"><p>VPNLY accorde la plus haute priorit\u00e9 \u00e0 votre confidentialit\u00e9 et anonymat en ligne. Faites l&rsquo;exp\u00e9rience d&rsquo;un Internet v\u00e9ritablement priv\u00e9 avec VPNLY.<\/p><\/div>    <\/div>\n    <div class=\"digital__wrapper\">\n      <div class=\"digital__row\">\n        \n\n<div class=\"digital__column wp-block-vpnly-digital-rights-card\">\n    <div class=\"digital__item digital-item color-white\">\n        <h4 class=\"color-orange digital-item__title\">POLITIQUE Z\u00c9RO-JOURNAL<br><\/h4>\n        <p class=\"digital-item__content\">Nous ne suivons ni ne stockons vos donn\u00e9es.<\/p>\n    <\/div>\n<\/div>\n\n\n<div class=\"digital__column wp-block-vpnly-digital-rights-card\">\n    <div class=\"digital__item digital-item color-white\">\n        <h4 class=\"color-orange digital-item__title\">D\u00c9MARRER ANONYMEMENT<\/h4>\n        <p class=\"digital-item__content\">Connectez-vous sans inscription ni partage d&rsquo;informations personnelles.<\/p>\n    <\/div>\n<\/div>\n\n\n<div class=\"digital__column wp-block-vpnly-digital-rights-card\">\n    <div class=\"digital__item digital-item color-white\">\n        <h4 class=\"color-orange digital-item__title\">Enti\u00e8rement gratuit<\/h4>\n        <p class=\"digital-item__content\">Nous offrons un VPN enti\u00e8rement gratuit. Pas de frais cach\u00e9s<\/p>\n    <\/div>\n<\/div>\n\n\n<div class=\"digital__column wp-block-vpnly-digital-rights-card\">\n    <div class=\"digital__item digital-item color-white\">\n        <h4 class=\"color-orange digital-item__title\">UTILISER<\/h4>\n        <p class=\"digital-item__content\">Profitez de VPNLY sans aucune restriction.<\/p>\n    <\/div>\n<\/div>\n      <\/div>\n          <\/div>\n  <\/div>\n<\/div>\n\n\n    <\/div>\n<\/section>\n\n\n<section class=\"fcp section alignfull wp-block-vpnly-hero\">\n\t<div class=\"container\">\n\t\t<div class=\"fcp__content\">\n\t\t\t<h2>NOTRE HISTOIRE<\/h2><p>VPNLY a \u00e9t\u00e9 fond\u00e9 en 2017 pour offrir \u00e0 la fois libert\u00e9 et s\u00e9curit\u00e9 dans le monde en ligne. Alors que les menaces telles que les publicitaires et les escrocs sont omnipr\u00e9sentes sur Internet, nous fournissons un VPN s\u00e9curis\u00e9 avec 4 emplacements. Faites confiance \u00e0 VPNLY pour votre s\u00e9curit\u00e9 sur Internet comme des centaines de milliers d&#039;autres.<\/p>\t\t\t\t\t\t<div class=\"fcp__img\">\n\t\t\t\t<div class=\"fcp__img-wrapper\">\n\t\t\t\t<img fetchpriority=\"high\" width=\"388\" height=\"230\" src=\"https:\/\/vpnly.com\/wp-content\/uploads\/2024\/10\/Frame-738001414-388x230.webp\" class=\"main__img no-lazy-fcp\" alt=\"\" sizes=\"(max-width: 768px) 388px, 860px\" loading=\"eager\" decoding=\"sync\" srcset=\"https:\/\/vpnly.com\/wp-content\/uploads\/2024\/10\/Frame-738001414-388x230.webp 388w, https:\/\/vpnly.com\/wp-content\/uploads\/2024\/10\/Frame-738001414-300x178.webp 300w, https:\/\/vpnly.com\/wp-content\/uploads\/2024\/10\/Frame-738001414-1024x606.webp 1024w, https:\/\/vpnly.com\/wp-content\/uploads\/2024\/10\/Frame-738001414-768x455.webp 768w, https:\/\/vpnly.com\/wp-content\/uploads\/2024\/10\/Frame-738001414-1536x909.webp 1536w, https:\/\/vpnly.com\/wp-content\/uploads\/2024\/10\/Frame-738001414.webp 1720w\" \/>                    <img decoding=\"async\" src=\"https:\/\/vpnly.com\/wp-content\/themes\/vpnly\/assets\/images\/header\/bg-left.svg\" alt=\"\" aria-hidden=\"true\" role=\"presentation\" width=\"402\" height=\"785\" class=\"fcp__img-left no-lazy\" \/>\n                    <img decoding=\"async\" src=\"https:\/\/vpnly.com\/wp-content\/themes\/vpnly\/assets\/images\/header\/bg-right.svg\" alt=\"\" aria-hidden=\"true\" role=\"presentation\" width=\"401\" height=\"785\" class=\"fcp__img-right no-lazy\" \/>\n\t\t\t\t<\/div>\n\t\t\t<\/div>\n\t\t<\/div>\n\n\t\t\t<\/div>\n<\/section>\n","protected":false},"excerpt":{"rendered":"","protected":false},"author":1,"featured_media":0,"parent":0,"menu_order":0,"comment_status":"closed","ping_status":"closed","template":"","meta":{"_acf_changed":false,"footnotes":""},"class_list":["post-2841","page","type-page","status-publish","hentry"],"acf":[],"yoast_head":"<!-- This site is optimized with the Yoast SEO plugin v24.6 - https:\/\/yoast.com\/wordpress\/plugins\/seo\/ -->\n<meta name=\"description\" content=\"Utilisez un VPN enti\u00e8rement gratuit de VPNLY et assurez votre s\u00e9curit\u00e9 et votre vie priv\u00e9e en ligne.\" \/>\n<meta name=\"robots\" content=\"index, follow, max-snippet:-1, max-image-preview:large, max-video-preview:-1\" \/>\n<link rel=\"canonical\" href=\"https:\/\/vpnly.com\/fr\/about-us\/\" \/>\n<meta property=\"og:locale\" content=\"fr_FR\" \/>\n<meta property=\"og:type\" content=\"article\" \/>\n<meta property=\"og:title\" content=\"\u00c0 propos de nous | VPNLY\" \/>\n<meta property=\"og:description\" content=\"Utilisez un VPN enti\u00e8rement gratuit de VPNLY et assurez votre s\u00e9curit\u00e9 et votre vie priv\u00e9e en ligne.\" \/>\n<meta property=\"og:url\" content=\"https:\/\/vpnly.com\/fr\/about-us\/\" \/>\n<meta property=\"og:site_name\" content=\"VPNLY\" \/>\n<meta property=\"article:modified_time\" content=\"2025-10-08T10:46:28+00:00\" \/>\n<meta property=\"og:image\" content=\"https:\/\/vpnly.com\/wp-content\/uploads\/2024\/10\/about-us-img-2.svg\" \/>\n<meta name=\"twitter:card\" content=\"summary_large_image\" \/>\n<meta name=\"twitter:label1\" content=\"Est. reading time\" \/>\n\t<meta name=\"twitter:data1\" content=\"1 minute\" \/>\n<script type=\"application\/ld+json\" class=\"yoast-schema-graph\">{\"@context\":\"https:\/\/schema.org\",\"@graph\":[{\"@type\":\"WebPage\",\"@id\":\"https:\/\/vpnly.com\/fr\/about-us\/\",\"url\":\"https:\/\/vpnly.com\/fr\/about-us\/\",\"name\":\"\u00c0 propos de nous | VPNLY\",\"isPartOf\":{\"@id\":\"https:\/\/vpnly.com\/fr\/#website\"},\"primaryImageOfPage\":{\"@id\":\"https:\/\/vpnly.com\/fr\/about-us\/#primaryimage\"},\"image\":{\"@id\":\"https:\/\/vpnly.com\/fr\/about-us\/#primaryimage\"},\"thumbnailUrl\":\"https:\/\/vpnly.com\/wp-content\/uploads\/2024\/10\/about-us-img-2.svg\",\"datePublished\":\"2024-12-05T12:39:25+00:00\",\"dateModified\":\"2025-10-08T10:46:28+00:00\",\"description\":\"Utilisez un VPN enti\u00e8rement gratuit de VPNLY et assurez votre s\u00e9curit\u00e9 et votre vie priv\u00e9e en ligne.\",\"inLanguage\":\"fr-FR\",\"potentialAction\":[{\"@type\":\"ReadAction\",\"target\":[\"https:\/\/vpnly.com\/fr\/about-us\/\"]}]},{\"@type\":\"ImageObject\",\"inLanguage\":\"fr-FR\",\"@id\":\"https:\/\/vpnly.com\/fr\/about-us\/#primaryimage\",\"url\":\"https:\/\/vpnly.com\/wp-content\/uploads\/2024\/10\/about-us-img-2.svg\",\"contentUrl\":\"https:\/\/vpnly.com\/wp-content\/uploads\/2024\/10\/about-us-img-2.svg\"},{\"@type\":\"WebSite\",\"@id\":\"https:\/\/vpnly.com\/fr\/#website\",\"url\":\"https:\/\/vpnly.com\/fr\/\",\"name\":\"VPNLY \u2b50\ufe0f Free VPN\",\"description\":\"\",\"publisher\":{\"@id\":\"https:\/\/vpnly.com\/fr\/#organization\"},\"alternateName\":\"VPNly\",\"potentialAction\":[{\"@type\":\"SearchAction\",\"target\":{\"@type\":\"EntryPoint\",\"urlTemplate\":\"https:\/\/vpnly.com\/fr\/?s={search_term_string}\"},\"query-input\":{\"@type\":\"PropertyValueSpecification\",\"valueRequired\":true,\"valueName\":\"search_term_string\"}}],\"inLanguage\":\"fr-FR\"},{\"@type\":\"Organization\",\"@id\":\"https:\/\/vpnly.com\/fr\/#organization\",\"name\":\"VPNLY \u2b50\ufe0f Free VPN\",\"alternateName\":\"VPNLY\",\"url\":\"https:\/\/vpnly.com\/fr\/\",\"logo\":{\"@type\":\"ImageObject\",\"inLanguage\":\"fr-FR\",\"@id\":\"https:\/\/vpnly.com\/fr\/#\/schema\/logo\/image\/\",\"url\":\"https:\/\/vpnly.com\/wp-content\/uploads\/2025\/08\/about-us-img-2.svg\",\"contentUrl\":\"https:\/\/vpnly.com\/wp-content\/uploads\/2025\/08\/about-us-img-2.svg\",\"width\":530,\"height\":530,\"caption\":\"VPNLY \u2b50\ufe0f Free VPN\"},\"image\":{\"@id\":\"https:\/\/vpnly.com\/fr\/#\/schema\/logo\/image\/\"}},{\"@context\":\"https:\/\/schema.org\/\",\"@type\":\"SoftwareApplication\",\"name\":\"VPNLY\",\"operatingSystem\":\"Windows, macOS, iOS, Android, Linux, Chrome\",\"applicationCategory\":\"SecurityApplication\",\"aggregateRating\":{\"@type\":\"AggregateRating\",\"ratingValue\":\"4.8\",\"bestRating\":\"5\",\"ratingCount\":\"25\"},\"offers\":{\"@type\":\"AggregateOffer\",\"priceCurrency\":\"USD\",\"price\":\"0\",\"lowPrice\":\"0\",\"availability\":\"https:\/\/schema.org\/InStock\"}}]}<\/script>\n<!-- \/ Yoast SEO plugin. -->","yoast_head_json":{"description":"Utilisez un VPN enti\u00e8rement gratuit de VPNLY et assurez votre s\u00e9curit\u00e9 et votre vie priv\u00e9e en ligne.","robots":{"index":"index","follow":"follow","max-snippet":"max-snippet:-1","max-image-preview":"max-image-preview:large","max-video-preview":"max-video-preview:-1"},"canonical":"https:\/\/vpnly.com\/fr\/about-us\/","og_locale":"fr_FR","og_type":"article","og_title":"\u00c0 propos de nous | VPNLY","og_description":"Utilisez un VPN enti\u00e8rement gratuit de VPNLY et assurez votre s\u00e9curit\u00e9 et votre vie priv\u00e9e en ligne.","og_url":"https:\/\/vpnly.com\/fr\/about-us\/","og_site_name":"VPNLY","article_modified_time":"2025-10-08T10:46:28+00:00","og_image":[{"url":"https:\/\/vpnly.com\/wp-content\/uploads\/2024\/10\/about-us-img-2.svg","type":"","width":"","height":""}],"twitter_card":"summary_large_image","twitter_misc":{"Est. reading time":"1 minute"},"schema":{"@context":"https:\/\/schema.org","@graph":[{"@type":"WebPage","@id":"https:\/\/vpnly.com\/fr\/about-us\/","url":"https:\/\/vpnly.com\/fr\/about-us\/","name":"\u00c0 propos de nous | VPNLY","isPartOf":{"@id":"https:\/\/vpnly.com\/fr\/#website"},"primaryImageOfPage":{"@id":"https:\/\/vpnly.com\/fr\/about-us\/#primaryimage"},"image":{"@id":"https:\/\/vpnly.com\/fr\/about-us\/#primaryimage"},"thumbnailUrl":"https:\/\/vpnly.com\/wp-content\/uploads\/2024\/10\/about-us-img-2.svg","datePublished":"2024-12-05T12:39:25+00:00","dateModified":"2025-10-08T10:46:28+00:00","description":"Utilisez un VPN enti\u00e8rement gratuit de VPNLY et assurez votre s\u00e9curit\u00e9 et votre vie priv\u00e9e en ligne.","inLanguage":"fr-FR","potentialAction":[{"@type":"ReadAction","target":["https:\/\/vpnly.com\/fr\/about-us\/"]}]},{"@type":"ImageObject","inLanguage":"fr-FR","@id":"https:\/\/vpnly.com\/fr\/about-us\/#primaryimage","url":"https:\/\/vpnly.com\/wp-content\/uploads\/2024\/10\/about-us-img-2.svg","contentUrl":"https:\/\/vpnly.com\/wp-content\/uploads\/2024\/10\/about-us-img-2.svg"},{"@type":"WebSite","@id":"https:\/\/vpnly.com\/fr\/#website","url":"https:\/\/vpnly.com\/fr\/","name":"VPNLY \u2b50\ufe0f Free VPN","description":"","publisher":{"@id":"https:\/\/vpnly.com\/fr\/#organization"},"alternateName":"VPNly","potentialAction":[{"@type":"SearchAction","target":{"@type":"EntryPoint","urlTemplate":"https:\/\/vpnly.com\/fr\/?s={search_term_string}"},"query-input":{"@type":"PropertyValueSpecification","valueRequired":true,"valueName":"search_term_string"}}],"inLanguage":"fr-FR"},{"@type":"Organization","@id":"https:\/\/vpnly.com\/fr\/#organization","name":"VPNLY \u2b50\ufe0f Free VPN","alternateName":"VPNLY","url":"https:\/\/vpnly.com\/fr\/","logo":{"@type":"ImageObject","inLanguage":"fr-FR","@id":"https:\/\/vpnly.com\/fr\/#\/schema\/logo\/image\/","url":"https:\/\/vpnly.com\/wp-content\/uploads\/2025\/08\/about-us-img-2.svg","contentUrl":"https:\/\/vpnly.com\/wp-content\/uploads\/2025\/08\/about-us-img-2.svg","width":530,"height":530,"caption":"VPNLY \u2b50\ufe0f Free VPN"},"image":{"@id":"https:\/\/vpnly.com\/fr\/#\/schema\/logo\/image\/"}},{"@context":"https:\/\/schema.org\/","@type":"SoftwareApplication","name":"VPNLY","operatingSystem":"Windows, macOS, iOS, Android, Linux, Chrome","applicationCategory":"SecurityApplication","aggregateRating":{"@type":"AggregateRating","ratingValue":"4.8","bestRating":"5","ratingCount":"25"},"offers":{"@type":"AggregateOffer","priceCurrency":"USD","price":"0","lowPrice":"0","availability":"https:\/\/schema.org\/InStock"}}]}},"_links":{"self":[{"href":"https:\/\/vpnly.com\/fr\/wp-json\/wp\/v2\/pages\/2841","targetHints":{"allow":["GET"]}}],"collection":[{"href":"https:\/\/vpnly.com\/fr\/wp-json\/wp\/v2\/pages"}],"about":[{"href":"https:\/\/vpnly.com\/fr\/wp-json\/wp\/v2\/types\/page"}],"author":[{"embeddable":true,"href":"https:\/\/vpnly.com\/fr\/wp-json\/wp\/v2\/users\/1"}],"replies":[{"embeddable":true,"href":"https:\/\/vpnly.com\/fr\/wp-json\/wp\/v2\/comments?post=2841"}],"version-history":[{"count":1,"href":"https:\/\/vpnly.com\/fr\/wp-json\/wp\/v2\/pages\/2841\/revisions"}],"predecessor-version":[{"id":157014,"href":"https:\/\/vpnly.com\/fr\/wp-json\/wp\/v2\/pages\/2841\/revisions\/157014"}],"wp:attachment":[{"href":"https:\/\/vpnly.com\/fr\/wp-json\/wp\/v2\/media?parent=2841"}],"curies":[{"name":"wp","href":"https:\/\/api.w.org\/{rel}","templated":true}]}}