{"id":2996,"date":"2024-07-01T10:15:39","date_gmt":"2024-07-01T10:15:39","guid":{"rendered":"https:\/\/vpnly.com\/cookies\/"},"modified":"2025-11-18T12:24:31","modified_gmt":"2025-11-18T12:24:31","slug":"cookies","status":"publish","type":"page","link":"https:\/\/vpnly.com\/fr\/cookies\/","title":{"rendered":"Politique en mati\u00e8re de cookies"},"content":{"rendered":"\n<p>FREE VPN UNLIMITED (ci-apr\u00e8s d\u00e9nomm\u00e9e \u00ab la Soci\u00e9t\u00e9 \u00bb, \u00ab nous \u00bb ou \u00ab notre \u00bb) est propri\u00e9taire et exploitant du service VPN connu sous la marque VPNLY (ci-apr\u00e8s d\u00e9nomm\u00e9 \u00ab VPNLY \u00bb ou \u00ab le Service \u00bb).<\/p>\n\n\n\n<p>Ci-apr\u00e8s, pour plus de clart\u00e9 et de coh\u00e9rence, le terme VPNLY peut d\u00e9signer \u00e0 la fois la marque et la soci\u00e9t\u00e9 exploitant le service.<\/p>\n\n\n\n<h2 class=\"wp-block-heading\">Date d&rsquo;entr\u00e9e en vigueur :<\/h2>\n\n\n\n<p>Chez VPNLY, nous utilisons des cookies, des pixels et des technologies comparables (collectivement appel\u00e9s \u00ab cookies \u00bb) pour assurer le bon fonctionnement de nos sites web (vpnly.com et domaines connexes), des applications VPNLY et d&rsquo;autres services connect\u00e9s (collectivement, les \u00ab Services \u00bb). La pr\u00e9sente politique en mati\u00e8re de cookies vise \u00e0 compl\u00e9ter notre politique de confidentialit\u00e9. Elle d\u00e9crit ce que sont les cookies, les types que nous utilisons, les raisons de leur utilisation et la mani\u00e8re dont vous pouvez les g\u00e9rer.<\/p>\n\n\n\n<h2 class=\"wp-block-heading\">Que sont les cookies ?<\/h2>\n\n\n\n<p>Ces petits fichiers texte sont stock\u00e9s dans le navigateur de l&rsquo;utilisateur final lorsqu&rsquo;il visite un site web. Ces fichiers contiennent des informations crypt\u00e9es, g\u00e9n\u00e9ralement une s\u00e9quence de lettres et de chiffres, qui aident le site web \u00e0 reconna\u00eetre l&rsquo;appareil de l&rsquo;utilisateur et \u00e0 m\u00e9moriser ses pr\u00e9f\u00e9rences pour ses prochaines visites. Il a \u00e9t\u00e9 d\u00e9montr\u00e9 que l&rsquo;utilisation de cookies am\u00e9liore la fonctionnalit\u00e9, facilite la navigation et permet d&rsquo;am\u00e9liorer les services. Il est \u00e0 noter que ces dispositifs ne peuvent pas endommager l&rsquo;appareil sur lequel ils sont install\u00e9s.<\/p>\n\n\n\n<h2 class=\"wp-block-heading\">Cat\u00e9gories de cookies que nous utilisons<\/h2>\n\n\n\n<h3 class=\"wp-block-heading\">Par source :<\/h3>\n\n\n\n<p>Cookies propri\u00e9taires : ils sont cr\u00e9\u00e9s directement par les sites web ou les applications VPNLY.<\/p>\n\n\n\n<p>Cookies tiers : ces ressources sont strat\u00e9giquement positionn\u00e9es par nos partenaires de confiance afin de faciliter l&rsquo;analyse, les paiements, la publicit\u00e9 et d&rsquo;autres fonctions essentielles.<\/p>\n\n\n\n<h3 class=\"wp-block-heading\">Par dur\u00e9e de vie :<\/h3>\n\n\n\n<p>Cookies de session : ces donn\u00e9es sont automatiquement supprim\u00e9es lorsque le navigateur est ferm\u00e9.<\/p>\n\n\n\n<p>Cookies persistants : il est imp\u00e9ratif de maintenir la persistance de la session jusqu&rsquo;\u00e0 la date d&rsquo;expiration d\u00e9sign\u00e9e ou jusqu&rsquo;\u00e0 ce que la suppression manuelle soit initi\u00e9e.<\/p>\n\n\n\n<h3 class=\"wp-block-heading\">Par objectif :<\/h3>\n\n\n\n<p>Les cookies suivants sont strictement n\u00e9cessaires : il est imp\u00e9ratif d&rsquo;activer les mesures de s\u00e9curit\u00e9, d&rsquo;assurer la fonctionnalit\u00e9 des syst\u00e8mes essentiels et de faciliter une navigation fluide. En l&rsquo;absence de ces composants, la fonctionnalit\u00e9 de nos services peut \u00eatre compromise.<\/p>\n\n\n\n<p>Cookies de pr\u00e9f\u00e9rence : il est imp\u00e9ratif d&rsquo;enregistrer vos param\u00e8tres, y compris la pr\u00e9f\u00e9rence linguistique, afin d&rsquo;\u00e9viter d&rsquo;avoir \u00e0 les reconfigurer \u00e0 chaque fois.<\/p>\n\n\n\n<p>Cookies analytiques : il est imp\u00e9ratif de fournir des informations anonymis\u00e9es sur la mani\u00e8re dont les visiteurs utilisent nos services. Cela nous aidera \u00e0 identifier et \u00e0 corriger les probl\u00e8mes et \u00e0 am\u00e9liorer les performances.<\/p>\n\n\n\n<p>Cookies publicitaires : il est imp\u00e9ratif d&rsquo;enregistrer les interactions avec nos sites web et nos supports marketing afin de pouvoir proposer des offres pertinentes et mesurer l&rsquo;efficacit\u00e9 de nos campagnes.<\/p>\n\n\n\n<p>Il est important de noter que tous les cookies utilis\u00e9s par VPNLY sont anonymis\u00e9s. Ces cookies ne sont pas corr\u00e9l\u00e9s \u00e0 l&rsquo;activit\u00e9 VPN, aux donn\u00e9es de trafic ou aux identifiants personnels d&rsquo;un utilisateur. Il est imp\u00e9ratif de noter que la s\u00e9paration des donn\u00e9es des cookies de l&rsquo;utilisation du VPN est mise en \u0153uvre avec la plus grande rigueur, garantissant ainsi la confidentialit\u00e9 des activit\u00e9s de navigation des utilisateurs lorsqu&rsquo;ils utilisent le r\u00e9seau VPNLY.<\/p>\n\n\n\n<h2 class=\"wp-block-heading\">Nos partenaires de confiance<\/h2>\n\n\n\n<p>La soci\u00e9t\u00e9 peut faire appel \u00e0 des prestataires externes pour l&rsquo;analyse, le traitement des paiements, la pr\u00e9vention de la fraude, la s\u00e9curit\u00e9, le service client et la publicit\u00e9. Il peut s&rsquo;agir notamment de :<\/p>\n\n\n\n<p>Google \u2013 analyse, publicit\u00e9, outils de s\u00e9curit\u00e9.<\/p>\n\n\n\n<p>Cloudflare \u2013 protection du r\u00e9seau et optimisation des performances.<\/p>\n\n\n\n<p>Stripe \u2013 traitement s\u00e9curis\u00e9 des transactions en ligne.<\/p>\n\n\n\n<p>Microsoft \u2013 publicit\u00e9 et analyse.<\/p>\n\n\n\n<p>Zendesk \u2013 assistance client\u00e8le en direct.<\/p>\n\n\n\n<p>CJ Affiliate \u2013 suivi des affili\u00e9s et des r\u00e9f\u00e9rences.<\/p>\n\n\n\n<p>Pour plus d&rsquo;informations sur leurs pratiques en mati\u00e8re de cookies, veuillez vous r\u00e9f\u00e9rer \u00e0 leurs politiques de confidentialit\u00e9 respectives.<\/p>\n\n\n\n<h2 class=\"wp-block-heading\">Comment contr\u00f4ler les cookies<\/h2>\n\n\n\n<p>La plupart des navigateurs web offrent aux utilisateurs la possibilit\u00e9 de restreindre ou d&rsquo;\u00e9liminer les cookies via le menu des param\u00e8tres. Des guides sont disponibles aux liens suivants :<\/p>\n\n\n\n<p>Chrome<\/p>\n\n\n\n<p>Safari<\/p>\n\n\n\n<p>Firefox<\/p>\n\n\n\n<p>Opera<\/p>\n\n\n\n<p>Edge<\/p>\n\n\n\n<p>Il est imp\u00e9ratif de garder \u00e0 l&rsquo;esprit que la d\u00e9sactivation des cookies peut avoir un impact n\u00e9gatif sur les performances du site web et restreindre l&rsquo;acc\u00e8s \u00e0 certaines fonctionnalit\u00e9s.<\/p>\n\n\n\n<h2 class=\"wp-block-heading\">Mises \u00e0 jour de la pr\u00e9sente politique<\/h2>\n\n\n\n<p>La pr\u00e9sente politique en mati\u00e8re de cookies peut \u00eatre r\u00e9vis\u00e9e p\u00e9riodiquement afin de refl\u00e9ter les progr\u00e8s technologiques, les changements r\u00e9glementaires ou les modifications dans l&rsquo;utilisation des cookies. La date indiqu\u00e9e en haut de cette page correspondra toujours \u00e0 la version la plus r\u00e9cente.<\/p>\n\n\n\n<h2 class=\"wp-block-heading\">Coordonn\u00e9es<\/h2>\n\n\n\n<p>Si vous avez des questions sur les cookies ou sur la mani\u00e8re dont VPNLY les utilise, veuillez nous contacter \u00e0 l&rsquo;adresse suivante : support@vpnly.com<\/p>\n\n\n\n<p>Pour toute question relative \u00e0 la confidentialit\u00e9, veuillez contacter notre d\u00e9l\u00e9gu\u00e9 \u00e0 la protection des donn\u00e9es (DPO) : support@vpnly.com<\/p>\n","protected":false},"excerpt":{"rendered":"<p>FREE VPN UNLIMITED (ci-apr\u00e8s d\u00e9nomm\u00e9e \u00ab la Soci\u00e9t\u00e9 \u00bb, \u00ab nous \u00bb ou \u00ab notre \u00bb) est propri\u00e9taire et exploitant du service VPN connu sous la marque VPNLY (ci-apr\u00e8s d\u00e9nomm\u00e9 \u00ab VPNLY \u00bb ou \u00ab le Service \u00bb). Ci-apr\u00e8s, pour plus de clart\u00e9 et de coh\u00e9rence, le terme VPNLY peut d\u00e9signer \u00e0 la fois la [&hellip;]<\/p>\n","protected":false},"author":1,"featured_media":0,"parent":0,"menu_order":0,"comment_status":"closed","ping_status":"closed","template":"page-terms.php","meta":{"_acf_changed":false,"footnotes":""},"class_list":["post-2996","page","type-page","status-publish","hentry"],"acf":[],"yoast_head":"<!-- This site is optimized with the Yoast SEO plugin v24.6 - https:\/\/yoast.com\/wordpress\/plugins\/seo\/ -->\n<meta name=\"description\" content=\"VPNLY Politique des cookies\" \/>\n<meta name=\"robots\" content=\"index, follow, max-snippet:-1, max-image-preview:large, max-video-preview:-1\" \/>\n<link rel=\"canonical\" href=\"https:\/\/vpnly.com\/fr\/cookies\/\" \/>\n<meta property=\"og:locale\" content=\"fr_FR\" \/>\n<meta property=\"og:type\" content=\"article\" \/>\n<meta property=\"og:title\" content=\"Politique des cookies - vpnly\" \/>\n<meta property=\"og:description\" content=\"VPNLY Politique des cookies\" \/>\n<meta property=\"og:url\" content=\"https:\/\/vpnly.com\/fr\/cookies\/\" \/>\n<meta property=\"og:site_name\" content=\"VPNLY\" \/>\n<meta property=\"article:modified_time\" content=\"2025-11-18T12:24:31+00:00\" \/>\n<meta name=\"twitter:card\" content=\"summary_large_image\" \/>\n<meta name=\"twitter:label1\" content=\"Est. reading time\" \/>\n\t<meta name=\"twitter:data1\" content=\"4 minutes\" \/>\n<script type=\"application\/ld+json\" class=\"yoast-schema-graph\">{\"@context\":\"https:\/\/schema.org\",\"@graph\":[{\"@type\":\"WebPage\",\"@id\":\"https:\/\/vpnly.com\/fr\/cookies\/\",\"url\":\"https:\/\/vpnly.com\/fr\/cookies\/\",\"name\":\"Politique des cookies - vpnly\",\"isPartOf\":{\"@id\":\"https:\/\/vpnly.com\/fr\/#website\"},\"datePublished\":\"2024-07-01T10:15:39+00:00\",\"dateModified\":\"2025-11-18T12:24:31+00:00\",\"description\":\"VPNLY Politique des cookies\",\"inLanguage\":\"fr-FR\",\"potentialAction\":[{\"@type\":\"ReadAction\",\"target\":[\"https:\/\/vpnly.com\/fr\/cookies\/\"]}]},{\"@type\":\"WebSite\",\"@id\":\"https:\/\/vpnly.com\/fr\/#website\",\"url\":\"https:\/\/vpnly.com\/fr\/\",\"name\":\"VPNLY \u2b50\ufe0f Free VPN\",\"description\":\"\",\"publisher\":{\"@id\":\"https:\/\/vpnly.com\/fr\/#organization\"},\"alternateName\":\"VPNly\",\"potentialAction\":[{\"@type\":\"SearchAction\",\"target\":{\"@type\":\"EntryPoint\",\"urlTemplate\":\"https:\/\/vpnly.com\/fr\/?s={search_term_string}\"},\"query-input\":{\"@type\":\"PropertyValueSpecification\",\"valueRequired\":true,\"valueName\":\"search_term_string\"}}],\"inLanguage\":\"fr-FR\"},{\"@type\":\"Organization\",\"@id\":\"https:\/\/vpnly.com\/fr\/#organization\",\"name\":\"VPNLY \u2b50\ufe0f Free VPN\",\"alternateName\":\"VPNLY\",\"url\":\"https:\/\/vpnly.com\/fr\/\",\"logo\":{\"@type\":\"ImageObject\",\"inLanguage\":\"fr-FR\",\"@id\":\"https:\/\/vpnly.com\/fr\/#\/schema\/logo\/image\/\",\"url\":\"https:\/\/vpnly.com\/wp-content\/uploads\/2025\/08\/about-us-img-2.svg\",\"contentUrl\":\"https:\/\/vpnly.com\/wp-content\/uploads\/2025\/08\/about-us-img-2.svg\",\"width\":530,\"height\":530,\"caption\":\"VPNLY \u2b50\ufe0f Free VPN\"},\"image\":{\"@id\":\"https:\/\/vpnly.com\/fr\/#\/schema\/logo\/image\/\"}},{\"@context\":\"https:\/\/schema.org\/\",\"@type\":\"SoftwareApplication\",\"name\":\"VPNLY\",\"operatingSystem\":\"Windows, macOS, iOS, Android, Linux, Chrome\",\"applicationCategory\":\"SecurityApplication\",\"aggregateRating\":{\"@type\":\"AggregateRating\",\"ratingValue\":\"4.8\",\"bestRating\":\"5\",\"ratingCount\":\"25\"},\"offers\":{\"@type\":\"AggregateOffer\",\"priceCurrency\":\"USD\",\"price\":\"0\",\"lowPrice\":\"0\",\"availability\":\"https:\/\/schema.org\/InStock\"}}]}<\/script>\n<!-- \/ Yoast SEO plugin. -->","yoast_head_json":{"description":"VPNLY Politique des cookies","robots":{"index":"index","follow":"follow","max-snippet":"max-snippet:-1","max-image-preview":"max-image-preview:large","max-video-preview":"max-video-preview:-1"},"canonical":"https:\/\/vpnly.com\/fr\/cookies\/","og_locale":"fr_FR","og_type":"article","og_title":"Politique des cookies - vpnly","og_description":"VPNLY Politique des cookies","og_url":"https:\/\/vpnly.com\/fr\/cookies\/","og_site_name":"VPNLY","article_modified_time":"2025-11-18T12:24:31+00:00","twitter_card":"summary_large_image","twitter_misc":{"Est. reading time":"4 minutes"},"schema":{"@context":"https:\/\/schema.org","@graph":[{"@type":"WebPage","@id":"https:\/\/vpnly.com\/fr\/cookies\/","url":"https:\/\/vpnly.com\/fr\/cookies\/","name":"Politique des cookies - vpnly","isPartOf":{"@id":"https:\/\/vpnly.com\/fr\/#website"},"datePublished":"2024-07-01T10:15:39+00:00","dateModified":"2025-11-18T12:24:31+00:00","description":"VPNLY Politique des cookies","inLanguage":"fr-FR","potentialAction":[{"@type":"ReadAction","target":["https:\/\/vpnly.com\/fr\/cookies\/"]}]},{"@type":"WebSite","@id":"https:\/\/vpnly.com\/fr\/#website","url":"https:\/\/vpnly.com\/fr\/","name":"VPNLY \u2b50\ufe0f Free VPN","description":"","publisher":{"@id":"https:\/\/vpnly.com\/fr\/#organization"},"alternateName":"VPNly","potentialAction":[{"@type":"SearchAction","target":{"@type":"EntryPoint","urlTemplate":"https:\/\/vpnly.com\/fr\/?s={search_term_string}"},"query-input":{"@type":"PropertyValueSpecification","valueRequired":true,"valueName":"search_term_string"}}],"inLanguage":"fr-FR"},{"@type":"Organization","@id":"https:\/\/vpnly.com\/fr\/#organization","name":"VPNLY \u2b50\ufe0f Free VPN","alternateName":"VPNLY","url":"https:\/\/vpnly.com\/fr\/","logo":{"@type":"ImageObject","inLanguage":"fr-FR","@id":"https:\/\/vpnly.com\/fr\/#\/schema\/logo\/image\/","url":"https:\/\/vpnly.com\/wp-content\/uploads\/2025\/08\/about-us-img-2.svg","contentUrl":"https:\/\/vpnly.com\/wp-content\/uploads\/2025\/08\/about-us-img-2.svg","width":530,"height":530,"caption":"VPNLY \u2b50\ufe0f Free VPN"},"image":{"@id":"https:\/\/vpnly.com\/fr\/#\/schema\/logo\/image\/"}},{"@context":"https:\/\/schema.org\/","@type":"SoftwareApplication","name":"VPNLY","operatingSystem":"Windows, macOS, iOS, Android, Linux, Chrome","applicationCategory":"SecurityApplication","aggregateRating":{"@type":"AggregateRating","ratingValue":"4.8","bestRating":"5","ratingCount":"25"},"offers":{"@type":"AggregateOffer","priceCurrency":"USD","price":"0","lowPrice":"0","availability":"https:\/\/schema.org\/InStock"}}]}},"_links":{"self":[{"href":"https:\/\/vpnly.com\/fr\/wp-json\/wp\/v2\/pages\/2996","targetHints":{"allow":["GET"]}}],"collection":[{"href":"https:\/\/vpnly.com\/fr\/wp-json\/wp\/v2\/pages"}],"about":[{"href":"https:\/\/vpnly.com\/fr\/wp-json\/wp\/v2\/types\/page"}],"author":[{"embeddable":true,"href":"https:\/\/vpnly.com\/fr\/wp-json\/wp\/v2\/users\/1"}],"replies":[{"embeddable":true,"href":"https:\/\/vpnly.com\/fr\/wp-json\/wp\/v2\/comments?post=2996"}],"version-history":[{"count":1,"href":"https:\/\/vpnly.com\/fr\/wp-json\/wp\/v2\/pages\/2996\/revisions"}],"predecessor-version":[{"id":157719,"href":"https:\/\/vpnly.com\/fr\/wp-json\/wp\/v2\/pages\/2996\/revisions\/157719"}],"wp:attachment":[{"href":"https:\/\/vpnly.com\/fr\/wp-json\/wp\/v2\/media?parent=2996"}],"curies":[{"name":"wp","href":"https:\/\/api.w.org\/{rel}","templated":true}]}}