{"id":3012,"date":"2024-07-01T08:38:24","date_gmt":"2024-07-01T08:38:24","guid":{"rendered":"https:\/\/vpnly.com\/terms\/"},"modified":"2026-01-27T11:24:54","modified_gmt":"2026-01-27T11:24:54","slug":"terms","status":"publish","type":"page","link":"https:\/\/vpnly.com\/fr\/terms\/","title":{"rendered":"Conditions d&rsquo;utilisation"},"content":{"rendered":"\n<p>FREE VPN UNLIMITED (ci-apr\u00e8s d\u00e9nomm\u00e9e \u00ab la Soci\u00e9t\u00e9 \u00bb, \u00ab nous \u00bb ou \u00ab notre \u00bb) est propri\u00e9taire et exploitant du service VPN connu sous la marque VPNLY (ci-apr\u00e8s d\u00e9nomm\u00e9 \u00ab VPNLY \u00bb ou \u00ab le Service \u00bb).<\/p>\n\n\n\n<p>Ci-apr\u00e8s, pour plus de clart\u00e9 et de coh\u00e9rence, le terme VPNLY peut d\u00e9signer \u00e0 la fois la marque et la soci\u00e9t\u00e9 exploitant le service.<\/p>\n\n\n\n<h2 class=\"wp-block-heading\">Date d&rsquo;entr\u00e9e en vigueur :<\/h2>\n\n\n\n<p>Les conditions d&rsquo;utilisation suivantes (ci-apr\u00e8s d\u00e9nomm\u00e9es \u00ab Conditions \u00bb) r\u00e9gissent l&rsquo;acc\u00e8s et l&rsquo;utilisation des sites web VPNLY (vpnly.com), des applications VPNLY (ci-apr\u00e8s d\u00e9nomm\u00e9es \u00ab Applications \u00bb) et de tous les services connexes (collectivement, les \u00ab Services \u00bb). En acc\u00e9dant ou en utilisant nos sites Web, applications ou services, vous confirmez par la pr\u00e9sente que vous avez lu, compris et accept\u00e9 d&rsquo;\u00eatre li\u00e9 par les pr\u00e9sentes Conditions.<\/p>\n\n\n\n<p>Dans le cas o\u00f9 une personne accepte les Conditions au nom d&rsquo;une organisation ou d&rsquo;un employeur, elle d\u00e9clare et garantit par l\u00e0 m\u00eame qu&rsquo;elle a le pouvoir de lier cette entit\u00e9 aux pr\u00e9sentes Conditions.<\/p>\n\n\n\n<p>Les pr\u00e9sentes Conditions, conjointement avec la Politique de confidentialit\u00e9 et les autres politiques publi\u00e9es, constituent un accord juridiquement contraignant entre l&rsquo;Utilisateur et VPNLY. Si l&rsquo;une des dispositions des pr\u00e9sentes Conditions est jug\u00e9e inacceptable, il est respectueusement demand\u00e9 de ne pas installer les Applications ou d&rsquo;utiliser les Services.<\/p>\n\n\n\n<h2 class=\"wp-block-heading\">1. G\u00e9n\u00e9ralit\u00e9s<\/h2>\n\n\n\n<p>Les services fournis par notre organisation comprennent un r\u00e9seau priv\u00e9 virtuel (VPN) con\u00e7u pour am\u00e9liorer la s\u00e9curit\u00e9 et la confidentialit\u00e9 en ligne.<\/p>\n\n\n\n<p>Il convient de noter que certaines fonctionnalit\u00e9s peuvent n\u00e9cessiter la cr\u00e9ation d&rsquo;un compte. La personne est responsable de toutes les actions et transactions effectu\u00e9es sous son compte, cette responsabilit\u00e9 s&rsquo;\u00e9tendant aux actions de tiers utilisant le compte.<\/p>\n\n\n\n<p>Il est important de noter que cette entit\u00e9 ne pratique pas l&rsquo;enregistrement des activit\u00e9s en ligne. La cr\u00e9ation d&rsquo;un compte peut entra\u00eener la collecte d&rsquo;informations minimales, y compris, mais sans s&rsquo;y limiter, une adresse \u00e9lectronique et un mot de passe. Dans le cas d&rsquo;abonnements payants, les d\u00e9tails du paiement seront demand\u00e9s. Il est imp\u00e9ratif que ces informations soient exactes et \u00e0 jour.<\/p>\n\n\n\n<p>Il incombe \u00e0 l&rsquo;utilisateur de pr\u00e9server la confidentialit\u00e9 de ses identifiants de connexion. En cas d&rsquo;utilisation non autoris\u00e9e, l&rsquo;utilisateur est tenu d&rsquo;en informer imm\u00e9diatement les autorit\u00e9s comp\u00e9tentes. Il est imp\u00e9ratif de noter que l&rsquo;utilisation de nos services se fait \u00e0 la discr\u00e9tion de chacun. La soci\u00e9t\u00e9 se r\u00e9serve le droit de modifier, suspendre ou interrompre tout aspect des Services \u00e0 tout moment et sans pr\u00e9avis.<\/p>\n\n\n\n<h2 class=\"wp-block-heading\">2. Modifications des conditions<\/h2>\n\n\n\n<p>Les pr\u00e9sentes conditions peuvent \u00eatre mises \u00e0 jour \u00e0 tout moment par la publication d&rsquo;une nouvelle version sur le site web. La date de la derni\u00e8re r\u00e9vision est indiqu\u00e9e en haut de cette page. Conform\u00e9ment \u00e0 ce qui pr\u00e9c\u00e8de, la poursuite de l&rsquo;utilisation des services apr\u00e8s la mise en \u0153uvre des modifications apport\u00e9es aux conditions signifie que l&rsquo;utilisateur reconna\u00eet et accepte les conditions r\u00e9vis\u00e9es.<\/p>\n\n\n\n<h2 class=\"wp-block-heading\">3. Confidentialit\u00e9<\/h2>\n\n\n\n<p>VPNLY ne suit ni n&rsquo;enregistre l&rsquo;activit\u00e9 de navigation de l&rsquo;utilisateur, y compris les sites web visit\u00e9s, les requ\u00eates DNS ou les e-mails. Il est reconnu que l&rsquo;objectif de l&rsquo;enregistrement des tentatives de connexion techniques est de faciliter les mesures de s\u00e9curit\u00e9 et de d\u00e9pannage.<\/p>\n\n\n\n<p>La diffusion de donn\u00e9es personnelles \u00e0 des tiers n&rsquo;est pas une pratique courante de cette institution, sauf dans les cas sp\u00e9cifi\u00e9s dans la [Politique de confidentialit\u00e9] de l&rsquo;institution. Les demandes gouvernementales ne sont honor\u00e9es que lorsqu&rsquo;elles sont juridiquement contraignantes et rel\u00e8vent de la juridiction appropri\u00e9e.<\/p>\n\n\n\n<h2 class=\"wp-block-heading\">4. Services tiers<\/h2>\n\n\n\n<p>Il convient de noter que les applications et les sites Web examin\u00e9s peuvent contenir du contenu ou des liens provenant de tiers. L&rsquo;entit\u00e9 n&rsquo;exerce aucun contr\u00f4le sur ces ressources et n&rsquo;est pas responsable de leurs conditions, politiques ou disponibilit\u00e9. Il est important de noter que l&rsquo;utilisation de services tiers se fait \u00e0 la discr\u00e9tion de chacun.<\/p>\n\n\n\n<h2 class=\"wp-block-heading\">5. Licence<\/h2>\n\n\n\n<p>Une licence limit\u00e9e, personnelle, r\u00e9vocable et non transf\u00e9rable d&rsquo;utilisation des applications, des sites web et des services est accord\u00e9e par la pr\u00e9sente. Tous les droits sur le logiciel, la conception et le contenu restent la propri\u00e9t\u00e9 de VPNLY.<\/p>\n\n\n\n<p>Les services sont destin\u00e9s \u00e0 un usage personnel uniquement et ne peuvent \u00eatre copi\u00e9s, modifi\u00e9s, revendus, lou\u00e9s ou alt\u00e9r\u00e9s de quelque mani\u00e8re que ce soit. Toute tentative de r\u00e9tro-ing\u00e9nierie, de d\u00e9compilation ou de piratage des services est strictement interdite.<\/p>\n\n\n\n<h2 class=\"wp-block-heading\">6. Abonnements<\/h2>\n\n\n\n<p>Nous proposons des versions gratuites et payantes de nos Services.<\/p>\n\n\n\n<h3 class=\"wp-block-heading\">6.1 Dur\u00e9e et prix<\/h3>\n\n\n\n<p>Les informations concernant les formules d&rsquo;abonnement et les tarifs actuels sont disponibles sur les Applications et sur notre site web. Les ajustements de prix effectu\u00e9s par VPNLY seront mis en \u0153uvre apr\u00e8s notification pr\u00e9alable aux clients.<\/p>\n\n\n\n<h3 class=\"wp-block-heading\">6.2 Abonnement Premium<\/h3>\n\n\n\n<p>VPNLY propose des abonnements Premium d\u2019une dur\u00e9e de 1 semaine, 1 mois ou 1 an. Les abonnements Premium permettent d\u2019acc\u00e9der \u00e0 l\u2019ensemble des fonctionnalit\u00e9s avanc\u00e9es ainsi qu\u2019aux services prioritaires, conform\u00e9ment aux conditions applicables au plan choisi.<\/p>\n\n\n\n<h3 class=\"wp-block-heading\">6.3 Essais gratuits<\/h3>\n\n\n\n<p>Nous pouvons occasionnellement proposer des essais gratuits de fonctionnalit\u00e9s premium. Les conditions de l&rsquo;essai gratuit sont fournies s\u00e9par\u00e9ment. Si vous ne r\u00e9siliez pas avant la fin de la p\u00e9riode d&rsquo;essai, votre mode de paiement sera d\u00e9bit\u00e9 pour la p\u00e9riode suivante.<\/p>\n\n\n\n<h3 class=\"wp-block-heading\">6.4 Renouvellement automatique<\/h3>\n\n\n\n<p>Par d\u00e9faut, les abonnements sont soumis \u00e0 un renouvellement automatique, \u00e0 condition que le mode de paiement utilis\u00e9 ait \u00e9t\u00e9 confirm\u00e9 comme actif. Le renouvellement automatique peut \u00eatre d\u00e9sactiv\u00e9 dans les param\u00e8tres du compte.<\/p>\n\n\n\n<h3 class=\"wp-block-heading\">6.5 Paiements et remboursements<\/h3>\n\n\n\n<p>Tous les paiements sont trait\u00e9s par des prestataires tiers. Les achats effectu\u00e9s sur notre site web sont couverts par une garantie de remboursement :<\/p>\n\n\n\n<p>5 jours pour le forfait d\u2019un mois;<\/p>\n\n\n\n<p>30 jours pour le forfait d\u2019un an.<\/p>\n\n\n\n<p>Forfait d\u2019une semaine \u2013 aucun remboursement.<\/p>\n\n\n\n<p>Les paiements en cryptomonnaie ne sont pas remboursables sur aucun forfait.<\/p>\n\n\n\n<p>Les renouvellements ne donnent pas droit \u00e0 un remboursement. Pour les achats effectu\u00e9s via des boutiques d&rsquo;applications (telles que l&rsquo;App Store d&rsquo;Apple ou Google Play), les remboursements sont soumis aux politiques respectives de ces boutiques.<\/p>\n\n\n\n<h2 class=\"wp-block-heading\">7. Utilisations interdites<\/h2>\n\n\n\n<p>Vous acceptez de ne pas utiliser les Services \u00e0 des fins :<\/p>\n\n\n\n<p>ill\u00e9gales, frauduleuses ou malveillantes ;<\/p>\n\n\n\n<p>d&rsquo;envoi de spam ou de distribution de logiciels malveillants ;<\/p>\n\n\n\n<p>de violation des droits de propri\u00e9t\u00e9 intellectuelle ;<\/p>\n\n\n\n<p>de publication de contenu impliquant la violence, la haine ou l&rsquo;exploitation de mineurs ;<\/p>\n\n\n\n<p>d&rsquo;acc\u00e8s non autoris\u00e9 au syst\u00e8me\/r\u00e9seau (\u00ab piratage \u00bb) ;<\/p>\n\n\n\n<p>d&rsquo;activit\u00e9s militaires ou de cyberguerre ;<\/p>\n\n\n\n<p>de tentative d&rsquo;interf\u00e9rence ou de contournement des syst\u00e8mes VPNLY.<\/p>\n\n\n\n<p>Nous nous r\u00e9servons le droit de r\u00e9silier sans remboursement les comptes qui enfreignent les pr\u00e9sentes Conditions.<\/p>\n\n\n\n<h2 class=\"wp-block-heading\">8. Exclusion de garanties<\/h2>\n\n\n\n<p>Les Services sont fournis \u00ab tels quels \u00bb et ne sont accompagn\u00e9s d&rsquo;aucune garantie d&rsquo;aucune sorte. Il convient de noter que le service ininterrompu, le fonctionnement sans erreur et la compatibilit\u00e9 avec tous les appareils ne sont pas garantis. Il est important de noter que l&rsquo;utilisation de VPNLY est effectu\u00e9e \u00e0 la discr\u00e9tion et aux risques de l&rsquo;utilisateur.<\/p>\n\n\n\n<h2 class=\"wp-block-heading\">9. Limitation de responsabilit\u00e9<\/h2>\n\n\n\n<p>VPNLY, ses employ\u00e9s et ses partenaires commerciaux ne sont pas responsables des dommages, directs ou indirects, y compris, mais sans s&rsquo;y limiter, la perte de donn\u00e9es, l&rsquo;interruption d&rsquo;activit\u00e9 ou la perte de profits, qui pourraient r\u00e9sulter de l&rsquo;utilisation des Services. La responsabilit\u00e9 maximale des parties susmentionn\u00e9es est limit\u00e9e au montant pay\u00e9 pour les Services.<\/p>\n\n\n\n<h2 class=\"wp-block-heading\">10. Indemnisation<\/h2>\n\n\n\n<p>En acceptant les pr\u00e9sentes Conditions, vous acceptez d&rsquo;indemniser et de d\u00e9gager VPNLY de toute responsabilit\u00e9 en cas de r\u00e9clamations, dommages ou d\u00e9penses r\u00e9sultant de votre violation des pr\u00e9sentes Conditions ou de votre utilisation abusive des Services.<\/p>\n\n\n\n<h2 class=\"wp-block-heading\">11. Arbitrage<\/h2>\n\n\n\n<p>La gouvernance des pr\u00e9sentes Conditions est soumise au cadre juridique de la Suisse. En cas de litige, l&rsquo;affaire sera soumise \u00e0 l&rsquo;arbitrage conform\u00e9ment au R\u00e8glement suisse d&rsquo;arbitrage international du Centre suisse d&rsquo;arbitrage. La proc\u00e9dure se d\u00e9roulera en anglais et la sentence arbitrale sera d\u00e9finitive et contraignante pour les parties.<\/p>\n","protected":false},"excerpt":{"rendered":"<p>FREE VPN UNLIMITED (ci-apr\u00e8s d\u00e9nomm\u00e9e \u00ab la Soci\u00e9t\u00e9 \u00bb, \u00ab nous \u00bb ou \u00ab notre \u00bb) est propri\u00e9taire et exploitant du service VPN connu sous la marque VPNLY (ci-apr\u00e8s d\u00e9nomm\u00e9 \u00ab VPNLY \u00bb ou \u00ab le Service \u00bb). Ci-apr\u00e8s, pour plus de clart\u00e9 et de coh\u00e9rence, le terme VPNLY peut d\u00e9signer \u00e0 la fois la [&hellip;]<\/p>\n","protected":false},"author":1,"featured_media":0,"parent":0,"menu_order":0,"comment_status":"closed","ping_status":"closed","template":"page-terms.php","meta":{"_acf_changed":false,"footnotes":""},"class_list":["post-3012","page","type-page","status-publish","hentry"],"acf":[],"yoast_head":"<!-- This site is optimized with the Yoast SEO plugin v24.6 - https:\/\/yoast.com\/wordpress\/plugins\/seo\/ -->\n<meta name=\"description\" content=\"Conditions de service VPNLY\" \/>\n<meta name=\"robots\" content=\"index, follow, max-snippet:-1, max-image-preview:large, max-video-preview:-1\" \/>\n<link rel=\"canonical\" href=\"https:\/\/vpnly.com\/fr\/terms\/\" \/>\n<meta property=\"og:locale\" content=\"fr_FR\" \/>\n<meta property=\"og:type\" content=\"article\" \/>\n<meta property=\"og:title\" content=\"Conditions d&#039;utilisation | VPNLY\" \/>\n<meta property=\"og:description\" content=\"Conditions de service VPNLY\" \/>\n<meta property=\"og:url\" content=\"https:\/\/vpnly.com\/fr\/terms\/\" \/>\n<meta property=\"og:site_name\" content=\"VPNLY\" \/>\n<meta property=\"article:modified_time\" content=\"2026-01-27T11:24:54+00:00\" \/>\n<meta name=\"twitter:card\" content=\"summary_large_image\" \/>\n<meta name=\"twitter:label1\" content=\"Est. reading time\" \/>\n\t<meta name=\"twitter:data1\" content=\"6 minutes\" \/>\n<script type=\"application\/ld+json\" class=\"yoast-schema-graph\">{\"@context\":\"https:\/\/schema.org\",\"@graph\":[{\"@type\":\"WebPage\",\"@id\":\"https:\/\/vpnly.com\/fr\/terms\/\",\"url\":\"https:\/\/vpnly.com\/fr\/terms\/\",\"name\":\"Conditions d'utilisation | VPNLY\",\"isPartOf\":{\"@id\":\"https:\/\/vpnly.com\/fr\/#website\"},\"datePublished\":\"2024-07-01T08:38:24+00:00\",\"dateModified\":\"2026-01-27T11:24:54+00:00\",\"description\":\"Conditions de service VPNLY\",\"inLanguage\":\"fr-FR\",\"potentialAction\":[{\"@type\":\"ReadAction\",\"target\":[\"https:\/\/vpnly.com\/fr\/terms\/\"]}]},{\"@type\":\"WebSite\",\"@id\":\"https:\/\/vpnly.com\/fr\/#website\",\"url\":\"https:\/\/vpnly.com\/fr\/\",\"name\":\"VPNLY \u2b50\ufe0f Free VPN\",\"description\":\"\",\"publisher\":{\"@id\":\"https:\/\/vpnly.com\/fr\/#organization\"},\"alternateName\":\"VPNly\",\"potentialAction\":[{\"@type\":\"SearchAction\",\"target\":{\"@type\":\"EntryPoint\",\"urlTemplate\":\"https:\/\/vpnly.com\/fr\/?s={search_term_string}\"},\"query-input\":{\"@type\":\"PropertyValueSpecification\",\"valueRequired\":true,\"valueName\":\"search_term_string\"}}],\"inLanguage\":\"fr-FR\"},{\"@type\":\"Organization\",\"@id\":\"https:\/\/vpnly.com\/fr\/#organization\",\"name\":\"VPNLY \u2b50\ufe0f Free VPN\",\"alternateName\":\"VPNLY\",\"url\":\"https:\/\/vpnly.com\/fr\/\",\"logo\":{\"@type\":\"ImageObject\",\"inLanguage\":\"fr-FR\",\"@id\":\"https:\/\/vpnly.com\/fr\/#\/schema\/logo\/image\/\",\"url\":\"https:\/\/vpnly.com\/wp-content\/uploads\/2025\/08\/about-us-img-2.svg\",\"contentUrl\":\"https:\/\/vpnly.com\/wp-content\/uploads\/2025\/08\/about-us-img-2.svg\",\"width\":530,\"height\":530,\"caption\":\"VPNLY \u2b50\ufe0f Free VPN\"},\"image\":{\"@id\":\"https:\/\/vpnly.com\/fr\/#\/schema\/logo\/image\/\"}},{\"@context\":\"https:\/\/schema.org\/\",\"@type\":\"SoftwareApplication\",\"name\":\"VPNLY\",\"operatingSystem\":\"Windows, macOS, iOS, Android, Linux, Chrome\",\"applicationCategory\":\"SecurityApplication\",\"aggregateRating\":{\"@type\":\"AggregateRating\",\"ratingValue\":\"4.8\",\"bestRating\":\"5\",\"ratingCount\":\"25\"},\"offers\":{\"@type\":\"AggregateOffer\",\"priceCurrency\":\"USD\",\"price\":\"0\",\"lowPrice\":\"0\",\"availability\":\"https:\/\/schema.org\/InStock\"}}]}<\/script>\n<!-- \/ Yoast SEO plugin. -->","yoast_head_json":{"description":"Conditions de service VPNLY","robots":{"index":"index","follow":"follow","max-snippet":"max-snippet:-1","max-image-preview":"max-image-preview:large","max-video-preview":"max-video-preview:-1"},"canonical":"https:\/\/vpnly.com\/fr\/terms\/","og_locale":"fr_FR","og_type":"article","og_title":"Conditions d'utilisation | VPNLY","og_description":"Conditions de service VPNLY","og_url":"https:\/\/vpnly.com\/fr\/terms\/","og_site_name":"VPNLY","article_modified_time":"2026-01-27T11:24:54+00:00","twitter_card":"summary_large_image","twitter_misc":{"Est. reading time":"6 minutes"},"schema":{"@context":"https:\/\/schema.org","@graph":[{"@type":"WebPage","@id":"https:\/\/vpnly.com\/fr\/terms\/","url":"https:\/\/vpnly.com\/fr\/terms\/","name":"Conditions d'utilisation | VPNLY","isPartOf":{"@id":"https:\/\/vpnly.com\/fr\/#website"},"datePublished":"2024-07-01T08:38:24+00:00","dateModified":"2026-01-27T11:24:54+00:00","description":"Conditions de service VPNLY","inLanguage":"fr-FR","potentialAction":[{"@type":"ReadAction","target":["https:\/\/vpnly.com\/fr\/terms\/"]}]},{"@type":"WebSite","@id":"https:\/\/vpnly.com\/fr\/#website","url":"https:\/\/vpnly.com\/fr\/","name":"VPNLY \u2b50\ufe0f Free VPN","description":"","publisher":{"@id":"https:\/\/vpnly.com\/fr\/#organization"},"alternateName":"VPNly","potentialAction":[{"@type":"SearchAction","target":{"@type":"EntryPoint","urlTemplate":"https:\/\/vpnly.com\/fr\/?s={search_term_string}"},"query-input":{"@type":"PropertyValueSpecification","valueRequired":true,"valueName":"search_term_string"}}],"inLanguage":"fr-FR"},{"@type":"Organization","@id":"https:\/\/vpnly.com\/fr\/#organization","name":"VPNLY \u2b50\ufe0f Free VPN","alternateName":"VPNLY","url":"https:\/\/vpnly.com\/fr\/","logo":{"@type":"ImageObject","inLanguage":"fr-FR","@id":"https:\/\/vpnly.com\/fr\/#\/schema\/logo\/image\/","url":"https:\/\/vpnly.com\/wp-content\/uploads\/2025\/08\/about-us-img-2.svg","contentUrl":"https:\/\/vpnly.com\/wp-content\/uploads\/2025\/08\/about-us-img-2.svg","width":530,"height":530,"caption":"VPNLY \u2b50\ufe0f Free VPN"},"image":{"@id":"https:\/\/vpnly.com\/fr\/#\/schema\/logo\/image\/"}},{"@context":"https:\/\/schema.org\/","@type":"SoftwareApplication","name":"VPNLY","operatingSystem":"Windows, macOS, iOS, Android, Linux, Chrome","applicationCategory":"SecurityApplication","aggregateRating":{"@type":"AggregateRating","ratingValue":"4.8","bestRating":"5","ratingCount":"25"},"offers":{"@type":"AggregateOffer","priceCurrency":"USD","price":"0","lowPrice":"0","availability":"https:\/\/schema.org\/InStock"}}]}},"_links":{"self":[{"href":"https:\/\/vpnly.com\/fr\/wp-json\/wp\/v2\/pages\/3012","targetHints":{"allow":["GET"]}}],"collection":[{"href":"https:\/\/vpnly.com\/fr\/wp-json\/wp\/v2\/pages"}],"about":[{"href":"https:\/\/vpnly.com\/fr\/wp-json\/wp\/v2\/types\/page"}],"author":[{"embeddable":true,"href":"https:\/\/vpnly.com\/fr\/wp-json\/wp\/v2\/users\/1"}],"replies":[{"embeddable":true,"href":"https:\/\/vpnly.com\/fr\/wp-json\/wp\/v2\/comments?post=3012"}],"version-history":[{"count":9,"href":"https:\/\/vpnly.com\/fr\/wp-json\/wp\/v2\/pages\/3012\/revisions"}],"predecessor-version":[{"id":160523,"href":"https:\/\/vpnly.com\/fr\/wp-json\/wp\/v2\/pages\/3012\/revisions\/160523"}],"wp:attachment":[{"href":"https:\/\/vpnly.com\/fr\/wp-json\/wp\/v2\/media?parent=3012"}],"curies":[{"name":"wp","href":"https:\/\/api.w.org\/{rel}","templated":true}]}}