{"id":2829,"date":"2024-12-05T12:39:00","date_gmt":"2024-12-05T12:39:00","guid":{"rendered":"https:\/\/vpnly.com\/about-us\/"},"modified":"2025-10-08T10:46:29","modified_gmt":"2025-10-08T10:46:29","slug":"about-us","status":"publish","type":"page","link":"https:\/\/vpnly.com\/tr\/about-us\/","title":{"rendered":"About us"},"content":{"rendered":"<section class=\"hero-two-columns alignfull wp-block-vpnly-hero-two-columns\">\n\t<div class=\"container\">\n\t\t<div class=\"hero-two-columns__box\">\n\t\t\t\n\n<div class=\"wp-block-group hero-two-columns__image is-layout-flow wp-block-group-is-layout-flow\">\n<figure class=\"wp-block-image\"><img decoding=\"async\" src=\"https:\/\/vpnly.com\/wp-content\/uploads\/2024\/10\/about-us-img-2.svg\" alt=\"\"\/><\/figure>\n<\/div>\n\n\n\n<h1 class=\"wp-block-heading\"><span style=\"color: #f7971e;\">VPNLY<\/span>&#8216;den herkes i\u00e7in \u00f6zg\u00fcr internet!<\/h1>\n\n\n\n<p>VPNLY olarak kendimizi t\u00fcm \u00e7evrimi\u00e7i etkinli\u011finizin g\u00fcvenli\u011fini sa\u011flamaya adad\u0131k.<br><br>Sizi \u00e7evrimi\u00e7i tehlikelerden koruyarak g\u00fcvenlik, gizlilik ve \u00f6zg\u00fcrl\u00fck sa\u011fl\u0131yoruz. Fark yaratan %100 \u00fccretsiz bir VPN hizmeti.<\/p>\n\n\t\t<\/div>\n\t<\/div>\n<\/section>\n\n\n\n<section class=\"section vpnly-section   background--ui-2   alignfull wp-block-vpnly-section\">\n    <div class=\"container\">\n\t\t\n\n<h2 class=\"wp-block-heading has-text-align-center\" style=\"margin-bottom:var(--wp--preset--spacing--content-2-xl)\">M\u0130SYONUMUZ<\/h2>\n\n\n\n<p class=\"has-text-align-center is-style-narrow-512\"  class=\"has-text-align-center\" style=\"margin-bottom:var(--wp--preset--spacing--content-4-xl-2)\">VPNLY, bilgilerinizi koruyan ve s\u0131n\u0131rs\u0131z internet eri\u015fimi sa\u011flayan \u00fccretsiz bir hizmettir.<\/p>\n\n\n\n<section class=\"icon-card__wrapper columns--3 alignfull wp-block-vpnly-card-list\">\n    \n\n<div class=\"icon-card__item icon-card-item background--ui-3 wp-block-vpnly-card-item\">\n    <div class=\"icon-card-item__title mb-16\">\n                    <div class=\"icon-card-item__img\">\n                <img decoding=\"async\" src=\"https:\/\/vpnly.com\/wp-content\/uploads\/2024\/06\/download-cards-icon-4.svg\" alt=\"\" aria-hidden=\"true\" role=\"presentation\" width=\"34\" height=\"35\" \/>            <\/div>\n                <h3 class=\"title-h4\">G\u00dc\u00c7L\u00dc G\u00dcVENL\u0130K<\/h3>    <\/div>\n    <div class=\"icon-card-item__content\">\u0130nternette endi\u015fe duymadan gezinin. VPNLY, verilerinizi 256 bitlik banka d\u00fczeyinde \u015fifrelemeyle g\u00fcvence alt\u0131na alarak tam \u00e7evrimi\u00e7i anonimlik sa\u011flar.<\/div><\/div>\n\n\n<div class=\"icon-card__item icon-card-item background--ui-3 wp-block-vpnly-card-item\">\n    <div class=\"icon-card-item__title mb-16\">\n                    <div class=\"icon-card-item__img\">\n                <img decoding=\"async\" src=\"https:\/\/vpnly.com\/wp-content\/uploads\/2024\/06\/download-cards-icon-4.svg\" alt=\"\" aria-hidden=\"true\" role=\"presentation\" width=\"34\" height=\"35\" \/>            <\/div>\n                <h3 class=\"title-h4\">ULTRA G\u00dcVEN\u0130L\u0130R BA\u011eLANTILAR<\/h3>    <\/div>\n    <div class=\"icon-card-item__content\">\u0130htiya\u00e7lar\u0131n\u0131za uygun h\u0131z ve g\u00fcvenlik dengesini ke\u015ffetmek i\u00e7in \u00e7e\u015fitli g\u00fcvenli protokoller (IKEV2, OpenVPN veya XRay) aras\u0131ndan se\u00e7im yap\u0131n.<\/div><\/div>\n\n\n<div class=\"icon-card__item icon-card-item background--ui-3 wp-block-vpnly-card-item\">\n    <div class=\"icon-card-item__title mb-16\">\n                    <div class=\"icon-card-item__img\">\n                <img decoding=\"async\" src=\"https:\/\/vpnly.com\/wp-content\/uploads\/2024\/06\/download-cards-icon-4.svg\" alt=\"\" aria-hidden=\"true\" role=\"presentation\" width=\"34\" height=\"35\" \/>            <\/div>\n                <h3 class=\"title-h4\">KISITLAMALARI A\u015eIN<\/h3>    <\/div>\n    <div class=\"icon-card-item__content\">Konumunuzdan ba\u011f\u0131ms\u0131z olarak herhangi bir web sitesine veya i\u00e7eri\u011fe eri\u015fin. \u0130nternette \u00f6zg\u00fcrce yay\u0131n izleyin, gezinin ve ke\u015ffedin.<\/div><\/div>\n<\/section>\n\n    <\/div>\n<\/section>\n\n\n\n<section class=\"section vpnly-section   background--   alignfull wp-block-vpnly-section\">\n    <div class=\"container\">\n\t\t\n\n<div class=\"freedom alignfull wp-block-vpnly-freedom-and-safety\">\n  <div class=\"freedom__wrapper\">\n    <div class=\"freedom__column freedom__content\">\n      <div class=\"freedom__heading\">\n      <h2 class=\"section-title\">\u00d6ZG\u00dcRL\u00dcK VE G\u00dcVENL\u0130K<\/h2><div class=\"freedom__text\">Sans\u00fcr uygulamalar\u0131n\u0131n artt\u0131\u011f\u0131 bu d\u00f6nemde, ki\u015fisel \u00f6zg\u00fcrl\u00fc\u011f\u00fcn\u00fcz\u00fc ve \u00e7evrimi\u00e7i g\u00fcvenli\u011finizi sa\u011flamak i\u00e7in buraday\u0131z. Amac\u0131m\u0131z verilerinizi gizli tutmak, internet g\u00fcvenli\u011finizi sa\u011flamak ve anonimli\u011finizi s\u00fcrd\u00fcrmektir. \u00c7evrimi\u00e7i bilgilere g\u00fcvenli ve anonim bir \u015fekilde eri\u015fimin keyfini \u00e7\u0131kar\u0131n.<br \/>\r\n<br \/>\r\nGizlili\u011finizi ve g\u00fcvenli\u011finizi sa\u011flarken \u00e7evrimi\u00e7i bilgilere tam eri\u015fim sa\u011fl\u0131yoruz.<\/div>      <\/div>\n    <\/div>\n    <div class=\"freedom__column freedom__img\">\n      <img decoding=\"async\" width=\"1300\" height=\"802\" src=\"https:\/\/vpnly.com\/wp-content\/uploads\/2024\/11\/Img-2-1.png\" class=\"attachment-full size-full\" alt=\"\" srcset=\"https:\/\/vpnly.com\/wp-content\/uploads\/2024\/11\/Img-2-1.png 1300w, https:\/\/vpnly.com\/wp-content\/uploads\/2024\/11\/Img-2-1-300x185.png 300w, https:\/\/vpnly.com\/wp-content\/uploads\/2024\/11\/Img-2-1-1024x632.png 1024w, https:\/\/vpnly.com\/wp-content\/uploads\/2024\/11\/Img-2-1-768x474.png 768w\" sizes=\"(max-width: 1300px) 100vw, 1300px\" \/>    <\/div>\n    <div class=\"freedom__img--mobile\">\n          <\/div>\n  <\/div>\n<\/div>\n\n\n<section class=\"icon-card__wrapper columns--2 alignfull wp-block-vpnly-card-list\">\n    \n\n<div class=\"icon-card__item icon-card-item background--ui-9 wp-block-vpnly-card-item\">\n    <div class=\"icon-card-item__title mb-20\">\n                    <div class=\"icon-card-item__img\">\n                <img decoding=\"async\" src=\"https:\/\/vpnly.com\/wp-content\/uploads\/2024\/06\/download-cards-icon-3.svg\" alt=\"\" aria-hidden=\"true\" role=\"presentation\" width=\"34\" height=\"35\" \/>            <\/div>\n                <h3 class=\"title-h4\">G\u0130ZL\u0130L\u0130K KORUMASI<\/h3>    <\/div>\n    <div class=\"icon-card-item__content\">Trafi\u011finizi \u015fifreleyerek ve g\u00fcvenli ba\u011flant\u0131lar kullanarak gizlili\u011finizi sa\u011fl\u0131yoruz. \u00c7evrimi\u00e7i etkinli\u011finize her zaman korunur. Gizlili\u011finizi korumak i\u00e7in g\u00fcn\u00fcn her saati hizmetinizdeyiz. Gizlilik politikam\u0131z \u015feffaft\u0131r ve herhangi bir de\u011fi\u015fiklik oldu\u011funda sizi derhal bilgilendiririz.<\/div><\/div>\n\n\n<div class=\"icon-card__item icon-card-item background--ui-9 wp-block-vpnly-card-item\">\n    <div class=\"icon-card-item__title mb-20\">\n                    <div class=\"icon-card-item__img\">\n                <img decoding=\"async\" src=\"https:\/\/vpnly.com\/wp-content\/uploads\/2024\/06\/lock.svg\" alt=\"\" aria-hidden=\"true\" role=\"presentation\" width=\"34\" height=\"35\" \/>            <\/div>\n                <h3 class=\"title-h4\">DE\u011eERLER\u0130M\u0130Z<\/h3>    <\/div>\n    <div class=\"icon-card-item__content\">Herkesin \u00e7evrimi\u00e7i g\u00fcvenli\u011fe ve internet aktivitelerini kontrol etme \u00f6zg\u00fcrl\u00fc\u011f\u00fcne sahip olmas\u0131 gerekti\u011fine inan\u0131yoruz. VPNLY&#8217;de, gizlili\u011finizi korumay\u0131, s\u0131n\u0131rs\u0131z internetin keyfini \u00e7\u0131karman\u0131z\u0131 ve IP konumunuza g\u00f6re hedeflenen reklamlardan ka\u00e7\u0131nman\u0131z\u0131 sa\u011flamay\u0131 hedefliyoruz.<\/div><\/div>\n<\/section>\n\n    <\/div>\n<\/section>\n\n\n\n<section class=\"section vpnly-section   background--ui-2   alignfull wp-block-vpnly-section\">\n    <div class=\"container\">\n\t\t\n\n<div class=\"digital alignfull wp-block-vpnly-digital-rights\">\n  <div class=\"digital__box\">\n    <div class=\"digital__content\">\n      <h2 class=\"section-title color-white\"><mark style=\"background-color:rgba(0, 0, 0, 0)\" class=\"has-inline-color has-orange-color\">D\u0130J\u0130TAL<\/mark>\u00a0HAKLAR<\/h2><div class=\"section-description color-white\"><p>VPNLY, \u00e7evrimi\u00e7i gizlili\u011finize ve anonimli\u011finize en y\u00fcksek \u00f6nceli\u011fi verir. VPNLY ile ger\u00e7ekten gizli bir internet deneyimi ya\u015fay\u0131n.<br><a href=\"https:\/\/vpnly.com\/servers\/\"><\/a><\/p><\/div>    <\/div>\n    <div class=\"digital__wrapper\">\n      <div class=\"digital__row\">\n        \n\n<div class=\"digital__column wp-block-vpnly-digital-rights-card\">\n    <div class=\"digital__item digital-item color-white\">\n        <h4 class=\"color-orange digital-item__title\">SIFIR KAYIT POL\u0130T\u0130KASI<\/h4>\n        <p class=\"digital-item__content\">Verilerinizi izlemiyor veya saklam\u0131yoruz<\/p>\n    <\/div>\n<\/div>\n\n\n<div class=\"digital__column wp-block-vpnly-digital-rights-card\">\n    <div class=\"digital__item digital-item color-white\">\n        <h4 class=\"color-orange digital-item__title\">ANON\u0130M BA\u015eLANGI\u00c7<\/h4>\n        <p class=\"digital-item__content\">\u00dcyelik olu\u015fturmadan veya hi\u00e7bir ki\u015fisel bilgi payla\u015fmadan ba\u011flan\u0131n<\/p>\n    <\/div>\n<\/div>\n\n\n<div class=\"digital__column wp-block-vpnly-digital-rights-card\">\n    <div class=\"digital__item digital-item color-white\">\n        <h4 class=\"color-orange digital-item__title\">Tamamen \u00dccretsiz<\/h4>\n        <p class=\"digital-item__content\">Tamamen \u00fccretsiz bir VPN sunuyoruz. Hi\u00e7bir gizli \u00fccret yok.<\/p>\n    <\/div>\n<\/div>\n\n\n<div class=\"digital__column wp-block-vpnly-digital-rights-card\">\n    <div class=\"digital__item digital-item color-white\">\n        <h4 class=\"color-orange digital-item__title\">KULLANIN<\/h4>\n        <p class=\"digital-item__content\">VPNLY&#8217;yi hi\u00e7bir k\u0131s\u0131tlama olmadan kullan\u0131n<\/p>\n    <\/div>\n<\/div>\n      <\/div>\n          <\/div>\n  <\/div>\n<\/div>\n\n    <\/div>\n<\/section>\n\n\n\n<section class=\"fcp section alignfull wp-block-vpnly-hero\">\n\t<div class=\"container\">\n\t\t<div class=\"fcp__content\">\n\t\t\t<h2>TAR\u0130H\u0130M\u0130Z<\/h2><p>VPNLY, \u00e7evrimi\u00e7i d\u00fcnyada hem \u00f6zg\u00fcrl\u00fck hem de g\u00fcvenlik sunmak i\u00e7in 2017 y\u0131l\u0131nda kuruldu. Reklamc\u0131lar ve doland\u0131r\u0131c\u0131lar gibi tehditler internette yayg\u0131n olsa da, 4 lokasyonda g\u00fcvenli bir VPN hizmeti sa\u011fl\u0131yoruz. Y\u00fcz binlerce ki\u015fi gibi siz de internette g\u00fcvenlik i\u00e7in VPNLY&#039;ye g\u00fcvenin.<\/p>\t\t\t\t\t\t<div class=\"fcp__img\">\n\t\t\t\t<div class=\"fcp__img-wrapper\">\n\t\t\t\t<img fetchpriority=\"high\" width=\"388\" height=\"230\" src=\"https:\/\/vpnly.com\/wp-content\/uploads\/2024\/10\/Frame-738001414-388x230.webp\" class=\"main__img no-lazy-fcp\" alt=\"\" sizes=\"(max-width: 768px) 388px, 860px\" loading=\"eager\" decoding=\"sync\" srcset=\"https:\/\/vpnly.com\/wp-content\/uploads\/2024\/10\/Frame-738001414-388x230.webp 388w, https:\/\/vpnly.com\/wp-content\/uploads\/2024\/10\/Frame-738001414-300x178.webp 300w, https:\/\/vpnly.com\/wp-content\/uploads\/2024\/10\/Frame-738001414-1024x606.webp 1024w, https:\/\/vpnly.com\/wp-content\/uploads\/2024\/10\/Frame-738001414-768x455.webp 768w, https:\/\/vpnly.com\/wp-content\/uploads\/2024\/10\/Frame-738001414-1536x909.webp 1536w, https:\/\/vpnly.com\/wp-content\/uploads\/2024\/10\/Frame-738001414.webp 1720w\" \/>                    <img decoding=\"async\" src=\"https:\/\/vpnly.com\/wp-content\/themes\/vpnly\/assets\/images\/header\/bg-left.svg\" alt=\"\" aria-hidden=\"true\" role=\"presentation\" width=\"402\" height=\"785\" class=\"fcp__img-left no-lazy\" \/>\n                    <img decoding=\"async\" src=\"https:\/\/vpnly.com\/wp-content\/themes\/vpnly\/assets\/images\/header\/bg-right.svg\" alt=\"\" aria-hidden=\"true\" role=\"presentation\" width=\"401\" height=\"785\" class=\"fcp__img-right no-lazy\" \/>\n\t\t\t\t<\/div>\n\t\t\t<\/div>\n\t\t<\/div>\n\n\t\t\t<\/div>\n<\/section>\n","protected":false},"excerpt":{"rendered":"","protected":false},"author":1,"featured_media":0,"parent":0,"menu_order":0,"comment_status":"closed","ping_status":"closed","template":"","meta":{"_acf_changed":false,"footnotes":""},"class_list":["post-2829","page","type-page","status-publish","hentry"],"acf":[],"yoast_head":"<!-- This site is optimized with the Yoast SEO plugin v24.6 - https:\/\/yoast.com\/wordpress\/plugins\/seo\/ -->\n<meta name=\"description\" content=\"VPNLY&#039;nin tamamen \u00fccretsiz VPN&#039;ini kullan\u0131n ve \u00e7evrimi\u00e7i g\u00fcvenli\u011finizi ve gizlili\u011finizi garanti alt\u0131na al\u0131n.\" \/>\n<meta name=\"robots\" content=\"index, follow, max-snippet:-1, max-image-preview:large, max-video-preview:-1\" \/>\n<link rel=\"canonical\" href=\"https:\/\/vpnly.com\/tr\/about-us\/\" \/>\n<meta property=\"og:locale\" content=\"tr_TR\" \/>\n<meta property=\"og:type\" content=\"article\" \/>\n<meta property=\"og:title\" content=\"Hakk\u0131m\u0131zda | VPNLY\" \/>\n<meta property=\"og:description\" content=\"VPNLY&#039;nin tamamen \u00fccretsiz VPN&#039;ini kullan\u0131n ve \u00e7evrimi\u00e7i g\u00fcvenli\u011finizi ve gizlili\u011finizi garanti alt\u0131na al\u0131n.\" \/>\n<meta property=\"og:url\" content=\"https:\/\/vpnly.com\/tr\/about-us\/\" \/>\n<meta property=\"og:site_name\" content=\"VPNLY\" \/>\n<meta property=\"article:modified_time\" content=\"2025-10-08T10:46:29+00:00\" \/>\n<meta property=\"og:image\" content=\"https:\/\/vpnly.com\/wp-content\/uploads\/2024\/10\/about-us-img-2.svg\" \/>\n<meta name=\"twitter:card\" content=\"summary_large_image\" \/>\n<meta name=\"twitter:label1\" content=\"Est. reading time\" \/>\n\t<meta name=\"twitter:data1\" content=\"1 dakika\" \/>\n<script type=\"application\/ld+json\" class=\"yoast-schema-graph\">{\"@context\":\"https:\/\/schema.org\",\"@graph\":[{\"@type\":\"WebPage\",\"@id\":\"https:\/\/vpnly.com\/tr\/about-us\/\",\"url\":\"https:\/\/vpnly.com\/tr\/about-us\/\",\"name\":\"Hakk\u0131m\u0131zda | VPNLY\",\"isPartOf\":{\"@id\":\"https:\/\/vpnly.com\/tr\/#website\"},\"primaryImageOfPage\":{\"@id\":\"https:\/\/vpnly.com\/tr\/about-us\/#primaryimage\"},\"image\":{\"@id\":\"https:\/\/vpnly.com\/tr\/about-us\/#primaryimage\"},\"thumbnailUrl\":\"https:\/\/vpnly.com\/wp-content\/uploads\/2024\/10\/about-us-img-2.svg\",\"datePublished\":\"2024-12-05T12:39:00+00:00\",\"dateModified\":\"2025-10-08T10:46:29+00:00\",\"description\":\"VPNLY'nin tamamen \u00fccretsiz VPN'ini kullan\u0131n ve \u00e7evrimi\u00e7i g\u00fcvenli\u011finizi ve gizlili\u011finizi garanti alt\u0131na al\u0131n.\",\"inLanguage\":\"tr\",\"potentialAction\":[{\"@type\":\"ReadAction\",\"target\":[\"https:\/\/vpnly.com\/tr\/about-us\/\"]}]},{\"@type\":\"ImageObject\",\"inLanguage\":\"tr\",\"@id\":\"https:\/\/vpnly.com\/tr\/about-us\/#primaryimage\",\"url\":\"https:\/\/vpnly.com\/wp-content\/uploads\/2024\/10\/about-us-img-2.svg\",\"contentUrl\":\"https:\/\/vpnly.com\/wp-content\/uploads\/2024\/10\/about-us-img-2.svg\"},{\"@type\":\"WebSite\",\"@id\":\"https:\/\/vpnly.com\/tr\/#website\",\"url\":\"https:\/\/vpnly.com\/tr\/\",\"name\":\"VPNLY \u2b50\ufe0f Free VPN\",\"description\":\"\",\"publisher\":{\"@id\":\"https:\/\/vpnly.com\/tr\/#organization\"},\"alternateName\":\"VPNly\",\"potentialAction\":[{\"@type\":\"SearchAction\",\"target\":{\"@type\":\"EntryPoint\",\"urlTemplate\":\"https:\/\/vpnly.com\/tr\/?s={search_term_string}\"},\"query-input\":{\"@type\":\"PropertyValueSpecification\",\"valueRequired\":true,\"valueName\":\"search_term_string\"}}],\"inLanguage\":\"tr\"},{\"@type\":\"Organization\",\"@id\":\"https:\/\/vpnly.com\/tr\/#organization\",\"name\":\"VPNLY \u2b50\ufe0f Free VPN\",\"alternateName\":\"VPNLY\",\"url\":\"https:\/\/vpnly.com\/tr\/\",\"logo\":{\"@type\":\"ImageObject\",\"inLanguage\":\"tr\",\"@id\":\"https:\/\/vpnly.com\/tr\/#\/schema\/logo\/image\/\",\"url\":\"https:\/\/vpnly.com\/wp-content\/uploads\/2025\/08\/about-us-img-2.svg\",\"contentUrl\":\"https:\/\/vpnly.com\/wp-content\/uploads\/2025\/08\/about-us-img-2.svg\",\"width\":530,\"height\":530,\"caption\":\"VPNLY \u2b50\ufe0f Free VPN\"},\"image\":{\"@id\":\"https:\/\/vpnly.com\/tr\/#\/schema\/logo\/image\/\"}},{\"@context\":\"https:\/\/schema.org\/\",\"@type\":\"SoftwareApplication\",\"name\":\"VPNLY\",\"operatingSystem\":\"Windows, macOS, iOS, Android, Linux, Chrome\",\"applicationCategory\":\"SecurityApplication\",\"aggregateRating\":{\"@type\":\"AggregateRating\",\"ratingValue\":\"4.8\",\"bestRating\":\"5\",\"ratingCount\":\"25\"},\"offers\":{\"@type\":\"AggregateOffer\",\"priceCurrency\":\"USD\",\"price\":\"0\",\"lowPrice\":\"0\",\"availability\":\"https:\/\/schema.org\/InStock\"}}]}<\/script>\n<!-- \/ Yoast SEO plugin. -->","yoast_head_json":{"description":"VPNLY'nin tamamen \u00fccretsiz VPN'ini kullan\u0131n ve \u00e7evrimi\u00e7i g\u00fcvenli\u011finizi ve gizlili\u011finizi garanti alt\u0131na al\u0131n.","robots":{"index":"index","follow":"follow","max-snippet":"max-snippet:-1","max-image-preview":"max-image-preview:large","max-video-preview":"max-video-preview:-1"},"canonical":"https:\/\/vpnly.com\/tr\/about-us\/","og_locale":"tr_TR","og_type":"article","og_title":"Hakk\u0131m\u0131zda | VPNLY","og_description":"VPNLY'nin tamamen \u00fccretsiz VPN'ini kullan\u0131n ve \u00e7evrimi\u00e7i g\u00fcvenli\u011finizi ve gizlili\u011finizi garanti alt\u0131na al\u0131n.","og_url":"https:\/\/vpnly.com\/tr\/about-us\/","og_site_name":"VPNLY","article_modified_time":"2025-10-08T10:46:29+00:00","og_image":[{"url":"https:\/\/vpnly.com\/wp-content\/uploads\/2024\/10\/about-us-img-2.svg","type":"","width":"","height":""}],"twitter_card":"summary_large_image","twitter_misc":{"Est. reading time":"1 dakika"},"schema":{"@context":"https:\/\/schema.org","@graph":[{"@type":"WebPage","@id":"https:\/\/vpnly.com\/tr\/about-us\/","url":"https:\/\/vpnly.com\/tr\/about-us\/","name":"Hakk\u0131m\u0131zda | VPNLY","isPartOf":{"@id":"https:\/\/vpnly.com\/tr\/#website"},"primaryImageOfPage":{"@id":"https:\/\/vpnly.com\/tr\/about-us\/#primaryimage"},"image":{"@id":"https:\/\/vpnly.com\/tr\/about-us\/#primaryimage"},"thumbnailUrl":"https:\/\/vpnly.com\/wp-content\/uploads\/2024\/10\/about-us-img-2.svg","datePublished":"2024-12-05T12:39:00+00:00","dateModified":"2025-10-08T10:46:29+00:00","description":"VPNLY'nin tamamen \u00fccretsiz VPN'ini kullan\u0131n ve \u00e7evrimi\u00e7i g\u00fcvenli\u011finizi ve gizlili\u011finizi garanti alt\u0131na al\u0131n.","inLanguage":"tr","potentialAction":[{"@type":"ReadAction","target":["https:\/\/vpnly.com\/tr\/about-us\/"]}]},{"@type":"ImageObject","inLanguage":"tr","@id":"https:\/\/vpnly.com\/tr\/about-us\/#primaryimage","url":"https:\/\/vpnly.com\/wp-content\/uploads\/2024\/10\/about-us-img-2.svg","contentUrl":"https:\/\/vpnly.com\/wp-content\/uploads\/2024\/10\/about-us-img-2.svg"},{"@type":"WebSite","@id":"https:\/\/vpnly.com\/tr\/#website","url":"https:\/\/vpnly.com\/tr\/","name":"VPNLY \u2b50\ufe0f Free VPN","description":"","publisher":{"@id":"https:\/\/vpnly.com\/tr\/#organization"},"alternateName":"VPNly","potentialAction":[{"@type":"SearchAction","target":{"@type":"EntryPoint","urlTemplate":"https:\/\/vpnly.com\/tr\/?s={search_term_string}"},"query-input":{"@type":"PropertyValueSpecification","valueRequired":true,"valueName":"search_term_string"}}],"inLanguage":"tr"},{"@type":"Organization","@id":"https:\/\/vpnly.com\/tr\/#organization","name":"VPNLY \u2b50\ufe0f Free VPN","alternateName":"VPNLY","url":"https:\/\/vpnly.com\/tr\/","logo":{"@type":"ImageObject","inLanguage":"tr","@id":"https:\/\/vpnly.com\/tr\/#\/schema\/logo\/image\/","url":"https:\/\/vpnly.com\/wp-content\/uploads\/2025\/08\/about-us-img-2.svg","contentUrl":"https:\/\/vpnly.com\/wp-content\/uploads\/2025\/08\/about-us-img-2.svg","width":530,"height":530,"caption":"VPNLY \u2b50\ufe0f Free VPN"},"image":{"@id":"https:\/\/vpnly.com\/tr\/#\/schema\/logo\/image\/"}},{"@context":"https:\/\/schema.org\/","@type":"SoftwareApplication","name":"VPNLY","operatingSystem":"Windows, macOS, iOS, Android, Linux, Chrome","applicationCategory":"SecurityApplication","aggregateRating":{"@type":"AggregateRating","ratingValue":"4.8","bestRating":"5","ratingCount":"25"},"offers":{"@type":"AggregateOffer","priceCurrency":"USD","price":"0","lowPrice":"0","availability":"https:\/\/schema.org\/InStock"}}]}},"_links":{"self":[{"href":"https:\/\/vpnly.com\/tr\/wp-json\/wp\/v2\/pages\/2829","targetHints":{"allow":["GET"]}}],"collection":[{"href":"https:\/\/vpnly.com\/tr\/wp-json\/wp\/v2\/pages"}],"about":[{"href":"https:\/\/vpnly.com\/tr\/wp-json\/wp\/v2\/types\/page"}],"author":[{"embeddable":true,"href":"https:\/\/vpnly.com\/tr\/wp-json\/wp\/v2\/users\/1"}],"replies":[{"embeddable":true,"href":"https:\/\/vpnly.com\/tr\/wp-json\/wp\/v2\/comments?post=2829"}],"version-history":[{"count":1,"href":"https:\/\/vpnly.com\/tr\/wp-json\/wp\/v2\/pages\/2829\/revisions"}],"predecessor-version":[{"id":157018,"href":"https:\/\/vpnly.com\/tr\/wp-json\/wp\/v2\/pages\/2829\/revisions\/157018"}],"wp:attachment":[{"href":"https:\/\/vpnly.com\/tr\/wp-json\/wp\/v2\/media?parent=2829"}],"curies":[{"name":"wp","href":"https:\/\/api.w.org\/{rel}","templated":true}]}}