{"id":3024,"date":"2024-06-27T11:36:15","date_gmt":"2024-06-27T11:36:15","guid":{"rendered":"https:\/\/vpnly.com\/contact-us\/"},"modified":"2026-01-27T11:20:52","modified_gmt":"2026-01-27T11:20:52","slug":"contact-us","status":"publish","type":"page","link":"https:\/\/vpnly.com\/tr\/contact-us\/","title":{"rendered":"Contacts"},"content":{"rendered":"<section class=\"hero-two-columns alignfull wp-block-vpnly-hero-two-columns\">\n\t<div class=\"container\">\n\t\t<div class=\"hero-two-columns__box\">\n\t\t\t\n\n<div class=\"wp-block-group hero-two-columns__image is-layout-flow wp-block-group-is-layout-flow\">\n<figure class=\"wp-block-image size-large\"><img decoding=\"async\" width=\"1024\" height=\"938\" fetchpriority=\"high\" loading=\"eager\" src=\"https:\/\/vpnly.com\/wp-content\/uploads\/2025\/08\/Img-2-1-1024x938.webp\" alt=\"\" class=\"wp-image-155475 no-lazy\" srcset=\"https:\/\/vpnly.com\/wp-content\/uploads\/2025\/08\/Img-2-1-1024x938.webp 1024w, https:\/\/vpnly.com\/wp-content\/uploads\/2025\/08\/Img-2-1-300x275.webp 300w, https:\/\/vpnly.com\/wp-content\/uploads\/2025\/08\/Img-2-1-768x704.webp 768w, https:\/\/vpnly.com\/wp-content\/uploads\/2025\/08\/Img-2-1.webp 1060w\" sizes=\"(max-width: 1024px) 100vw, 1024px\" \/><\/figure>\n<\/div>\n\n\n\n<h1 class=\"wp-block-heading\"><mark style=\"background-color:rgba(0, 0, 0, 0)\" class=\"has-inline-color has-orange-color\">VPNLY ile \u0130leti\u015fime Ge\u00e7in<\/mark> \u2014 \u00dccretsiz VPN\u2019iniz<\/h1>\n\n\n\n<p>\u00c7evrimi\u00e7i d\u00fcnyada yolunuzu bulman\u0131n bazen zor olabilece\u011fini biliyoruz. Bu y\u00fczden g\u00fcler y\u00fczl\u00fc destek ekibimiz size yard\u0131mc\u0131 olmak i\u00e7in her zaman haz\u0131r!<\/p>\n\n\n\n<div class=\"wp-block-buttons is-layout-flex wp-block-buttons-is-layout-flex\">\n<div class=\"wp-block-button default wp-block-button--default\" id=\"qa-hero-section-btn\"><a class=\"wp-block-button__link wp-element-button\" href=\"mailto:support@vpnly.com\">Destek<\/a><\/div>\n<\/div>\n\n\t\t<\/div>\n\t<\/div>\n<\/section>\n\n\n\n<section class=\"section vpnly-section   background--ui-2   alignfull wp-block-vpnly-section\">\n    <div class=\"container\">\n\t\t\n\n<h2 class=\"wp-block-heading has-text-align-center\" style=\"margin-bottom:var(--wp--preset--spacing--content-4-xl-2)\">DEPARTMANLARIMIZIN \u0130LET\u0130\u015e\u0130M B\u0130LG\u0130LER\u0130N\u0130 M\u0130 ARIYORSUNUZ?<\/h2>\n\n\n\n<section class=\"icon-card__wrapper columns--3 alignfull wp-block-vpnly-card-list\">\n    \n\n<div class=\"icon-card__item icon-card-item background--ui-3 wp-block-vpnly-card-item\">\n    <div class=\"icon-card-item__title mb-30\">\n                    <div class=\"icon-card-item__img\">\n                <img decoding=\"async\" src=\"https:\/\/vpnly.com\/wp-content\/uploads\/2024\/10\/servers-customers-dns-leak-1.svg\" alt=\"\" aria-hidden=\"true\" role=\"presentation\" width=\"34\" height=\"35\" \/>            <\/div>\n                <h3 class=\"title-h4\">S\u0131k\u00e7a sorulan sorular<\/h3>    <\/div>\n    <div class=\"icon-card-item__content\">VPN ile ilgili s\u0131kl\u0131kla sorulan konular hakk\u0131nda konu\u015fmak m\u0131 istiyorsunzu? L\u00fctfen \u015fu adrese e-posta g\u00f6nderin: support@vpnly.com <\/div><\/div>\n\n\n<div class=\"icon-card__item icon-card-item background--ui-3 wp-block-vpnly-card-item\">\n    <div class=\"icon-card-item__title mb-30\">\n                    <div class=\"icon-card-item__img\">\n                <img decoding=\"async\" src=\"https:\/\/vpnly.com\/wp-content\/uploads\/2024\/06\/download-cards-icon-3.svg\" alt=\"\" aria-hidden=\"true\" role=\"presentation\" width=\"34\" height=\"35\" \/>            <\/div>\n                <h3 class=\"title-h4\">\u015eikayetler ve \u00d6neriler<\/h3>    <\/div>\n    <div class=\"icon-card-item__content\">Hizmetimizle ilgili yap\u0131c\u0131 \u015fikayet ve \u00f6nerilerinizi memnuniyetle kar\u015f\u0131l\u0131yoruz. Bize \u015fu adresten ula\u015fabilirsiniz: support@vpnly.com<\/div><\/div>\n\n\n<div class=\"icon-card__item icon-card-item background--ui-3 wp-block-vpnly-card-item\">\n    <div class=\"icon-card-item__title mb-30\">\n                    <div class=\"icon-card-item__img\">\n                <img decoding=\"async\" src=\"https:\/\/vpnly.com\/wp-content\/uploads\/2024\/10\/servers-customers-dns-leak-1.svg\" alt=\"\" aria-hidden=\"true\" role=\"presentation\" width=\"34\" height=\"35\" \/>            <\/div>\n                <h3 class=\"title-h4\">Bas\u0131n<\/h3>    <\/div>\n    <div class=\"icon-card-item__content\">Reklam veya i\u00e7erik \u00fcretimiyle ilgili talepleriniz i\u00e7in l\u00fctfen \u015fu adrese e-posta g\u00f6nderin: support@vpnly.com<\/div><\/div>\n<\/section>\n\n    <\/div>\n<\/section>\n\n\n\n<section class=\"section vpnly-section   background--ui-10   alignfull wp-block-vpnly-section\">\n    <div class=\"container\">\n\t\t\n\n<div class=\"looking-for alignfull wp-block-vpnly-looking-for\">\n  <div class=\"looking-for__box\">\n    <div class=\"looking-for__content\">\n      <h2 class=\"section-title\">Ba\u015fka bir \u015fey <mark style=\"background-color:rgba(0, 0, 0, 0)\" class=\"has-inline-color has-orange-color\">mi ar\u0131yorsunuz<\/mark>?<\/h2><div class=\"section-description\"><p>Sitemizde arad\u0131\u011f\u0131n\u0131z\u0131 bulmakta zorlan\u0131yorsan\u0131z, bizimle ileti\u015fime ge\u00e7mekten \u00e7ekinmeyin!<\/p><\/div>    <\/div>\n\t<div class=\"looking-for__wrapper\">\n\t\t<div class=\"looking-for__row\">\n\t\t\t\n\n<div class=\"looking-for__column wp-block-vpnly-looking-for-card\">\n    <div class=\"looking-for__item looking-for-item\">\n        <h4 class=\"looking-for-item__title\">Sunucular<\/h4>\n        <p class=\"looking-for-item__content\">G\u00fcvenli \u00dccretsiz VPN Sunucular\u0131<\/p>\n        <a class=\"looking-for-item__link link\" href=\"\/tr\/free-servers\/\">DAHA FAZLA B\u0130LG\u0130 ED\u0130N<\/a>    <\/div>\n<\/div>\n\t\t<\/div>\n\t<\/div>\n  <\/div>\n<\/div>\n\n    <\/div>\n<\/section>\n","protected":false},"excerpt":{"rendered":"","protected":false},"author":1,"featured_media":0,"parent":0,"menu_order":0,"comment_status":"closed","ping_status":"closed","template":"","meta":{"_acf_changed":false,"footnotes":""},"class_list":["post-3024","page","type-page","status-publish","hentry"],"acf":[],"yoast_head":"<!-- This site is optimized with the Yoast SEO plugin v24.6 - https:\/\/yoast.com\/wordpress\/plugins\/seo\/ -->\n<meta name=\"description\" content=\"VPNLY ile ileti\u015fime ge\u00e7in: detayl\u0131 \u015firket ileti\u015fim bilgileri\" \/>\n<meta name=\"robots\" content=\"index, follow, max-snippet:-1, max-image-preview:large, max-video-preview:-1\" \/>\n<link rel=\"canonical\" href=\"https:\/\/vpnly.com\/tr\/contact-us\/\" \/>\n<meta property=\"og:locale\" content=\"tr_TR\" \/>\n<meta property=\"og:type\" content=\"article\" \/>\n<meta property=\"og:title\" content=\"\u0130leti\u015fim | VPNLY\" \/>\n<meta property=\"og:description\" content=\"VPNLY ile ileti\u015fime ge\u00e7in: detayl\u0131 \u015firket ileti\u015fim bilgileri\" \/>\n<meta property=\"og:url\" content=\"https:\/\/vpnly.com\/tr\/contact-us\/\" \/>\n<meta property=\"og:site_name\" content=\"VPNLY\" \/>\n<meta property=\"article:modified_time\" content=\"2026-01-27T11:20:52+00:00\" \/>\n<meta property=\"og:image\" content=\"https:\/\/vpnly.com\/wp-content\/uploads\/2025\/08\/Img-2-1.webp\" \/>\n\t<meta property=\"og:image:width\" content=\"1060\" \/>\n\t<meta property=\"og:image:height\" content=\"971\" \/>\n\t<meta property=\"og:image:type\" content=\"image\/webp\" \/>\n<meta name=\"twitter:card\" content=\"summary_large_image\" \/>\n<meta name=\"twitter:label1\" content=\"Est. reading time\" \/>\n\t<meta name=\"twitter:data1\" content=\"1 dakika\" \/>\n<script type=\"application\/ld+json\" class=\"yoast-schema-graph\">{\"@context\":\"https:\/\/schema.org\",\"@graph\":[{\"@type\":\"WebPage\",\"@id\":\"https:\/\/vpnly.com\/tr\/contact-us\/\",\"url\":\"https:\/\/vpnly.com\/tr\/contact-us\/\",\"name\":\"\u0130leti\u015fim | VPNLY\",\"isPartOf\":{\"@id\":\"https:\/\/vpnly.com\/tr\/#website\"},\"primaryImageOfPage\":{\"@id\":\"https:\/\/vpnly.com\/tr\/contact-us\/#primaryimage\"},\"image\":{\"@id\":\"https:\/\/vpnly.com\/tr\/contact-us\/#primaryimage\"},\"thumbnailUrl\":\"https:\/\/vpnly.com\/wp-content\/uploads\/2025\/08\/Img-2-1-1024x938.webp\",\"datePublished\":\"2024-06-27T11:36:15+00:00\",\"dateModified\":\"2026-01-27T11:20:52+00:00\",\"description\":\"VPNLY ile ileti\u015fime ge\u00e7in: detayl\u0131 \u015firket ileti\u015fim bilgileri\",\"inLanguage\":\"tr\",\"potentialAction\":[{\"@type\":\"ReadAction\",\"target\":[\"https:\/\/vpnly.com\/tr\/contact-us\/\"]}]},{\"@type\":\"ImageObject\",\"inLanguage\":\"tr\",\"@id\":\"https:\/\/vpnly.com\/tr\/contact-us\/#primaryimage\",\"url\":\"https:\/\/vpnly.com\/wp-content\/uploads\/2025\/08\/Img-2-1-1024x938.webp\",\"contentUrl\":\"https:\/\/vpnly.com\/wp-content\/uploads\/2025\/08\/Img-2-1-1024x938.webp\"},{\"@type\":\"WebSite\",\"@id\":\"https:\/\/vpnly.com\/tr\/#website\",\"url\":\"https:\/\/vpnly.com\/tr\/\",\"name\":\"VPNLY \u2b50\ufe0f Free VPN\",\"description\":\"\",\"publisher\":{\"@id\":\"https:\/\/vpnly.com\/tr\/#organization\"},\"alternateName\":\"VPNly\",\"potentialAction\":[{\"@type\":\"SearchAction\",\"target\":{\"@type\":\"EntryPoint\",\"urlTemplate\":\"https:\/\/vpnly.com\/tr\/?s={search_term_string}\"},\"query-input\":{\"@type\":\"PropertyValueSpecification\",\"valueRequired\":true,\"valueName\":\"search_term_string\"}}],\"inLanguage\":\"tr\"},{\"@type\":\"Organization\",\"@id\":\"https:\/\/vpnly.com\/tr\/#organization\",\"name\":\"VPNLY \u2b50\ufe0f Free VPN\",\"alternateName\":\"VPNLY\",\"url\":\"https:\/\/vpnly.com\/tr\/\",\"logo\":{\"@type\":\"ImageObject\",\"inLanguage\":\"tr\",\"@id\":\"https:\/\/vpnly.com\/tr\/#\/schema\/logo\/image\/\",\"url\":\"https:\/\/vpnly.com\/wp-content\/uploads\/2025\/08\/about-us-img-2.svg\",\"contentUrl\":\"https:\/\/vpnly.com\/wp-content\/uploads\/2025\/08\/about-us-img-2.svg\",\"width\":530,\"height\":530,\"caption\":\"VPNLY \u2b50\ufe0f Free VPN\"},\"image\":{\"@id\":\"https:\/\/vpnly.com\/tr\/#\/schema\/logo\/image\/\"}},{\"@context\":\"https:\/\/schema.org\/\",\"@type\":\"SoftwareApplication\",\"name\":\"VPNLY\",\"operatingSystem\":\"Windows, macOS, iOS, Android, Linux, Chrome\",\"applicationCategory\":\"SecurityApplication\",\"aggregateRating\":{\"@type\":\"AggregateRating\",\"ratingValue\":\"4.8\",\"bestRating\":\"5\",\"ratingCount\":\"25\"},\"offers\":{\"@type\":\"AggregateOffer\",\"priceCurrency\":\"USD\",\"price\":\"0\",\"lowPrice\":\"0\",\"availability\":\"https:\/\/schema.org\/InStock\"}}]}<\/script>\n<!-- \/ Yoast SEO plugin. -->","yoast_head_json":{"description":"VPNLY ile ileti\u015fime ge\u00e7in: detayl\u0131 \u015firket ileti\u015fim bilgileri","robots":{"index":"index","follow":"follow","max-snippet":"max-snippet:-1","max-image-preview":"max-image-preview:large","max-video-preview":"max-video-preview:-1"},"canonical":"https:\/\/vpnly.com\/tr\/contact-us\/","og_locale":"tr_TR","og_type":"article","og_title":"\u0130leti\u015fim | VPNLY","og_description":"VPNLY ile ileti\u015fime ge\u00e7in: detayl\u0131 \u015firket ileti\u015fim bilgileri","og_url":"https:\/\/vpnly.com\/tr\/contact-us\/","og_site_name":"VPNLY","article_modified_time":"2026-01-27T11:20:52+00:00","og_image":[{"width":1060,"height":971,"url":"https:\/\/vpnly.com\/wp-content\/uploads\/2025\/08\/Img-2-1.webp","type":"image\/webp"}],"twitter_card":"summary_large_image","twitter_misc":{"Est. reading time":"1 dakika"},"schema":{"@context":"https:\/\/schema.org","@graph":[{"@type":"WebPage","@id":"https:\/\/vpnly.com\/tr\/contact-us\/","url":"https:\/\/vpnly.com\/tr\/contact-us\/","name":"\u0130leti\u015fim | VPNLY","isPartOf":{"@id":"https:\/\/vpnly.com\/tr\/#website"},"primaryImageOfPage":{"@id":"https:\/\/vpnly.com\/tr\/contact-us\/#primaryimage"},"image":{"@id":"https:\/\/vpnly.com\/tr\/contact-us\/#primaryimage"},"thumbnailUrl":"https:\/\/vpnly.com\/wp-content\/uploads\/2025\/08\/Img-2-1-1024x938.webp","datePublished":"2024-06-27T11:36:15+00:00","dateModified":"2026-01-27T11:20:52+00:00","description":"VPNLY ile ileti\u015fime ge\u00e7in: detayl\u0131 \u015firket ileti\u015fim bilgileri","inLanguage":"tr","potentialAction":[{"@type":"ReadAction","target":["https:\/\/vpnly.com\/tr\/contact-us\/"]}]},{"@type":"ImageObject","inLanguage":"tr","@id":"https:\/\/vpnly.com\/tr\/contact-us\/#primaryimage","url":"https:\/\/vpnly.com\/wp-content\/uploads\/2025\/08\/Img-2-1-1024x938.webp","contentUrl":"https:\/\/vpnly.com\/wp-content\/uploads\/2025\/08\/Img-2-1-1024x938.webp"},{"@type":"WebSite","@id":"https:\/\/vpnly.com\/tr\/#website","url":"https:\/\/vpnly.com\/tr\/","name":"VPNLY \u2b50\ufe0f Free VPN","description":"","publisher":{"@id":"https:\/\/vpnly.com\/tr\/#organization"},"alternateName":"VPNly","potentialAction":[{"@type":"SearchAction","target":{"@type":"EntryPoint","urlTemplate":"https:\/\/vpnly.com\/tr\/?s={search_term_string}"},"query-input":{"@type":"PropertyValueSpecification","valueRequired":true,"valueName":"search_term_string"}}],"inLanguage":"tr"},{"@type":"Organization","@id":"https:\/\/vpnly.com\/tr\/#organization","name":"VPNLY \u2b50\ufe0f Free VPN","alternateName":"VPNLY","url":"https:\/\/vpnly.com\/tr\/","logo":{"@type":"ImageObject","inLanguage":"tr","@id":"https:\/\/vpnly.com\/tr\/#\/schema\/logo\/image\/","url":"https:\/\/vpnly.com\/wp-content\/uploads\/2025\/08\/about-us-img-2.svg","contentUrl":"https:\/\/vpnly.com\/wp-content\/uploads\/2025\/08\/about-us-img-2.svg","width":530,"height":530,"caption":"VPNLY \u2b50\ufe0f Free VPN"},"image":{"@id":"https:\/\/vpnly.com\/tr\/#\/schema\/logo\/image\/"}},{"@context":"https:\/\/schema.org\/","@type":"SoftwareApplication","name":"VPNLY","operatingSystem":"Windows, macOS, iOS, Android, Linux, Chrome","applicationCategory":"SecurityApplication","aggregateRating":{"@type":"AggregateRating","ratingValue":"4.8","bestRating":"5","ratingCount":"25"},"offers":{"@type":"AggregateOffer","priceCurrency":"USD","price":"0","lowPrice":"0","availability":"https:\/\/schema.org\/InStock"}}]}},"_links":{"self":[{"href":"https:\/\/vpnly.com\/tr\/wp-json\/wp\/v2\/pages\/3024","targetHints":{"allow":["GET"]}}],"collection":[{"href":"https:\/\/vpnly.com\/tr\/wp-json\/wp\/v2\/pages"}],"about":[{"href":"https:\/\/vpnly.com\/tr\/wp-json\/wp\/v2\/types\/page"}],"author":[{"embeddable":true,"href":"https:\/\/vpnly.com\/tr\/wp-json\/wp\/v2\/users\/1"}],"replies":[{"embeddable":true,"href":"https:\/\/vpnly.com\/tr\/wp-json\/wp\/v2\/comments?post=3024"}],"version-history":[{"count":5,"href":"https:\/\/vpnly.com\/tr\/wp-json\/wp\/v2\/pages\/3024\/revisions"}],"predecessor-version":[{"id":160513,"href":"https:\/\/vpnly.com\/tr\/wp-json\/wp\/v2\/pages\/3024\/revisions\/160513"}],"wp:attachment":[{"href":"https:\/\/vpnly.com\/tr\/wp-json\/wp\/v2\/media?parent=3024"}],"curies":[{"name":"wp","href":"https:\/\/api.w.org\/{rel}","templated":true}]}}